{"id":2059,"date":"2025-05-13T12:51:03","date_gmt":"2025-05-13T12:51:03","guid":{"rendered":"https:\/\/myhappyhome.site\/?post_type=product&#038;p=2059"},"modified":"2026-02-01T13:42:15","modified_gmt":"2026-02-01T13:42:15","slug":"support-electromenager-roulant-multidirection","status":"publish","type":"product","link":"https:\/\/myhappyhome.site\/en\/boutique\/accessoires\/support-electromenager-roulant-multidirection\/","title":{"rendered":"Support \u00e9lectrom\u00e9nager roulant &#8211; multidirection"},"content":{"rendered":"<h3 style=\"text-align: center; font-size: 125%;\">Caract\u00e9ristiques du support \u00e9lectrom\u00e9nager multidirectionnel :<\/h3>\n<p style=\"text-align: justify; text-indent: 50px;\">Vous pouvez mettre et d\u00e9placer sans effort divers articles tels que les climatiseurs de r\u00e9frig\u00e9rateur et les machines \u00e0 laver dans votre maison pour les utiliser.<\/p>\n<p style=\"text-align: justify; text-indent: 50px;\">\u3010Universels \u3011 le rouleau mobile est appliqu\u00e9 au bas de l&#8217;appareil (machine \u00e0 laver portable, lave-linge et s\u00e8che-linge, r\u00e9frig\u00e9rateur ou mini r\u00e9frig\u00e9rateur). Soulevez l&#8217;appareil \u00e0 5.2 pouces (environ 13.2 cm) du sol. Une humidit\u00e9 plus faible prolonge la dur\u00e9e de vie de votre lave-linge et de votre s\u00e8che-linge.<\/p>\n<p style=\"text-align: justify; text-indent: 50px;\">\u3010Multi-fonction\u3011 ce rouleau d&#8217;appareil peut \u00e9galement d\u00e9placer facilement des meubles ou des appareils, tout comme une poup\u00e9e roulante. 4 roulettes pivotantes doubles avec serrure. Une fois que votre machine \u00e0 laver est dans la bonne position, vous pouvez verrouiller la machine \u00e0 laver.<\/p>\n<p style=\"text-align: justify; text-indent: 50px;\">\u3010R\u00e9duction du bruit et la base du rouleau est \u00e9quip\u00e9e d&#8217;un coussin en caoutchouc noir antichoc, qui peut r\u00e9duire le mouvement de glissement, stabiliser la rondelle et r\u00e9duire le bruit.<\/p>","protected":false},"excerpt":{"rendered":"<ul style=\"font-size: 135%;\">\n<li>Brand:<\/li>\n<li>Model: <strong>multidirectionnel<\/strong><\/li>\n<li>Contenu: <strong>1<\/strong>\u00a0dans le paquet<\/li>\n<li>Material: <strong>plastique et m\u00e9tal<\/strong><\/li>\n<li>Dimensions r\u00e9glables: Longueur=Largeur= <strong>59 \u00e0 78<\/strong> cm; Hauteur= <strong>10 \u00e0 14<\/strong> cm<\/li>\n<li>Capacity: <strong>300<\/strong> kg<\/li>\n<li>Appropri\u00e9 pour: <strong>r\u00e9frig\u00e9rateur, lave-linge, s\u00e8che-linge\u00a0<\/strong><\/li>\n<\/ul>","protected":false},"featured_media":2061,"comment_status":"open","ping_status":"closed","template":"","meta":[],"product_brand":[],"product_cat":[29],"product_tag":[],"class_list":{"0":"post-2059","1":"product","2":"type-product","3":"status-publish","4":"has-post-thumbnail","6":"product_cat-accessoires","8":"first","9":"instock","10":"shipping-taxable","11":"purchasable","12":"product-type-simple"},"jetpack_sharing_enabled":true,"_links":{"self":[{"href":"https:\/\/myhappyhome.site\/en\/wp-json\/wp\/v2\/product\/2059","targetHints":{"allow":["GET"]}}],"collection":[{"href":"https:\/\/myhappyhome.site\/en\/wp-json\/wp\/v2\/product"}],"about":[{"href":"https:\/\/myhappyhome.site\/en\/wp-json\/wp\/v2\/types\/product"}],"replies":[{"embeddable":true,"href":"https:\/\/myhappyhome.site\/en\/wp-json\/wp\/v2\/comments?post=2059"}],"wp:featuredmedia":[{"embeddable":true,"href":"https:\/\/myhappyhome.site\/en\/wp-json\/wp\/v2\/media\/2061"}],"wp:attachment":[{"href":"https:\/\/myhappyhome.site\/en\/wp-json\/wp\/v2\/media?parent=2059"}],"wp:term":[{"taxonomy":"product_brand","embeddable":true,"href":"https:\/\/myhappyhome.site\/en\/wp-json\/wp\/v2\/product_brand?post=2059"},{"taxonomy":"product_cat","embeddable":true,"href":"https:\/\/myhappyhome.site\/en\/wp-json\/wp\/v2\/product_cat?post=2059"},{"taxonomy":"product_tag","embeddable":true,"href":"https:\/\/myhappyhome.site\/en\/wp-json\/wp\/v2\/product_tag?post=2059"}],"curies":[{"name":"wp","href":"https:\/\/api.w.org\/{rel}","templated":true}]}}