{"id":2092,"date":"2025-05-23T10:37:18","date_gmt":"2025-05-23T10:37:18","guid":{"rendered":"https:\/\/myhappyhome.site\/?post_type=product&#038;p=2092"},"modified":"2025-09-27T18:06:16","modified_gmt":"2025-09-27T18:06:16","slug":"tire-bouchon-decapsuleur","status":"publish","type":"product","link":"https:\/\/myhappyhome.site\/en\/boutique\/accessoires\/tire-bouchon-decapsuleur\/","title":{"rendered":"Tire bouchon d\u00e9capsuleur"},"content":{"rendered":"<h3 style=\"text-align: center; font-size: 120%;\">\u00a0PRODUCT DESCRIPTION<\/h3>\n<p style=\"text-align: justify;\">Poign\u00e9e incurv\u00e9e ergonomique pour une prise en main et une utilisation faciles<br \/>\nPRATIQUEMENT COMPACT &#8211; La taille compacte de l&#8217;ouvre-bouteille le rend facile \u00e0 ranger dans n&#8217;importe quel tiroir de cuisine et sa conception \u00e9limine le besoin d&#8217;outils suppl\u00e9mentaires.<br \/>\nFACILE \u00c0 UTILISER : notre tire-bouchon est en acier au carbone et comporte une double charni\u00e8re pour une meilleure utilisation afin de minimiser la force requise, et une poign\u00e9e profil\u00e9e pour une pr\u00e9hension et une ouverture faciles des bouteilles<br \/>\nIl ouvre facilement les bouteilles de bi\u00e8re et le vin pour votre maison et vos applications de f\u00eate.<br \/>\nVous pouvez offrir cet ouvre-bouteille de vin pratique comme un joli cadeau \u00e0 vos amis, coll\u00e8gues ou autres, ce qui peut bien am\u00e9liorer votre relation \u00e9troite avec eux.<\/p>","protected":false},"excerpt":{"rendered":"<ul style=\"font-size: 135%;\">\n<li>Usage: sert \u00e0 <strong>tirer des bouchons<\/strong> de bouteille de vin, et \u00e0 <strong>d\u00e9capsuler<\/strong> des bouteilles de bi\u00e8re et de boissons gazeuses<\/li>\n<li>Mod\u00e8le :<\/li>\n<li>Mati\u00e8re: <strong>acier inoxydable<\/strong><\/li>\n<li>Appropri\u00e9 pour d\u00e9capsuler des bouteilles de bi\u00e8re et boissons gazeuses.<\/li>\n<li>Taille: <strong>\u00d7<\/strong>\u00a0cm<\/li>\n<li>Poids: <strong>35<\/strong> gr<\/li>\n<li>Couleur: <strong>noir+argent<\/strong><\/li>\n<\/ul>","protected":false},"featured_media":2094,"comment_status":"open","ping_status":"closed","template":"","meta":[],"product_brand":[],"product_cat":[29],"product_tag":[],"class_list":{"0":"post-2092","1":"product","2":"type-product","3":"status-publish","4":"has-post-thumbnail","6":"product_cat-accessoires","8":"first","9":"instock","10":"shipping-taxable","11":"purchasable","12":"product-type-simple"},"jetpack_sharing_enabled":true,"_links":{"self":[{"href":"https:\/\/myhappyhome.site\/en\/wp-json\/wp\/v2\/product\/2092","targetHints":{"allow":["GET"]}}],"collection":[{"href":"https:\/\/myhappyhome.site\/en\/wp-json\/wp\/v2\/product"}],"about":[{"href":"https:\/\/myhappyhome.site\/en\/wp-json\/wp\/v2\/types\/product"}],"replies":[{"embeddable":true,"href":"https:\/\/myhappyhome.site\/en\/wp-json\/wp\/v2\/comments?post=2092"}],"wp:featuredmedia":[{"embeddable":true,"href":"https:\/\/myhappyhome.site\/en\/wp-json\/wp\/v2\/media\/2094"}],"wp:attachment":[{"href":"https:\/\/myhappyhome.site\/en\/wp-json\/wp\/v2\/media?parent=2092"}],"wp:term":[{"taxonomy":"product_brand","embeddable":true,"href":"https:\/\/myhappyhome.site\/en\/wp-json\/wp\/v2\/product_brand?post=2092"},{"taxonomy":"product_cat","embeddable":true,"href":"https:\/\/myhappyhome.site\/en\/wp-json\/wp\/v2\/product_cat?post=2092"},{"taxonomy":"product_tag","embeddable":true,"href":"https:\/\/myhappyhome.site\/en\/wp-json\/wp\/v2\/product_tag?post=2092"}],"curies":[{"name":"wp","href":"https:\/\/api.w.org\/{rel}","templated":true}]}}