{"id":2093,"date":"2025-05-23T10:45:46","date_gmt":"2025-05-23T10:45:46","guid":{"rendered":"https:\/\/myhappyhome.site\/?post_type=product&#038;p=2093"},"modified":"2025-08-27T10:48:52","modified_gmt":"2025-08-27T10:48:52","slug":"ciseaux-de-cuisine-multifonction-seiko","status":"publish","type":"product","link":"https:\/\/myhappyhome.site\/en\/boutique\/a-venir\/ciseaux-de-cuisine-multifonction-seiko\/","title":{"rendered":"Ciseaux de cuisine multifonction"},"content":{"rendered":"<h3 style=\"font-size: 120%; text-align: center;\">PRODUCT DESCRIPTION<\/h3>\n<p style=\"text-align: justify; font-size: 90%;\">1. <strong>MAT\u00c9RIAU DE HAUTE QUALIT\u00c9<\/strong>: Fabriqu\u00e9 en acier inoxydable de haute qualit\u00e9, facile \u00e0 utiliser, facile \u00e0 nettoyer, longue dur\u00e9e de vie.<br \/>\n2. <strong>CONCEPTION MODERNE<\/strong>: Conception de poign\u00e9e confortable et flexible, adapt\u00e9e \u00e0 une utilisation \u00e0 gauche ou \u00e0 droite. La vis peut \u00eatre ajust\u00e9e pour une utilisation facile dans diff\u00e9rents sc\u00e9narios.<br \/>\n3. <strong>UTILISATION POLYVALENTE<\/strong>: Nos ciseaux de cuisine fonctionnent parfaitement dans toutes les principales t\u00e2ches de cuisine, telles que couper la volaille, la viande, le poulet, les os de volaille, les l\u00e9gumes, le poisson, les herbes, la pizza et plus encore. Convient pour la cuisine, l&#8217;artisanat, le jardinage et plus encore.<br \/>\n4. Rangement pratique : l&#8217;extr\u00e9mit\u00e9 des ciseaux a un endroit pour accrocher<\/p>\n<p style=\"text-align: justify; font-size: 90%;\"><strong>CONSEIL<\/strong>\u00a0:<br \/>\n1. Soyez prudent avec les lames lorsque vous utilisez des ciseaux. Ne convient pas aux enfants. Essuyez soigneusement avant de ranger.<br \/>\n2. Ces ciseaux peuvent \u00eatre utilis\u00e9s pour n&#8217;importe quoi. Il peut couper des volailles et des os de poisson.<br \/>\n3. Il peut \u00eatre utilis\u00e9 dans le jardin pour des utilisations illimit\u00e9es.<br \/>\n4. Il est parfait pour les projets de cuisine, d&#8217;art ou d&#8217;artisanat, ainsi que pour les petites et grandes t\u00e2ches dans la maison.<\/p>","protected":false},"excerpt":{"rendered":"<ul style=\"font-size: 135%;\">\n<li>Brand: <strong>SEIKO<\/strong><\/li>\n<li>Usage: sert \u00e0 <strong>couper<\/strong> tout <strong>l\u00e9gumes<\/strong>, <strong>chair<\/strong> et <strong>os<\/strong> de <strong>poulet<\/strong> et <strong>poisson; \u00e9cailler<\/strong> le poisson;\u00a0 <strong>d\u00e9capsuler<\/strong> bi\u00e8re et boissons gazeuses,<\/li>\n<li>Mati\u00e8re: <strong>acier inoxydable <\/strong>et<strong> aluminium\u00a0<\/strong><\/li>\n<li>Taille: <strong>23.5\u00d75\u00d71.5<\/strong>\u00a0cm<\/li>\n<li>Poids: <strong>237<\/strong> gr<\/li>\n<li>Couleur: <strong>argent<\/strong><\/li>\n<\/ul>","protected":false},"featured_media":2099,"comment_status":"open","ping_status":"closed","template":"","meta":[],"product_brand":[],"product_cat":[33],"product_tag":[],"class_list":{"0":"post-2093","1":"product","2":"type-product","3":"status-publish","4":"has-post-thumbnail","6":"product_cat-a-venir","8":"first","9":"instock","10":"shipping-taxable","11":"product-type-simple"},"jetpack_sharing_enabled":true,"_links":{"self":[{"href":"https:\/\/myhappyhome.site\/en\/wp-json\/wp\/v2\/product\/2093","targetHints":{"allow":["GET"]}}],"collection":[{"href":"https:\/\/myhappyhome.site\/en\/wp-json\/wp\/v2\/product"}],"about":[{"href":"https:\/\/myhappyhome.site\/en\/wp-json\/wp\/v2\/types\/product"}],"replies":[{"embeddable":true,"href":"https:\/\/myhappyhome.site\/en\/wp-json\/wp\/v2\/comments?post=2093"}],"wp:featuredmedia":[{"embeddable":true,"href":"https:\/\/myhappyhome.site\/en\/wp-json\/wp\/v2\/media\/2099"}],"wp:attachment":[{"href":"https:\/\/myhappyhome.site\/en\/wp-json\/wp\/v2\/media?parent=2093"}],"wp:term":[{"taxonomy":"product_brand","embeddable":true,"href":"https:\/\/myhappyhome.site\/en\/wp-json\/wp\/v2\/product_brand?post=2093"},{"taxonomy":"product_cat","embeddable":true,"href":"https:\/\/myhappyhome.site\/en\/wp-json\/wp\/v2\/product_cat?post=2093"},{"taxonomy":"product_tag","embeddable":true,"href":"https:\/\/myhappyhome.site\/en\/wp-json\/wp\/v2\/product_tag?post=2093"}],"curies":[{"name":"wp","href":"https:\/\/api.w.org\/{rel}","templated":true}]}}