{"id":2108,"date":"2025-05-26T10:39:43","date_gmt":"2025-05-26T10:39:43","guid":{"rendered":"https:\/\/myhappyhome.site\/?post_type=product&#038;p=2108"},"modified":"2025-08-20T19:48:31","modified_gmt":"2025-08-20T19:48:31","slug":"decapsuleur-automatique-a-pression","status":"publish","type":"product","link":"https:\/\/myhappyhome.site\/en\/boutique\/accessoires\/decapsuleur-automatique-a-pression\/","title":{"rendered":"D\u00e9capsuleur automatique \u00e0 pression"},"content":{"rendered":"<h3 style=\"text-align: center; font-size: 120%;\">\u00a0PRODUCT DESCRIPTION<\/h3>\n<p style=\"text-align: justify; font-size: 90%;\"><strong>Conception innovante et pratique<\/strong><br \/>\nL&#8217;ouvre-bouteille automatique en acier inoxydable est l&#8217;accessoire de bar ultime pour les amateurs de bi\u00e8re et d&#8217;autres boissons. Avec sa fonction magn\u00e9tique, il offre une ouverture rapide et sans effort, permettant aux utilisateurs de d\u00e9guster leur boisson pr\u00e9f\u00e9r\u00e9e dans le plus bref d\u00e9lai. Son design r\u00e9tro et son style magn\u00e9tique ajoutent une touche d&#8217;originalit\u00e9 \u00e0 votre collection d&#8217;accessoires de cuisine ou de bar.<\/p>\n<p style=\"text-align: justify; font-size: 90%;\"><strong>Polyvalence et facilit\u00e9 d&#8217;utilisation<\/strong><br \/>\nCe magnifique ouvre-bouteille est con\u00e7u pour ouvrir une vari\u00e9t\u00e9 de bouchons, y compris ceux des bouteilles de bi\u00e8re, de vin et de sodas. Sa conception permet une utilisation avec une seule main, ce qui est particuli\u00e8rement pratique lors des f\u00eates ou lorsqu&#8217;une main est occup\u00e9e. Son fonctionnement automatique et sa facilit\u00e9 d&#8217;utilisation font un accessoire indispensable pour tout amateur de boissons.<\/p>\n<p style=\"text-align: justify; font-size: 90%;\"><strong>\u00c9l\u00e9gance et fonctionnalit\u00e9<\/strong><br \/>\nL&#8217;ouvre-bouteille de bi\u00e8re automatique est non seulement un outil pratique, mais aussi un \u00e9l\u00e9ment d\u00e9coratif qui apporte une touche d&#8217;\u00e9l\u00e9gance \u00e0 votre cuisine ou bar. L&#8217;acier inoxydable de qualit\u00e9 sup\u00e9rieure assure une durabilit\u00e9 et une r\u00e9sistance \u00e0 la corrosion, tandis que la conception magn\u00e9tique garantit une ouverture sans faille. Cet accessoire est id\u00e9al pour les hommes et les femmes qui recherchent \u00e0 combiner style et fonctionnalit\u00e9 dans leur quotidien.<\/p>","protected":false},"excerpt":{"rendered":"<ul style=\"font-size: 135%;\">\n<li>Usage: <strong>d\u00e9capsuler<\/strong> des bouteilles de bi\u00e8re et de boissons gazeuses<\/li>\n<li>Mod\u00e8le :<\/li>\n<li>Material: <strong>acier inoxydable<\/strong><\/li>\n<li>Appropri\u00e9 pour d\u00e9capsuler des bouteilles de bi\u00e8re et boissons gazeuses.<\/li>\n<li>Taille: <strong>8.7\u00d75.3<\/strong>\u00a0cm<\/li>\n<li>Poids: <strong>125<\/strong> gr<\/li>\n<li>Couleur: <strong>argent<\/strong>, <strong>rouge<\/strong>, <strong>bleu<\/strong>, <strong>vert<\/strong>, <strong>jaune<\/strong> ..<\/li>\n<\/ul>","protected":false},"featured_media":2109,"comment_status":"open","ping_status":"closed","template":"","meta":[],"product_brand":[],"product_cat":[29],"product_tag":[],"class_list":{"0":"post-2108","1":"product","2":"type-product","3":"status-publish","4":"has-post-thumbnail","6":"product_cat-accessoires","8":"first","9":"instock","10":"shipping-taxable","11":"purchasable","12":"product-type-simple"},"jetpack_sharing_enabled":true,"_links":{"self":[{"href":"https:\/\/myhappyhome.site\/en\/wp-json\/wp\/v2\/product\/2108","targetHints":{"allow":["GET"]}}],"collection":[{"href":"https:\/\/myhappyhome.site\/en\/wp-json\/wp\/v2\/product"}],"about":[{"href":"https:\/\/myhappyhome.site\/en\/wp-json\/wp\/v2\/types\/product"}],"replies":[{"embeddable":true,"href":"https:\/\/myhappyhome.site\/en\/wp-json\/wp\/v2\/comments?post=2108"}],"wp:featuredmedia":[{"embeddable":true,"href":"https:\/\/myhappyhome.site\/en\/wp-json\/wp\/v2\/media\/2109"}],"wp:attachment":[{"href":"https:\/\/myhappyhome.site\/en\/wp-json\/wp\/v2\/media?parent=2108"}],"wp:term":[{"taxonomy":"product_brand","embeddable":true,"href":"https:\/\/myhappyhome.site\/en\/wp-json\/wp\/v2\/product_brand?post=2108"},{"taxonomy":"product_cat","embeddable":true,"href":"https:\/\/myhappyhome.site\/en\/wp-json\/wp\/v2\/product_cat?post=2108"},{"taxonomy":"product_tag","embeddable":true,"href":"https:\/\/myhappyhome.site\/en\/wp-json\/wp\/v2\/product_tag?post=2108"}],"curies":[{"name":"wp","href":"https:\/\/api.w.org\/{rel}","templated":true}]}}