{"id":2125,"date":"2025-05-30T06:59:27","date_gmt":"2025-05-30T06:59:27","guid":{"rendered":"https:\/\/myhappyhome.site\/?post_type=product&#038;p=2125"},"modified":"2025-09-03T13:02:03","modified_gmt":"2025-09-03T13:02:03","slug":"extracteur-de-jus-de-fruits-et-legumes-royalty-line-pj-19003","status":"publish","type":"product","link":"https:\/\/myhappyhome.site\/en\/boutique\/electromenager\/mixeurs-robots\/extracteur-de-jus-de-fruits-et-legumes-royalty-line-pj-19003\/","title":{"rendered":"ROYALTY LINE PJ-19003 Fruit and Vegetable Juice Extractor \u2013 1000 watts \u2013 Complies with European standards"},"content":{"rendered":"<h3 style=\"font-size: 120%; text-align: center;\">PRODUCT DESCRIPTION<\/h3>\n<p style=\"text-align: justify; font-size: 90%; text-indent: 50px;\"><strong>Pourquoi choisir l&#8217;extracteur de jus royalty line:<\/strong><br \/>\nUn rendement en jus plus \u00e9lev\u00e9 et un rendement maximal en nutriments sont la priorit\u00e9<br \/>\nL&#8217;extracteur Royalty Line peut produire le jus le plus frais et le plus pur au maximum, nourrit votre corps en nourrissant chaque cellule et aide \u00e0 d\u00e9barrasser le syst\u00e8me des d\u00e9chets.<br \/>\nNon seulement vous pouvez pr\u00e9parer toutes sortes de jus sans pr\u00e9-couper les fruits ou les l\u00e9gumes, mais vous pouvez \u00e9galement effectuer toutes les activit\u00e9s de broyage que vous souhaitez dans le m\u00e9langeur avec ses lames \u00e0 impact et ses graines et m\u00eame pulv\u00e9riser des grains de caf\u00e9 dans le petit broyeur.<\/p>\n<p style=\"text-align: justify; font-size: 90%; text-indent: 50px;\"><strong>Attention:<\/strong><br \/>\n1. Ne faites pas fonctionner l&#8217;extracteur de jus en continu pendant plus de 2 minutes.<br \/>\n2. Si vous avez besoin de plus de temps, \u00e9teignez l&#8217;appareil pour le laisser refroidir avant de continuer.<\/p>\n<p style=\"text-align: justify; font-size: 90%; text-indent: 50px;\"><strong>Conception mince en acier inoxydable:<\/strong><br \/>\nNotre presse-agrumes \u00e9lectrique \u00e9l\u00e9gant a la brillance lisse de l&#8217;acier inoxydable et les lignes \u00e9pur\u00e9es d&#8217;un design utile. Le petit espace de comptoir et la facilit\u00e9 de montage\/d\u00e9montage vous permettent d&#8217;installer et de ranger rapidement l&#8217;extracteur de jus dans moins d&#8217;espace que votre ancien extracteur de jus volumineux et co\u00fbteux. Le n\u00f4tre est une fraction de la taille et du co\u00fbt.<\/p>\n<p style=\"text-align: justify; font-size: 90%; text-indent: 50px;\"><strong>Bras de verrouillage de s\u00e9curit\u00e9:<\/strong><br \/>\nLe m\u00e9canisme de verrouillage de s\u00e9curit\u00e9 maintient le couvercle de l&#8217;extracteur de jus en place pour \u00e9viter tout contact avec la lame. Placez-le \u00e0 la verticale\/verrouill\u00e9 pour faire fonctionner l&#8217;extracteur de jus. Nous avons int\u00e9gr\u00e9 une fonction d&#8217;arr\u00eat automatique en cas de panne ou de surchauffe de l&#8217;appareil. De plus, il y a un poussoir pratique pour mettre les produits dans le tube d&#8217;alimentation sans utiliser les doigts ou les ustensiles de cuisine.<\/p>\n<p style=\"text-align: justify; font-size: 90%; text-indent: 50px;\"><strong>Filtre \u00e0 lames en acier inoxydable:<\/strong><br \/>\nLe moteur puissant avec une puissance maximale de 1000W. Enlevez la salet\u00e9 des lames rotatives en acier inoxydable pendant le nettoyage. Le disque de coupe et le filtre de la passoire sont tous en acier inoxydable 304, ce qui promet d&#8217;extraire plus de jus, de vitamines et de min\u00e9raux, tandis que l&#8217;extracteur de jus peut \u00eatre nettoy\u00e9 et assembl\u00e9 en quelques secondes.<\/p>\n<p style=\"text-align: justify; font-size: 90%; text-indent: 50px;\"><strong>Pieds antid\u00e9rapants en Silicon:<\/strong><br \/>\nNotre presse-agrumes \u00e9l\u00e9gant et moderne avec son d\u00e9bit de jus \u00e9lev\u00e9 reste fermement en place gr\u00e2ce aux pieds en silicone qui garantissent qu&#8217;il ne glisse pas sur votre comptoir. L&#8217;ensemble de l&#8217;extracteur de jus est facile \u00e0 assembler en quelques secondes pour un jus rapide quand vous le souhaitez.<\/p>\n<p style=\"text-align: justify; font-size: 90%; text-indent: 50px;\"><strong>R\u00e9cipient \u00e0 jus de grande capacit\u00e9:<\/strong><br \/>\nNotre r\u00e9cipient \u00e0 jus a une capacit\u00e9 de 1 litre. Notre presse-agrumes a une protection contre les surcharges pour \u00e9teindre l&#8217;appareil et \u00e9viter la surchauffe. Un bec verseur pratique dirige le jus directement dans le r\u00e9cipient \u00e0 jus.<\/p>\n<p style=\"text-align: justify; font-size: 90%; text-indent: 50px;\"><strong>Grand r\u00e9cipient \u00e0 pulpe:<\/strong><br \/>\nNotre r\u00e9servoir \u00e0 pulpe a une capacit\u00e9 de 2 litres. L&#8217;extracteur de pulpe est s\u00e9par\u00e9 du pot \u00e0 jus pour une utilisation rapide sans filtrer la pulpe du jus. Commencez \u00e0 faire du jus en toute simplicit\u00e9 avec l&#8217;extracteur de jus Royalty Line Ultra.<\/p>\n<p style=\"text-align: justify; font-size: 90%; text-indent: 50px;\"><b>CARACT\u00c9RISTIQUES<\/b>:<br \/>\nGrande goulotte d&#8217;alimentation<br \/>\nMontage facile<br \/>\nSyst\u00e8me de verrouillage de s\u00e9curit\u00e9<br \/>\n3 r\u00e9glages de vitesse<br \/>\nSans BPA<br \/>\nRendement maximal<br \/>\nTechnologie d&#8217;extraction \u00e0 froid<br \/>\nCouleur : acier inoxydable<br \/>\nPuissance: 1000W<br \/>\nM\u00e9langeur, Hachoir, Moulin \u00e0 caf\u00e9<br \/>\nMulti<\/p>","protected":false},"excerpt":{"rendered":"<ul style=\"font-size: 135%;\">\n<li>Brand: <strong>Royal Swiss<\/strong><\/li>\n<li>Model: <strong>PJ-19003<\/strong><\/li>\n<li>Power: <strong>1000<\/strong> watts<\/li>\n<li>Vitesse: <strong>02<\/strong><\/li>\n<li>Capacit\u00e9 r\u00e9servoir \u00e0 jus: <strong>1<\/strong> Liters<\/li>\n<li>Capacit\u00e9 Contenant \u00e0 pulpe: <strong>2<\/strong>\u00a0litres<\/li>\n<li>Dimensions: <strong>44\u00d742\u00d727<\/strong> cm<\/li>\n<li>Poids Net: <strong>7<\/strong> kg<\/li>\n<li>Couleur: <strong>gris+noir<\/strong><\/li>\n<\/ul>","protected":false},"featured_media":2246,"comment_status":"open","ping_status":"closed","template":"","meta":[],"product_brand":[],"product_cat":[21,36],"product_tag":[],"class_list":{"0":"post-2125","1":"product","2":"type-product","3":"status-publish","4":"has-post-thumbnail","6":"product_cat-electromenager","7":"product_cat-mixeurs-robots","9":"first","10":"instock","11":"shipping-taxable","12":"purchasable","13":"product-type-simple"},"jetpack_sharing_enabled":true,"_links":{"self":[{"href":"https:\/\/myhappyhome.site\/en\/wp-json\/wp\/v2\/product\/2125","targetHints":{"allow":["GET"]}}],"collection":[{"href":"https:\/\/myhappyhome.site\/en\/wp-json\/wp\/v2\/product"}],"about":[{"href":"https:\/\/myhappyhome.site\/en\/wp-json\/wp\/v2\/types\/product"}],"replies":[{"embeddable":true,"href":"https:\/\/myhappyhome.site\/en\/wp-json\/wp\/v2\/comments?post=2125"}],"wp:featuredmedia":[{"embeddable":true,"href":"https:\/\/myhappyhome.site\/en\/wp-json\/wp\/v2\/media\/2246"}],"wp:attachment":[{"href":"https:\/\/myhappyhome.site\/en\/wp-json\/wp\/v2\/media?parent=2125"}],"wp:term":[{"taxonomy":"product_brand","embeddable":true,"href":"https:\/\/myhappyhome.site\/en\/wp-json\/wp\/v2\/product_brand?post=2125"},{"taxonomy":"product_cat","embeddable":true,"href":"https:\/\/myhappyhome.site\/en\/wp-json\/wp\/v2\/product_cat?post=2125"},{"taxonomy":"product_tag","embeddable":true,"href":"https:\/\/myhappyhome.site\/en\/wp-json\/wp\/v2\/product_tag?post=2125"}],"curies":[{"name":"wp","href":"https:\/\/api.w.org\/{rel}","templated":true}]}}