{"id":2127,"date":"2025-05-30T07:09:54","date_gmt":"2025-05-30T07:09:54","guid":{"rendered":"https:\/\/myhappyhome.site\/?post_type=product&#038;p=2127"},"modified":"2025-09-22T10:01:14","modified_gmt":"2025-09-22T10:01:14","slug":"bouilloire-electrique-royal-swiss-ty-bj1525q","status":"publish","type":"product","link":"https:\/\/myhappyhome.site\/en\/boutique\/electromenager\/petit-dejeuner\/bouilloire-electrique-royal-swiss-ty-bj1525q\/","title":{"rendered":"ROYAL SWISS TY-BJ1525Q Electric Kettle \u2013 2.5 Liters \u2013 Complies with European Standards"},"content":{"rendered":"<h3 style=\"font-size: 120%; text-align: center;\">PRODUCT DESCRIPTION<\/h3>\n<p style=\"text-align: justify; text-indent: 25px;\">Pr\u00e9sentation de la\u00a0<strong>bouilloire en acier inoxydable Royal Swiss 2,5 L<\/strong>\u00a0, con\u00e7ue pour offrir \u00e0 la fois fonctionnalit\u00e9 et style avec ses caract\u00e9ristiques uniques :<\/p>\n<ul style=\"text-align: justify;\">\n<li><strong>Capacit\u00e9 de 2,5 L<\/strong>\u00a0, parfaite pour faire bouillir de grandes quantit\u00e9s d&#8217;eau pour le th\u00e9, le caf\u00e9 et plus encore.<\/li>\n<li><strong>Construction en acier inoxydable durable<\/strong>\u00a0, offrant des performances durables et une apparence \u00e9l\u00e9gante et moderne.<\/li>\n<li><strong>Accents de bande en caoutchouc<\/strong>\u00a0, enroul\u00e9s autour de la poign\u00e9e pour une prise confortable et antid\u00e9rapante et une s\u00e9curit\u00e9 accrue pendant l&#8217;utilisation.<\/li>\n<li><strong>Technologie d&#8217;\u00e9bullition rapide<\/strong>\u00a0, assurant un chauffage rapide pour vous faire gagner du temps et de l&#8217;\u00e9nergie.<\/li>\n<li><strong>Arr\u00eat automatique et protection contre l&#8217;\u00e9bullition \u00e0 sec<\/strong>\u00a0, pour une s\u00e9curit\u00e9 et une tranquillit\u00e9 d&#8217;esprit accrues.<\/li>\n<\/ul>\n<p style=\"text-align: justify; text-indent: 25px;\">La bouilloire en acier inoxydable Royal Swiss de 2,5 L allie robustesse et design soign\u00e9, notamment gr\u00e2ce \u00e0 son \u00e9lastique pour une prise en main s\u00fbre. Efficace et performante, elle apporte une touche d&#8217;\u00e9l\u00e9gance moderne \u00e0 votre cuisine. Profitez du confort et de la fiabilit\u00e9 de cet appareil \u00e9l\u00e9gant, con\u00e7u pour r\u00e9pondre \u00e0 vos besoins en mati\u00e8re d&#8217;\u00e9bullition en toute simplicit\u00e9.<\/p>","protected":false},"excerpt":{"rendered":"<ul style=\"font-size: 135%;\">\n<li>Brand: <strong>Royal Swiss<\/strong><\/li>\n<li>Model: <strong>TY-BJ1525Q<\/strong><\/li>\n<li>Appropri\u00e9 pour: bouillir de l&#8217;eau et th\u00e9&#8230;<\/li>\n<li>Mat\u00e9riau: acier inoxydable<\/li>\n<li>Power: <strong>1500<\/strong> watts<\/li>\n<li>Capacity: <strong>2.5<\/strong>\u00a0Liters<\/li>\n<li>Interrupteur marche-arr\u00eat avec \u00e9clairage LED<\/li>\n<li>Protection against <strong>overheated<\/strong><\/li>\n<li>Automatic shutdown<\/li>\n<li>Socle d&#8217;alimentation tournant \u00e0 360\u00b0<\/li>\n<li>Couleur: <strong>noir+argent<\/strong>;<strong> marron+argent<\/strong><\/li>\n<\/ul>","protected":false},"featured_media":2267,"comment_status":"open","ping_status":"closed","template":"","meta":[],"product_brand":[],"product_cat":[21,37],"product_tag":[],"class_list":{"0":"post-2127","1":"product","2":"type-product","3":"status-publish","4":"has-post-thumbnail","6":"product_cat-electromenager","7":"product_cat-petit-dejeuner","9":"first","10":"instock","11":"shipping-taxable","12":"purchasable","13":"product-type-simple"},"jetpack_sharing_enabled":true,"_links":{"self":[{"href":"https:\/\/myhappyhome.site\/en\/wp-json\/wp\/v2\/product\/2127","targetHints":{"allow":["GET"]}}],"collection":[{"href":"https:\/\/myhappyhome.site\/en\/wp-json\/wp\/v2\/product"}],"about":[{"href":"https:\/\/myhappyhome.site\/en\/wp-json\/wp\/v2\/types\/product"}],"replies":[{"embeddable":true,"href":"https:\/\/myhappyhome.site\/en\/wp-json\/wp\/v2\/comments?post=2127"}],"wp:featuredmedia":[{"embeddable":true,"href":"https:\/\/myhappyhome.site\/en\/wp-json\/wp\/v2\/media\/2267"}],"wp:attachment":[{"href":"https:\/\/myhappyhome.site\/en\/wp-json\/wp\/v2\/media?parent=2127"}],"wp:term":[{"taxonomy":"product_brand","embeddable":true,"href":"https:\/\/myhappyhome.site\/en\/wp-json\/wp\/v2\/product_brand?post=2127"},{"taxonomy":"product_cat","embeddable":true,"href":"https:\/\/myhappyhome.site\/en\/wp-json\/wp\/v2\/product_cat?post=2127"},{"taxonomy":"product_tag","embeddable":true,"href":"https:\/\/myhappyhome.site\/en\/wp-json\/wp\/v2\/product_tag?post=2127"}],"curies":[{"name":"wp","href":"https:\/\/api.w.org\/{rel}","templated":true}]}}