{"id":2128,"date":"2025-05-30T07:23:25","date_gmt":"2025-05-30T07:23:25","guid":{"rendered":"https:\/\/myhappyhome.site\/?post_type=product&#038;p=2128"},"modified":"2025-09-03T13:02:03","modified_gmt":"2025-09-03T13:02:03","slug":"mixeur-philips-hr2041-450-watts","status":"publish","type":"product","link":"https:\/\/myhappyhome.site\/en\/boutique\/electromenager\/mixeurs-robots\/mixeur-philips-hr2041-450-watts\/","title":{"rendered":"PHILIPS HR2041 blender \u2013 450 watts \u2013 complies with European standards"},"content":{"rendered":"<h3 style=\"font-size: 120%; text-align: center;\">PRODUCT DESCRIPTION<\/h3>\n<p style=\"text-align: justify; font-size: 100%; text-indent: 50px;\">Ce blender HR2041\/00 de la collection Philips Daily combine un moteur de 450 W, un bol de 1,9 L et une lame en \u00e9toile ProBlend 4, pour des smoothies et autres pr\u00e9parations parfaitement r\u00e9ussis.<\/p>\n<p style=\"text-align: justify; font-size: 100%; text-indent: 50px;\">Les mixages difficiles deviennent un jeu d&#8217;enfant ! Sa lame en \u00e9toile ProBlend 4 pour mixer et m\u00e9langer efficacement, diff\u00e9rentes vitesses pour mixer des aliments durs comme mous, fonction Pulse pour mieux mixer et m\u00e9langer.<\/p>\n<p style=\"text-align: justify; font-size: 100%; text-indent: 50px;\">Indicateur de verrouillage, pr\u00eat \u00e0 fonctionner simple et facilement reconnaissable, vous alerte lorsque l&#8217;appareil est pr\u00eat \u00e0 \u00eatre utilis\u00e9 en toute s\u00e9curit\u00e9, un versement am\u00e9lior\u00e9 gr\u00e2ce au nouveau bec qui \u00e9vite que la pr\u00e9paration ne coule le long du bol, un rangement pour cordon d&#8217;alimentation int\u00e9gr\u00e9 et toutes les pi\u00e8ces sont compatibles lave-vaisselle.<\/p>\n<p style=\"text-align: justify; font-size: 100%; text-indent: 50px;\">Les produits verts de Philips permettent de r\u00e9duire les co\u00fbts, la consommation d&#8217;\u00e9nergie et les \u00e9missions de CO2. Comment ? En rendant possible une am\u00e9lioration environnementale significative dans un ou plusieurs de nos champs d&#8217;actions \u00e9cologiques cl\u00e9s (efficacit\u00e9 \u00e9nerg\u00e9tique, conditionnement, substances dangereuses, poids, recyclage, recyclabilit\u00e9 et durabilit\u00e9).<\/p>","protected":false},"excerpt":{"rendered":"<ul style=\"font-size: 135%;\">\n<li>Brand: <strong>PHILIPS<\/strong><\/li>\n<li>Model: <strong>HR2041<\/strong><\/li>\n<li>Bol mixeur:<strong>\u00a01.9 <\/strong>litres<\/li>\n<li>Appropri\u00e9 pour: <strong>frais<\/strong><\/li>\n<li>2 vitesses et fonction Pulse<\/li>\n<li>Lame en \u00e9toile ProBlend: <strong>4<\/strong><\/li>\n<li>Power: <strong>450<\/strong> watts<\/li>\n<li>Couleur: <strong>blanc<\/strong><\/li>\n<\/ul>","protected":false},"featured_media":2685,"comment_status":"open","ping_status":"closed","template":"","meta":[],"product_brand":[],"product_cat":[21,36],"product_tag":[],"class_list":{"0":"post-2128","1":"product","2":"type-product","3":"status-publish","4":"has-post-thumbnail","6":"product_cat-electromenager","7":"product_cat-mixeurs-robots","9":"first","10":"instock","11":"shipping-taxable","12":"purchasable","13":"product-type-simple"},"jetpack_sharing_enabled":true,"_links":{"self":[{"href":"https:\/\/myhappyhome.site\/en\/wp-json\/wp\/v2\/product\/2128","targetHints":{"allow":["GET"]}}],"collection":[{"href":"https:\/\/myhappyhome.site\/en\/wp-json\/wp\/v2\/product"}],"about":[{"href":"https:\/\/myhappyhome.site\/en\/wp-json\/wp\/v2\/types\/product"}],"replies":[{"embeddable":true,"href":"https:\/\/myhappyhome.site\/en\/wp-json\/wp\/v2\/comments?post=2128"}],"wp:featuredmedia":[{"embeddable":true,"href":"https:\/\/myhappyhome.site\/en\/wp-json\/wp\/v2\/media\/2685"}],"wp:attachment":[{"href":"https:\/\/myhappyhome.site\/en\/wp-json\/wp\/v2\/media?parent=2128"}],"wp:term":[{"taxonomy":"product_brand","embeddable":true,"href":"https:\/\/myhappyhome.site\/en\/wp-json\/wp\/v2\/product_brand?post=2128"},{"taxonomy":"product_cat","embeddable":true,"href":"https:\/\/myhappyhome.site\/en\/wp-json\/wp\/v2\/product_cat?post=2128"},{"taxonomy":"product_tag","embeddable":true,"href":"https:\/\/myhappyhome.site\/en\/wp-json\/wp\/v2\/product_tag?post=2128"}],"curies":[{"name":"wp","href":"https:\/\/api.w.org\/{rel}","templated":true}]}}