{"id":2129,"date":"2025-05-30T07:45:14","date_gmt":"2025-05-30T07:45:14","guid":{"rendered":"https:\/\/myhappyhome.site\/?post_type=product&#038;p=2129"},"modified":"2025-09-07T13:35:11","modified_gmt":"2025-09-07T13:35:11","slug":"set-casseroles-10-pieces-royal-swiss","status":"publish","type":"product","link":"https:\/\/myhappyhome.site\/en\/boutique\/cuisine-et-art-de-table\/marmite-casserole\/set-casseroles-10-pieces-royal-swiss\/","title":{"rendered":"Set casseroles 10 pi\u00e8ces ROYAL SWISS &#8211; conforme aux normes europ\u00e9ennes"},"content":{"rendered":"<h3 style=\"font-size: 125%; text-align: center;\">Caract\u00e9ristiques des casseroles en inox Royal Swiss<\/h3>\n<p style=\"text-align: justify; text-indent: 50px;\">Batterie de cuisine 10 pi\u00e8ces en Acier inoxydable 18\/10 il est possible de l&#8217;utiliser avec tous les feux ( tac \u00e9lectrique ) Electricit\u00e9, gaz et induction et elle peut aller au lave vaisselle,<br \/>\nset de qualit\u00e9 premium avec couvercle en verre design et \u00e9l\u00e9gant. fonctions innovantes exceptionnelle et des possibilit\u00e9s d&#8217;utilisation universelles. La gamme Premium Classic Stainless de Royal Swiss repose sur une base en acier inoxydable 18\/10 avec un fond thermique qui permettent la conduction de la chaleur de sorte \u00e0 ce que les aliments sont chauff\u00e9s rapidement et restent longtemps chauds. Avec ce set d&#8217;accessoire de cuisine, nous pouvons tous cuisiner. Ils ont un design \u00e9l\u00e9gant avec leur ext\u00e9rieur en inox et sont \u00e9quip\u00e9es de poign\u00e9es ergonomiques qui ne chauffent pas. Fond thermique puissant pour une r\u00e9partition optimale de la chaleur.<\/p>","protected":false},"excerpt":{"rendered":"<ul style=\"font-size: 135%;\">\n<li>Brand: <strong>Royal Swiss<\/strong><\/li>\n<li>Composition:\n<ul style=\"font-size: 90%;\">\n<li>5 casseroles: <strong>\u00d828\u00d712 <\/strong>cm, <strong>7.4<\/strong> L; <strong>\u00d826\u00d711 <\/strong>cm,<strong> 5.8 <\/strong>L; <strong>\u00d824\u00d710 <\/strong>cm,<strong> 4.5 <\/strong>L; <strong>\u00d822\u00d79 <\/strong>cm,<strong> 3.4 <\/strong>L;\u00a0 <strong>\u00d820\u00d78 <\/strong>cm,<strong> 2.5 <\/strong>L<\/li>\n<li>5 couvercles<\/li>\n<\/ul>\n<\/li>\n<li>Material: <strong>acier inoxydable\u00a0<\/strong><\/li>\n<li>Rev\u00eatement antiadh\u00e9rent: non<\/li>\n<li>Compatibilit\u00e9 feu: <strong>gaz<\/strong>, <strong>induction<\/strong>, <strong>\u00e9lectrique<\/strong>, <strong>vitroc\u00e9ramique<\/strong><\/li>\n<\/ul>","protected":false},"featured_media":2154,"comment_status":"open","ping_status":"closed","template":"","meta":[],"product_brand":[],"product_cat":[27,43],"product_tag":[],"class_list":{"0":"post-2129","1":"product","2":"type-product","3":"status-publish","4":"has-post-thumbnail","6":"product_cat-cuisine-et-art-de-table","7":"product_cat-marmite-casserole","9":"first","10":"instock","11":"shipping-taxable","12":"purchasable","13":"product-type-simple"},"jetpack_sharing_enabled":true,"_links":{"self":[{"href":"https:\/\/myhappyhome.site\/en\/wp-json\/wp\/v2\/product\/2129","targetHints":{"allow":["GET"]}}],"collection":[{"href":"https:\/\/myhappyhome.site\/en\/wp-json\/wp\/v2\/product"}],"about":[{"href":"https:\/\/myhappyhome.site\/en\/wp-json\/wp\/v2\/types\/product"}],"replies":[{"embeddable":true,"href":"https:\/\/myhappyhome.site\/en\/wp-json\/wp\/v2\/comments?post=2129"}],"wp:featuredmedia":[{"embeddable":true,"href":"https:\/\/myhappyhome.site\/en\/wp-json\/wp\/v2\/media\/2154"}],"wp:attachment":[{"href":"https:\/\/myhappyhome.site\/en\/wp-json\/wp\/v2\/media?parent=2129"}],"wp:term":[{"taxonomy":"product_brand","embeddable":true,"href":"https:\/\/myhappyhome.site\/en\/wp-json\/wp\/v2\/product_brand?post=2129"},{"taxonomy":"product_cat","embeddable":true,"href":"https:\/\/myhappyhome.site\/en\/wp-json\/wp\/v2\/product_cat?post=2129"},{"taxonomy":"product_tag","embeddable":true,"href":"https:\/\/myhappyhome.site\/en\/wp-json\/wp\/v2\/product_tag?post=2129"}],"curies":[{"name":"wp","href":"https:\/\/api.w.org\/{rel}","templated":true}]}}