{"id":2130,"date":"2025-05-30T07:53:34","date_gmt":"2025-05-30T07:53:34","guid":{"rendered":"https:\/\/myhappyhome.site\/?post_type=product&#038;p=2130"},"modified":"2026-01-26T11:56:58","modified_gmt":"2026-01-26T11:56:58","slug":"lg-sn10yg-512","status":"publish","type":"product","link":"https:\/\/myhappyhome.site\/en\/boutique\/images-et-sons\/audio\/lg-sn10yg-512\/","title":{"rendered":"Barre de son et caisson basse sans fil LG SN10YG 5.1.2 &#8211; dolby atmos &#8211; 570 w &#8211; conforme aux normes europ\u00e9ennes"},"content":{"rendered":"<p>Sp\u00e9cifications du LG SN10YG 5.1.2<\/p>\n<div id=\"SVDv3_content_container\">\n<div class=\"SVDv3_content_content\">\n<div id=\"product-header-trigger\" class=\"container\">\n<div class=\"row\">\n<div id=\"SVDv3_colonnes_colonne_gauche_article\" class=\"col-lg-8\">\n<div class=\"tabs-section-list\">\n<div id=\"ficheDescription\" class=\"tabs-section-item\">\n<div class=\"container-presssheet-strongpoints\">\n<div class=\"content-presssheet-strongpoints editorial\">\n<p class=\"svd-display-3\">Points forts<\/p>\n<div class=\"SVDv3_ficheProduit_pointsForts\">\n<ul>\n<li>Son surround 5.1.2<\/li>\n<li>Dolby Atmos \/ DTS:X<\/li>\n<li>Puissance totale 570watts<\/li>\n<li>Caisson de basses sans fil<\/li>\n<li>2 entr\u00e9es \/ 1 sortie HDMI (eARC\/4K\/HDR)<\/li>\n<li>Google Assistant int\u00e9gr\u00e9<\/li>\n<\/ul>\n<\/div>\n<\/div>\n<\/div>\n<div class=\"SVDv3_ficheProduit_descriptif SVDv3_article_element mceContentBody editorial clearfix\">\n<h2><strong>LG SN10YG<\/strong><\/h2>\n<p>La barre de son\u00a0LG SN10YG\u00a0est un mod\u00e8le 5.1.2 canaux de 570\u00a0watts\u00a0avec caisson de basses sans fil. Compatible Dolby Atmos et DTS:X, cette barre de son LG\u00a0combine un son surround puissant et immersif avec des dialogues d&#8217;une grande clart\u00e9. Elle est \u00e9quip\u00e9e de nombreuses entr\u00e9es\u00a0HDMI\u00a0compatibles UHD 4K et HDR ainsi qu&#8217;une entr\u00e9e audio num\u00e9rique optique.\u00a0Equip\u00e9e de l&#8217;assistant vocal de Google, la\u00a0LG SN10YG\u00a0peut facilement \u00eatre contr\u00f4l\u00e9e\u00a0vocalement.\u00a0Ses r\u00e9cepteurs Bluetooth et Chromecast permettent quant \u00e0 eux de facilement diffuser de la musique pour l&#8217;utiliser comme enceinte connect\u00e9e.<\/p>\n<h3>LG SN10YG : DTS:X et Dolby Atmos 5.1.2<\/h3>\n<p>La barre de son\u00a0LG SN10YG\u00a0est le compl\u00e9ment id\u00e9al d&#8217;un t\u00e9l\u00e9viseur pour profiter d&#8217;un son Surround spatialis\u00e9. Elle met en oeuvre pas moins de 11 haut-parleurs associ\u00e9s \u00e0 la\u00a0derni\u00e8re technologie Meridian de traitement num\u00e9rique du signal pour cr\u00e9er une\u00a0large sc\u00e8ne sonore jusqu&#8217;\u00e0 5.1.2 canaux\u00a0en propulsant le son vers le plafond gr\u00e2ce \u00e0 ses haut-parleurs verticaux. Il est ainsi possible de profiter des deniers\u00a0formats audio multicanaux comme le\u00a0Dolby Atmos et le DTS:X avec un seul appareil fin et compact.<\/p>\n<div class=\"legende undefined\" contenteditable=\"false\">\n<p class=\"legende-image\"><a href=\"https:\/\/image.son-video.com\/images\/article\/lg\/LGSN10YG\/sn10yg_5ee2044c4a31b_1200.jpg\"><img decoding=\"async\" class=\"lozad lozad-loaded\" title=\"barre de son LG SN10YG\" src=\"https:\/\/image.son-video.com\/images\/article\/lg\/LGSN10YG\/sn10yg_5ee2044c4a31b_1200.jpg\" alt=\"barre de son LG SN10YG\" data-src=\"https:\/\/image.son-video.com\/images\/article\/lg\/LGSN10YG\/sn10yg_5ee2044c4a31b_1200.jpg\" data-loaded=\"true\" \/><\/a><\/p>\n<p class=\"legende-texte\">Gr\u00e2ce \u00e0 ses haut-parleurs verticaux, la barre de son LG SN10YG peut produire un son surround spatialis\u00e9 sur 5.1.2 canaux pour une immersion optimale.<\/p>\n<\/div>\n<p>Autre atout de cette barre de son\u00a0LG SN10YG,\u00a0son caisson de basses est un mod\u00e8le sans fil. Facile \u00e0 placer dans la pi\u00e8ce d&#8217;\u00e9coute, il ne n\u00e9cessite qu&#8217;une prise de courant pour fonctionner. Bien entendu, la transmission du signal entre la barre de son et le caisson de basses se fait sans aucune perte.\u00a0Avec ce caisson de basses sans fil, la barre de son\u00a0LG SN10YG\u00a0b\u00e9n\u00e9ficie d&#8217;une puissance de 570 watts,\u00a0de quoi assurer une restitution puissante et plonger l&#8217;auditeur au coeur de l&#8217;action, m\u00eame dans de grandes pi\u00e8ces.\u00a0Pour une restitution encore plus\u00a0immersion, il est possible de coupler la barre de son\u00a0LG SN10YG\u00a0aux enceintes\u00a0surround LG SK8 S pour r\u00e9aliser un v\u00e9ritable\u00a0syst\u00e8me home-cin\u00e9ma 7.1.2 canaux sans fils.<\/p>\n<div class=\"legende undefined\" contenteditable=\"false\">\n<p class=\"legende-image\"><a href=\"https:\/\/image.son-video.com\/images\/article\/lg\/LGSN10YG\/sn10yg_5ee2044e86b40_1200.jpg\"><img decoding=\"async\" class=\"lozad lozad-loaded\" title=\"barre de son LG SN10YG\" src=\"https:\/\/image.son-video.com\/images\/article\/lg\/LGSN10YG\/sn10yg_5ee2044e86b40_1200.jpg\" alt=\"barre de son LG SN10YG\" data-src=\"https:\/\/image.son-video.com\/images\/article\/lg\/LGSN10YG\/sn10yg_5ee2044e86b40_1200.jpg\" data-loaded=\"true\" \/><\/a><\/p>\n<p class=\"legende-texte\">Le caisson de basses sans fil de la barre de son LG SN10YG peut \u00eatre plac\u00e9 librement dans la pi\u00e8ce.<\/p>\n<\/div>\n<h3>LG SN10YG : calibrage automatique<\/h3>\n<p>Pour garantir une restitution sonore toujours optimale, la barre de son LG SN10YG est \u00e9quip\u00e9e d&#8217;un syst\u00e8me de calibrage automatique pour analyser et\u00a0ajuster sa sonorit\u00e9 en fonction des propri\u00e9t\u00e9s\u00a0acoustiques de la pi\u00e8ce. Elle b\u00e9n\u00e9ficie \u00e9galement de la\u00a0technologie\u00a0AI Sound Pro pour automatiquement analyser le contenu et optimiser les\u00a0r\u00e9glages audio en fonction de ce qui est diffus\u00e9. Vous b\u00e9n\u00e9ficiez ains de chaque d\u00e9tail et des dialogues toujours limpides.<\/p>\n<div class=\"legende undefined\" contenteditable=\"false\">\n<p class=\"legende-image\"><a href=\"https:\/\/image.son-video.com\/images\/article\/lg\/LGSN10YG\/sn10yg_5ee20466288d2_1200.jpg\"><img decoding=\"async\" class=\"lozad lozad-loaded\" title=\"Barre de son lG SN10YG\" src=\"https:\/\/image.son-video.com\/images\/article\/lg\/LGSN10YG\/sn10yg_5ee20466288d2_1200.jpg\" alt=\"Barre de son lG SN10YG\" data-src=\"https:\/\/image.son-video.com\/images\/article\/lg\/LGSN10YG\/sn10yg_5ee20466288d2_1200.jpg\" data-loaded=\"true\" \/><\/a><\/p>\n<p class=\"legende-texte\">La barre de son LG SN10YG est \u00e9quip\u00e9e d&#8217;un syst\u00e8me de calibrage automatique pour ajuster sa restitution en fonction des propri\u00e9t\u00e9s acoustiques de la pi\u00e8ce.<\/p>\n<\/div>\n<h3>LG SN10YG : HDMI UHD 4K HDR<\/h3>\n<p>La barre de son\u00a0LG SN10YG poss\u00e8de\u00a0deux entr\u00e9es HDMI\u00a0pour connecter une console de jeux vid\u00e9o, un lecteur Blu-ray UHD 4K, un d\u00e9codeur TV ou un lecteur r\u00e9seau.\u00a0Le son est alors d\u00e9cod\u00e9 et reproduit par la barre de son qui retransmet l&#8217;image au t\u00e9l\u00e9viseur via sa sortie HDMI.\u00a0Celle-ci est compatible avec la fonction eARC.\u00a0Tout t\u00e9l\u00e9viseur compatible ARC ou eARC\u00a0reli\u00e9 ainsi peut donc allumer automatiquement la barre de son et lui transmettre le flux audio du programme visionn\u00e9\u00a0De plus, l&#8217;entr\u00e9e et la sortie HDMI de la barre de son transmettent les images UHD 4K sans perte et prennent en charge les contenus HDR et Dolby Vision.\u00a0Le son d&#8217;un t\u00e9l\u00e9viseur non compatible ARC peut \u00e9galement \u00eatre transmis \u00e0 la barre de son au moyen d&#8217;un c\u00e2ble optique (prise Toslink).<\/p>\n<div class=\"legende undefined\" contenteditable=\"false\">\n<p class=\"legende-image\"><a href=\"https:\/\/image.son-video.com\/images\/article\/lg\/LGSN10YG\/sn10yg_5ee2046539622_1200.jpg\"><img decoding=\"async\" class=\"lozad lozad-loaded\" title=\"Barre de son LG SN10YG\" src=\"https:\/\/image.son-video.com\/images\/article\/lg\/LGSN10YG\/sn10yg_5ee2046539622_1200.jpg\" alt=\"Barre de son LG SN10YG\" data-src=\"https:\/\/image.son-video.com\/images\/article\/lg\/LGSN10YG\/sn10yg_5ee2046539622_1200.jpg\" data-loaded=\"true\" \/><\/a><\/p>\n<p class=\"legende-texte\">Les entr\u00e9es HDMI de la barre de son LG SN10YG sont compatibles avec les flux UHD 4K HDR.<\/p>\n<\/div>\n<h3>LG SN10YG : Google Assistant<\/h3>\n<p>Tr\u00e8s simple \u00e0 utiliser, la barre de son LG SN10YG peut \u00eatre pilot\u00e9e\u00a0\u00e0 partir de la t\u00e9l\u00e9commande du t\u00e9l\u00e9viseur auquel elle est associ\u00e9e, \u00e0 partir de sa t\u00e9l\u00e9commande infrarouge\u00a0et m\u00eame vocalement. Elle int\u00e8gre pour se faire\u00a0l&#8217;assistant vocal de Google. Ce dernier\u00a0rend l&#8217;utilisation de cette barre de son d&#8217;une\u00a0simplicit\u00e9 d\u00e9concertante. Il suffit en effet de demander de lancer votre playlist pr\u00e9f\u00e9r\u00e9e, de changer de titre, de modifier le volume, etc., pour que la barre de son\u00a0s&#8217;ex\u00e9cute.\u00a0Le contr\u00f4le des diff\u00e9rents objets connect\u00e9s de la maison est \u00e9galement possible.<\/p>\n<h3>LG SN10YG : Bluetooth et Chromecast<\/h3>\n<p>Bien plus qu&#8217;une simple barre de son, la LG SN10YG fait \u00e9galement office d&#8217;enceinte connect\u00e9e gr\u00e2ce \u00e0 l&#8217;int\u00e9gration d&#8217;un Chromecast. Il est ainsi possible de facilement diffuser\u00a0la musique stock\u00e9e dans la m\u00e9moire interne de votre smartphone ou\u00a0lue \u00e0 partir des\u00a0services de musique en ligne comme Spotify, Deezer, Qobuz, etc. Cette lecture peut \u00eatre effectu\u00e9e jusqu&#8217;\u00e0 24 bits \/ 192 kHz, ce qui vaut \u00e0 la barre de son\u00a0LG SN10YG\u00a0d&#8217;\u00eatre certifi\u00e9e hi-res audio. Enfin, la diffusion des musiques peut\u00a0\u00e9galent \u00eatre effectu\u00e9e en Bluetooth. Le module\u00a0Bluetooth 4.2 de la barre de son\u00a0LG SN10YG assure alors\u00a0une grande qualit\u00e9 de r\u00e9ception et une prise en charge de tout p\u00e9riph\u00e9rique Bluetooth.\u00a0Cette liaison Bluetooth peut \u00e9galement \u00eatre mise \u00e0 profit pour relier sans fil un t\u00e9l\u00e9viseur \u00e0 la barre de son.<\/p>\n<p>Efficace avec sa spatialisation surround 5.1.2, pratique avec son caisson de basses sans fil et sa connectivit\u00e9 HDMI, optique et Bluetooth, la barre de son LG SN10YG\u00a0constitue un syst\u00e8me audio compact et performant id\u00e9al pour am\u00e9liorer le rendu sonore d&#8217;un t\u00e9l\u00e9viseur.<\/p>\n<\/div>\n<\/div>\n<\/div>\n<\/div>\n<\/div>\n<\/div>\n<\/div>\n<\/div>","protected":false},"excerpt":{"rendered":"<ul style=\"font-size: 135%;\">\n<li>Brand: <strong>LG<\/strong><\/li>\n<li>Model: <strong>SN10YG 5.1.2<\/strong><\/li>\n<li>Composition: <strong>Barre principale<\/strong>, <strong>caisson de basse<\/strong>.<\/li>\n<li>Accessoires:<strong> t\u00e9l\u00e9commande, c\u00e2ble optique, support mural.<\/strong><\/li>\n<li>Puissance Audio: <strong>570<\/strong> watts<\/li>\n<li>Connectivit\u00e9: <strong>USB<\/strong>, <strong>optique<\/strong>, <strong>bluetooth<\/strong>, <strong>wifi<\/strong>, <strong>Chromecast, Google assistant.<\/strong><\/li>\n<li>Poids brut: <strong>19,3<\/strong> kg<\/li>\n<\/ul>","protected":false},"featured_media":2808,"comment_status":"open","ping_status":"closed","template":"","meta":[],"product_brand":[],"product_cat":[49,16],"product_tag":[],"class_list":{"0":"post-2130","1":"product","2":"type-product","3":"status-publish","4":"has-post-thumbnail","6":"product_cat-audio","7":"product_cat-images-et-sons","9":"first","10":"instock","11":"shipping-taxable","12":"purchasable","13":"product-type-simple"},"jetpack_sharing_enabled":true,"_links":{"self":[{"href":"https:\/\/myhappyhome.site\/en\/wp-json\/wp\/v2\/product\/2130","targetHints":{"allow":["GET"]}}],"collection":[{"href":"https:\/\/myhappyhome.site\/en\/wp-json\/wp\/v2\/product"}],"about":[{"href":"https:\/\/myhappyhome.site\/en\/wp-json\/wp\/v2\/types\/product"}],"replies":[{"embeddable":true,"href":"https:\/\/myhappyhome.site\/en\/wp-json\/wp\/v2\/comments?post=2130"}],"wp:featuredmedia":[{"embeddable":true,"href":"https:\/\/myhappyhome.site\/en\/wp-json\/wp\/v2\/media\/2808"}],"wp:attachment":[{"href":"https:\/\/myhappyhome.site\/en\/wp-json\/wp\/v2\/media?parent=2130"}],"wp:term":[{"taxonomy":"product_brand","embeddable":true,"href":"https:\/\/myhappyhome.site\/en\/wp-json\/wp\/v2\/product_brand?post=2130"},{"taxonomy":"product_cat","embeddable":true,"href":"https:\/\/myhappyhome.site\/en\/wp-json\/wp\/v2\/product_cat?post=2130"},{"taxonomy":"product_tag","embeddable":true,"href":"https:\/\/myhappyhome.site\/en\/wp-json\/wp\/v2\/product_tag?post=2130"}],"curies":[{"name":"wp","href":"https:\/\/api.w.org\/{rel}","templated":true}]}}