{"id":2134,"date":"2025-05-30T20:12:16","date_gmt":"2025-05-30T20:12:16","guid":{"rendered":"https:\/\/myhappyhome.site\/?post_type=product&#038;p=2134"},"modified":"2025-09-17T05:53:28","modified_gmt":"2025-09-17T05:53:28","slug":"tefal-express-steam-fv2837e0","status":"publish","type":"product","link":"https:\/\/myhappyhome.site\/en\/boutique\/electromenager\/repassage\/tefal-express-steam-fv2837e0\/","title":{"rendered":"TEFAL Express Steam FV2837E0 iron \u2013 2400 watts \u2013 complies with European standards"},"content":{"rendered":"<h3 style=\"font-size: 120%; text-align: center;\">PRODUCT DESCRIPTION<\/h3>\n<p style=\"text-indent: 50px; text-align: justify;\">Tefal Express Steam FV2837E0. Type: Fer \u00e0 repasser \u00e0 sec ou \u00e0 vapeur, Mat\u00e9riau\/rev\u00eatement de la semelle: Semelle en c\u00e9rilium, Longueur du c\u00e2ble: 1,9 m. Puissance du fer \u00e0 repasser: 2400 W. Largeur: 130 mm, Hauteur: 145 mm, Poids: 1,3 kg Fer \u00e0 repasser \u00e0 sec ou \u00e0 vapeur Semelle en c\u00e9rilium 1,9 m Bleu, Gris, Blanc Vapeur variable Performances de jet de vapeur: 165 g\/min Fonction augmenter la vapeur Vapeur continue Vapeur continue: 35 g\/min Anti calc automatique 0,27 L Syst\u00e8me anti-goutte Fonction vapeur verticale Fonction Spray Chauffage rapide 2400 W<\/p>","protected":false},"excerpt":{"rendered":"<ul style=\"font-size: 135%;\">\n<li>Brand: <strong>TEFAL<\/strong><\/li>\n<li>Model: <strong>Express Steam FV2837E0<\/strong><\/li>\n<li>Power: <strong>2400<\/strong> watts<\/li>\n<li>Semelle: <strong>c\u00e9ramique<\/strong><\/li>\n<li>Capacit\u00e9 : <strong>0.270<\/strong> litres<\/li>\n<li>Dimensions:\u200e <strong>33.5\u00d713\u00d714.5 <\/strong>cm<\/li>\n<li>Poids fer: <strong>1.3<\/strong>\u00a0kg<\/li>\n<li>Couleur: <strong>blanc+bleu<\/strong><\/li>\n<\/ul>","protected":false},"featured_media":3874,"comment_status":"open","ping_status":"closed","template":"","meta":[],"product_brand":[],"product_cat":[21,38],"product_tag":[],"class_list":{"0":"post-2134","1":"product","2":"type-product","3":"status-publish","4":"has-post-thumbnail","6":"product_cat-electromenager","7":"product_cat-repassage","9":"first","10":"instock","11":"shipping-taxable","12":"purchasable","13":"product-type-simple"},"jetpack_sharing_enabled":true,"_links":{"self":[{"href":"https:\/\/myhappyhome.site\/en\/wp-json\/wp\/v2\/product\/2134","targetHints":{"allow":["GET"]}}],"collection":[{"href":"https:\/\/myhappyhome.site\/en\/wp-json\/wp\/v2\/product"}],"about":[{"href":"https:\/\/myhappyhome.site\/en\/wp-json\/wp\/v2\/types\/product"}],"replies":[{"embeddable":true,"href":"https:\/\/myhappyhome.site\/en\/wp-json\/wp\/v2\/comments?post=2134"}],"wp:featuredmedia":[{"embeddable":true,"href":"https:\/\/myhappyhome.site\/en\/wp-json\/wp\/v2\/media\/3874"}],"wp:attachment":[{"href":"https:\/\/myhappyhome.site\/en\/wp-json\/wp\/v2\/media?parent=2134"}],"wp:term":[{"taxonomy":"product_brand","embeddable":true,"href":"https:\/\/myhappyhome.site\/en\/wp-json\/wp\/v2\/product_brand?post=2134"},{"taxonomy":"product_cat","embeddable":true,"href":"https:\/\/myhappyhome.site\/en\/wp-json\/wp\/v2\/product_cat?post=2134"},{"taxonomy":"product_tag","embeddable":true,"href":"https:\/\/myhappyhome.site\/en\/wp-json\/wp\/v2\/product_tag?post=2134"}],"curies":[{"name":"wp","href":"https:\/\/api.w.org\/{rel}","templated":true}]}}