{"id":2138,"date":"2025-05-31T05:44:35","date_gmt":"2025-05-31T05:44:35","guid":{"rendered":"https:\/\/myhappyhome.site\/?post_type=product&#038;p=2138"},"modified":"2025-09-07T11:04:07","modified_gmt":"2025-09-07T11:04:07","slug":"tefal-express-optimal-sv4111e0","status":"publish","type":"product","link":"https:\/\/myhappyhome.site\/en\/boutique\/electromenager\/repassage\/tefal-express-optimal-sv4111e0\/","title":{"rendered":"TEFAL Express Optimal SV4111E0 steam generator \u2013 2200 watts \u2013 complies with European standards"},"content":{"rendered":"<h3 style=\"font-size: 120%; text-align: center;\">PRODUCT DESCRIPTION<\/h3>\n<p style=\"text-indent: 50px; text-align: justify;\">La centrale vapeur, SV4111EO, de Tefal poss\u00e8de un r\u00e9servoir de 1.2 litre et une pression de 5.3 bars vous permettant d\u2019obtenir d\u2019excellents r\u00e9sultats. Facile d&#8217;utilisation, elle r\u00e9duit vos temps de repassage en assurant jusqu&#8217;\u00e0 110 g\/min de debit vapeur &#8211; fonction pressing 200g\/min. Elle propose \u00e9galement un arr\u00eat automatique.<\/p>\n<p style=\"text-intent: 50px; text-align: justify;\"><strong>CARACT\u00c9RISTIQUES DU PRODUIT<\/strong>:<br \/>\n&#8211; Centrale vapeur<br \/>\n&#8211; Pression vapeur 5.3 bars<br \/>\n&#8211; Puissance 2200 Watts<br \/>\n&#8211; R\u00e9servoir d&#8217;eau 1.2 litre<br \/>\n&#8211; D\u00e9bit vapeur 110 g\/min<br \/>\n&#8211; Fonction pressing 200g\/min<\/p>","protected":false},"excerpt":{"rendered":"<ul style=\"font-size: 135%;\">\n<li>Brand: <strong>TEFAL<\/strong><\/li>\n<li>Model: <strong>Express Optimal SV4116E0<\/strong><\/li>\n<li>Fonctions sp\u00e9ciales: pressing vapeur, arr\u00eat automatique<\/li>\n<li>Power: <strong>2200<\/strong> watts<\/li>\n<li><span class=\"a-list-item\">Capacit\u00e9 du r\u00e9servoir : <strong>1.2<\/strong>\u00a0l<\/span><\/li>\n<li><span class=\"a-list-item\">Semelle: Xpress Glide avec rev\u00eatement <strong>c\u00e9ramique<\/strong><\/span><\/li>\n<li><span class=\"a-list-item\">Couleur : <strong>Blanc-gris<\/strong><\/span><\/li>\n<li><span class=\"a-list-item\">Poids total: <strong>3.34\u00a0kg<\/strong><\/span><\/li>\n<li><span class=\"a-list-item\">Dimensions: <strong>30.8\u00d716\u00d727.20<\/strong>\u00a0cm<\/span><\/li>\n<\/ul>","protected":false},"featured_media":3816,"comment_status":"open","ping_status":"closed","template":"","meta":[],"product_brand":[],"product_cat":[21,38],"product_tag":[],"class_list":{"0":"post-2138","1":"product","2":"type-product","3":"status-publish","4":"has-post-thumbnail","6":"product_cat-electromenager","7":"product_cat-repassage","9":"first","10":"instock","11":"shipping-taxable","12":"purchasable","13":"product-type-simple"},"jetpack_sharing_enabled":true,"_links":{"self":[{"href":"https:\/\/myhappyhome.site\/en\/wp-json\/wp\/v2\/product\/2138","targetHints":{"allow":["GET"]}}],"collection":[{"href":"https:\/\/myhappyhome.site\/en\/wp-json\/wp\/v2\/product"}],"about":[{"href":"https:\/\/myhappyhome.site\/en\/wp-json\/wp\/v2\/types\/product"}],"replies":[{"embeddable":true,"href":"https:\/\/myhappyhome.site\/en\/wp-json\/wp\/v2\/comments?post=2138"}],"wp:featuredmedia":[{"embeddable":true,"href":"https:\/\/myhappyhome.site\/en\/wp-json\/wp\/v2\/media\/3816"}],"wp:attachment":[{"href":"https:\/\/myhappyhome.site\/en\/wp-json\/wp\/v2\/media?parent=2138"}],"wp:term":[{"taxonomy":"product_brand","embeddable":true,"href":"https:\/\/myhappyhome.site\/en\/wp-json\/wp\/v2\/product_brand?post=2138"},{"taxonomy":"product_cat","embeddable":true,"href":"https:\/\/myhappyhome.site\/en\/wp-json\/wp\/v2\/product_cat?post=2138"},{"taxonomy":"product_tag","embeddable":true,"href":"https:\/\/myhappyhome.site\/en\/wp-json\/wp\/v2\/product_tag?post=2138"}],"curies":[{"name":"wp","href":"https:\/\/api.w.org\/{rel}","templated":true}]}}