{"id":2141,"date":"2025-06-01T20:12:00","date_gmt":"2025-06-01T20:12:00","guid":{"rendered":"https:\/\/myhappyhome.site\/?post_type=product&#038;p=2141"},"modified":"2025-09-03T15:41:48","modified_gmt":"2025-09-03T15:41:48","slug":"cuiseur-a-riz-royal-swiss-rc28b-yx1","status":"publish","type":"product","link":"https:\/\/myhappyhome.site\/en\/boutique\/electromenager\/cuissons\/cuiseur-a-riz-royal-swiss-rc28b-yx1\/","title":{"rendered":"ROYAL SWISS RC28B-YX1 Rice Cooker \u2013 2.8 liters \u2013 Complies with European standards"},"content":{"rendered":"<h3 style=\"font-size: 120%; text-align: center;\">PRODUCT DESCRIPTION<\/h3>\n<p style=\"text-align: justify; font-size: 90%; text-indent: 50px;\"><strong>Capacit\u00e9 spacieuse de 2,8 litres<\/strong>: convient pour pr\u00e9parer du riz pour toute la famille ou des groupes plus nombreux.<br \/>\n<strong>Rev\u00eatement antiadh\u00e9sif<\/strong> : emp\u00eache le riz de coller et permet un nettoyage facile.<br \/>\n<strong>Fonction maintien au chaud<\/strong> : maintient automatiquement votre riz au chaud apr\u00e8s la cuisson, afin qu&#8217;il soit toujours pr\u00eat \u00e0 servir.<br \/>\nComprend un <strong>panier vapeur<\/strong> : pr\u00e9parez des l\u00e9gumes, du poisson ou d&#8217;autres plats sains \u00e0 la vapeur pendant la cuisson du riz.<br \/>\n<strong>Facile \u00e0 utiliser<\/strong> : D\u2019une simple pression sur un bouton, vous pouvez cuire ou cuire \u00e0 la vapeur votre riz, sans aucun probl\u00e8me.<br \/>\n<strong>Design violet \u00e9l\u00e9gant<\/strong> : donne une touche moderne et color\u00e9e \u00e0 votre cuisine.<br \/>\n<strong>S\u00e9curit\u00e9 et commodit\u00e9<\/strong> : \u00e9quip\u00e9 d&#8217;une protection contre la surchauffe et d&#8217;un couvercle robuste avec poign\u00e9e r\u00e9sistante \u00e0 la chaleur.<\/p>","protected":false},"excerpt":{"rendered":"<ul style=\"font-size: 135%;\">\n<li>Brand: <strong>Royal Swiss<\/strong><\/li>\n<li>Model: <strong>RC28B-YX1<\/strong><\/li>\n<li>Appropri\u00e9 pour: <strong>cuire<\/strong> et maintenant au <strong>chaud<\/strong> du <strong>riz<\/strong><\/li>\n<li>Capacity: <strong>2.8<\/strong>\u00a0Liters<\/li>\n<li>Power: <strong>950<\/strong> watts<\/li>\n<li>Couleur: <strong>noir<\/strong>, <strong>blanc<\/strong><\/li>\n<\/ul>","protected":false},"featured_media":3193,"comment_status":"open","ping_status":"closed","template":"","meta":[],"product_brand":[],"product_cat":[40,21],"product_tag":[],"class_list":{"0":"post-2141","1":"product","2":"type-product","3":"status-publish","4":"has-post-thumbnail","6":"product_cat-cuissons","7":"product_cat-electromenager","9":"first","10":"instock","11":"shipping-taxable","12":"purchasable","13":"product-type-simple"},"jetpack_sharing_enabled":true,"_links":{"self":[{"href":"https:\/\/myhappyhome.site\/en\/wp-json\/wp\/v2\/product\/2141","targetHints":{"allow":["GET"]}}],"collection":[{"href":"https:\/\/myhappyhome.site\/en\/wp-json\/wp\/v2\/product"}],"about":[{"href":"https:\/\/myhappyhome.site\/en\/wp-json\/wp\/v2\/types\/product"}],"replies":[{"embeddable":true,"href":"https:\/\/myhappyhome.site\/en\/wp-json\/wp\/v2\/comments?post=2141"}],"wp:featuredmedia":[{"embeddable":true,"href":"https:\/\/myhappyhome.site\/en\/wp-json\/wp\/v2\/media\/3193"}],"wp:attachment":[{"href":"https:\/\/myhappyhome.site\/en\/wp-json\/wp\/v2\/media?parent=2141"}],"wp:term":[{"taxonomy":"product_brand","embeddable":true,"href":"https:\/\/myhappyhome.site\/en\/wp-json\/wp\/v2\/product_brand?post=2141"},{"taxonomy":"product_cat","embeddable":true,"href":"https:\/\/myhappyhome.site\/en\/wp-json\/wp\/v2\/product_cat?post=2141"},{"taxonomy":"product_tag","embeddable":true,"href":"https:\/\/myhappyhome.site\/en\/wp-json\/wp\/v2\/product_tag?post=2141"}],"curies":[{"name":"wp","href":"https:\/\/api.w.org\/{rel}","templated":true}]}}