{"id":2143,"date":"2025-06-01T21:45:51","date_gmt":"2025-06-01T21:45:51","guid":{"rendered":"https:\/\/myhappyhome.site\/?post_type=product&#038;p=2143"},"modified":"2025-09-03T13:02:03","modified_gmt":"2025-09-03T13:02:03","slug":"mini-hachoir-royal-swiss-ca-02s-300-watt","status":"publish","type":"product","link":"https:\/\/myhappyhome.site\/en\/boutique\/electromenager\/mixeurs-robots\/mini-hachoir-royal-swiss-ca-02s-300-watt\/","title":{"rendered":"ROYAL SWISS CA-02S Mini Chopper \u2013 300 watts \u2013 Complies with European standards"},"content":{"rendered":"<h3 style=\"font-size: 120%; text-align: center;\">PRODUCT DESCRIPTION<\/h3>\n<p style=\"text-align: justify; font-size: 100%; text-indent: 30px;\">Avec une puissance de 300 watts et quatre lames, le Royal Swiss Chopper est id\u00e9al pour toutes sortes de fruits et l\u00e9gumes. Pourquoi la couper vous-m\u00eame si elle peut \u00eatre coup\u00e9e pour vous en quelques secondes. Le bol en verre spacieux avec indication de la taille est tr\u00e8s spacieux, vous pouvez donc pr\u00e9parer beaucoup de choses en m\u00eame temps. Puissant et fonctionnel.Cette aide \u00e0 la cuisine id\u00e9ale dispose d&#8217;un grand bouton de d\u00e9marrage, ce qui la rend tr\u00e8s pratique \u00e0 utiliser. Appuyez bri\u00e8vement sur le bouton pour activer les quatre couteaux et hachez grossi\u00e8rement les ingr\u00e9dients. Maintenez le bouton enfonc\u00e9 plus longtemps pour faire une p\u00e2te ou une pur\u00e9e \u00e0 partir des ingr\u00e9dients.<\/p>","protected":false},"excerpt":{"rendered":"<ul style=\"font-size: 135%;\">\n<li>Brand: <strong>Royal Swiss<\/strong><\/li>\n<li>Model: <strong>CA-02S<\/strong><\/li>\n<li>Capacity: <strong>1.8<\/strong> L<\/li>\n<li>Power: <strong>300<\/strong> watts<\/li>\n<li>Dimensions: ..<strong>\u00d7&#8230;\u00d7..<\/strong>\u00a0cm<\/li>\n<li>Couleur: <strong>argent<\/strong><\/li>\n<\/ul>","protected":false},"featured_media":2181,"comment_status":"open","ping_status":"closed","template":"","meta":[],"product_brand":[],"product_cat":[21,36],"product_tag":[],"class_list":{"0":"post-2143","1":"product","2":"type-product","3":"status-publish","4":"has-post-thumbnail","6":"product_cat-electromenager","7":"product_cat-mixeurs-robots","9":"first","10":"instock","11":"shipping-taxable","12":"purchasable","13":"product-type-simple"},"jetpack_sharing_enabled":true,"_links":{"self":[{"href":"https:\/\/myhappyhome.site\/en\/wp-json\/wp\/v2\/product\/2143","targetHints":{"allow":["GET"]}}],"collection":[{"href":"https:\/\/myhappyhome.site\/en\/wp-json\/wp\/v2\/product"}],"about":[{"href":"https:\/\/myhappyhome.site\/en\/wp-json\/wp\/v2\/types\/product"}],"replies":[{"embeddable":true,"href":"https:\/\/myhappyhome.site\/en\/wp-json\/wp\/v2\/comments?post=2143"}],"wp:featuredmedia":[{"embeddable":true,"href":"https:\/\/myhappyhome.site\/en\/wp-json\/wp\/v2\/media\/2181"}],"wp:attachment":[{"href":"https:\/\/myhappyhome.site\/en\/wp-json\/wp\/v2\/media?parent=2143"}],"wp:term":[{"taxonomy":"product_brand","embeddable":true,"href":"https:\/\/myhappyhome.site\/en\/wp-json\/wp\/v2\/product_brand?post=2143"},{"taxonomy":"product_cat","embeddable":true,"href":"https:\/\/myhappyhome.site\/en\/wp-json\/wp\/v2\/product_cat?post=2143"},{"taxonomy":"product_tag","embeddable":true,"href":"https:\/\/myhappyhome.site\/en\/wp-json\/wp\/v2\/product_tag?post=2143"}],"curies":[{"name":"wp","href":"https:\/\/api.w.org\/{rel}","templated":true}]}}