{"id":2144,"date":"2025-06-02T05:25:54","date_gmt":"2025-06-02T05:25:54","guid":{"rendered":"https:\/\/myhappyhome.site\/?post_type=product&#038;p=2144"},"modified":"2025-09-03T12:57:35","modified_gmt":"2025-09-03T12:57:35","slug":"mixeur-royal-swiss-1030-watts","status":"publish","type":"product","link":"https:\/\/myhappyhome.site\/en\/boutique\/electromenager\/mixeurs-robots\/mixeur-royal-swiss-1030-watts\/","title":{"rendered":"ROYAL SWISS Blender \u2013 1030 watts \u2013 2 bols \u2013 conforme aux normes europ\u00e9ennes"},"content":{"rendered":"<h3 style=\"font-size: 120%; text-align: center;\">PRODUCT DESCRIPTION<\/h3>\n<p style=\"text-align: justify; font-size: 90%; text-indent: 50px;\">Ce <strong>Blender royal swiss<\/strong> en verre et inox 2 in 1, il est tr\u00e8s facile de r\u00e9aliser des milk-shakes, des boissons aux fruits et des cocktails<\/p>\n<p style=\"text-align: justify; font-size: 90%; text-indent: 50px;\">Le bol en plastique d\u2019une capacit\u00e9 de 1,5 litres est id\u00e9al pour r\u00e9aliser les soupes et velout\u00e9s onctueux ; les p\u00e2tes \u00e0 cr\u00eapes sans grumeaux, les pr\u00e9parations fines pour b\u00e9b\u00e9, les compotes<\/p>\n<p style=\"text-align: justify; font-size: 90%; text-indent: 50px;\">Gr\u00e2ce \u00e0 ses 2 vitesses et sa fonction pulse, vous adaptez la vitesse selon le type de pr\u00e9paration \u00e0 r\u00e9aliser<br \/>\nId\u00e9al pour pr\u00e9parer des boissons aux fruits et \u00e0 la cuisine, des milk-shakes au lait, des cocktails, des soupes, des sauces salsa, des aliments pour b\u00e9b\u00e9s<\/p>","protected":false},"excerpt":{"rendered":"<ul style=\"font-size: 135%;\">\n<li>Brand: <strong>Royal Swiss<\/strong><\/li>\n<li>Model:<\/li>\n<li>Bol mixeur: <strong>02<\/strong><\/li>\n<li>Vitesse: <strong>02<\/strong> + <strong>pulse<\/strong><\/li>\n<li>Appropri\u00e9 pour: <strong>hacher<\/strong>, <strong>battre<\/strong>, <strong>trembler<\/strong>, <strong>m\u00e9langer<\/strong>, <strong>purifier<\/strong><\/li>\n<li>Power: <strong>1030<\/strong>\u00a0watts<\/li>\n<li>Couleur: <strong>noir, blanc<\/strong><\/li>\n<\/ul>","protected":false},"featured_media":2205,"comment_status":"open","ping_status":"closed","template":"","meta":[],"product_brand":[],"product_cat":[21,36],"product_tag":[],"class_list":{"0":"post-2144","1":"product","2":"type-product","3":"status-publish","4":"has-post-thumbnail","6":"product_cat-electromenager","7":"product_cat-mixeurs-robots","9":"first","10":"instock","11":"shipping-taxable","12":"purchasable","13":"product-type-simple"},"jetpack_sharing_enabled":true,"_links":{"self":[{"href":"https:\/\/myhappyhome.site\/en\/wp-json\/wp\/v2\/product\/2144","targetHints":{"allow":["GET"]}}],"collection":[{"href":"https:\/\/myhappyhome.site\/en\/wp-json\/wp\/v2\/product"}],"about":[{"href":"https:\/\/myhappyhome.site\/en\/wp-json\/wp\/v2\/types\/product"}],"replies":[{"embeddable":true,"href":"https:\/\/myhappyhome.site\/en\/wp-json\/wp\/v2\/comments?post=2144"}],"wp:featuredmedia":[{"embeddable":true,"href":"https:\/\/myhappyhome.site\/en\/wp-json\/wp\/v2\/media\/2205"}],"wp:attachment":[{"href":"https:\/\/myhappyhome.site\/en\/wp-json\/wp\/v2\/media?parent=2144"}],"wp:term":[{"taxonomy":"product_brand","embeddable":true,"href":"https:\/\/myhappyhome.site\/en\/wp-json\/wp\/v2\/product_brand?post=2144"},{"taxonomy":"product_cat","embeddable":true,"href":"https:\/\/myhappyhome.site\/en\/wp-json\/wp\/v2\/product_cat?post=2144"},{"taxonomy":"product_tag","embeddable":true,"href":"https:\/\/myhappyhome.site\/en\/wp-json\/wp\/v2\/product_tag?post=2144"}],"curies":[{"name":"wp","href":"https:\/\/api.w.org\/{rel}","templated":true}]}}