{"id":2146,"date":"2025-06-02T05:51:38","date_gmt":"2025-06-02T05:51:38","guid":{"rendered":"https:\/\/myhappyhome.site\/?post_type=product&#038;p=2146"},"modified":"2025-09-03T15:51:04","modified_gmt":"2025-09-03T15:51:04","slug":"air-fryer-philips-hd9200-10","status":"publish","type":"product","link":"https:\/\/myhappyhome.site\/en\/boutique\/electromenager\/cuissons\/air-fryer-philips-hd9200-10\/","title":{"rendered":"PHILIPS HD9200\/10 Air Fryer \u2013 4.1 liters \u2013 complies with European standards"},"content":{"rendered":"<h3 style=\"font-size: 120%; text-align: center;\">PRODUCT DESCRIPTION<\/h3>\n<p style=\"text-align: justify; font-size: 90%; text-indent: 50px;\"><strong>L&#8217;air est la nouvelle huile<\/strong> : l&#8217;Essential Airfryer de Philips utilise de l&#8217;air chaud pour cuire vos aliments pr\u00e9f\u00e9r\u00e9s \u00e0 la perfection, avec jusqu&#8217;\u00e0 90 % de mati\u00e8res grasses en moins<\/p>\n<p style=\"text-align: justify; font-size: 90%; text-indent: 50px;\"><strong>Technologie Rapid Air<\/strong> : La conception unique en forme d&#8217;\u00e9toile de mer permet de cr\u00e9er des aliments croustillants \u00e0 l&#8217;ext\u00e9rieur et tendres \u00e0 l&#8217;int\u00e9rieur<\/p>\n<p style=\"text-align: justify; font-size: 90%; text-indent: 50px;\"><strong>Sain et savoureux<\/strong> : avec l&#8217;Essential Airfryer de Philips, profitez de la saveur sans graisse<\/p>\n<p style=\"text-align: justify; font-size: 90%; text-indent: 50px;\"><strong>Minuterie int\u00e9gr\u00e9e<\/strong> : Avec la minuterie int\u00e9gr\u00e9e, vous pouvez pr\u00e9r\u00e9gler un temps de cuisson allant jusqu&#8217;\u00e0 60 minutes<\/p>\n<p style=\"text-align: justify; font-size: 90%; text-indent: 50px;\"><strong>Des possibilit\u00e9s infinies<\/strong> : Faites frire, cuire, griller, r\u00f4tir et m\u00eame r\u00e9chauffer avec l&#8217;Essential Airfryer de Philips.<\/p>","protected":false},"excerpt":{"rendered":"<ul style=\"font-size: 135%;\">\n<li>Brand: <strong>PHILIPS<\/strong><\/li>\n<li>Model: <strong>HD9200\/10<\/strong><\/li>\n<li>Usage recommand\u00e9: R\u00e9chauffement, R\u00f4tissage<\/li>\n<li>Power: <strong>1400<\/strong> watts<\/li>\n<li>R\u00e9glage temp\u00e9rature: entre <strong>90\u00b0C<\/strong> et <strong>190\u00b0C<\/strong><\/li>\n<li>Bol amovible<\/li>\n<li>Material: <strong>aluminium+plastique\u00a0<\/strong><\/li>\n<li>Capacit\u00e9 du bol: <strong>4.1<\/strong> litres<\/li>\n<li>Dimensions: \u200e<strong>35\u00d734.1\u00d735.7<\/strong>\u00a0cm<\/li>\n<li>Poids: <strong>5<\/strong>\u00a0kg<\/li>\n<li>Couleur: <strong>blanc<\/strong><\/li>\n<\/ul>","protected":false},"featured_media":2190,"comment_status":"open","ping_status":"closed","template":"","meta":[],"product_brand":[],"product_cat":[40,21],"product_tag":[],"class_list":{"0":"post-2146","1":"product","2":"type-product","3":"status-publish","4":"has-post-thumbnail","6":"product_cat-cuissons","7":"product_cat-electromenager","9":"first","10":"instock","11":"shipping-taxable","12":"purchasable","13":"product-type-simple"},"jetpack_sharing_enabled":true,"_links":{"self":[{"href":"https:\/\/myhappyhome.site\/en\/wp-json\/wp\/v2\/product\/2146","targetHints":{"allow":["GET"]}}],"collection":[{"href":"https:\/\/myhappyhome.site\/en\/wp-json\/wp\/v2\/product"}],"about":[{"href":"https:\/\/myhappyhome.site\/en\/wp-json\/wp\/v2\/types\/product"}],"replies":[{"embeddable":true,"href":"https:\/\/myhappyhome.site\/en\/wp-json\/wp\/v2\/comments?post=2146"}],"wp:featuredmedia":[{"embeddable":true,"href":"https:\/\/myhappyhome.site\/en\/wp-json\/wp\/v2\/media\/2190"}],"wp:attachment":[{"href":"https:\/\/myhappyhome.site\/en\/wp-json\/wp\/v2\/media?parent=2146"}],"wp:term":[{"taxonomy":"product_brand","embeddable":true,"href":"https:\/\/myhappyhome.site\/en\/wp-json\/wp\/v2\/product_brand?post=2146"},{"taxonomy":"product_cat","embeddable":true,"href":"https:\/\/myhappyhome.site\/en\/wp-json\/wp\/v2\/product_cat?post=2146"},{"taxonomy":"product_tag","embeddable":true,"href":"https:\/\/myhappyhome.site\/en\/wp-json\/wp\/v2\/product_tag?post=2146"}],"curies":[{"name":"wp","href":"https:\/\/api.w.org\/{rel}","templated":true}]}}