{"id":2251,"date":"2025-06-09T01:46:32","date_gmt":"2025-06-09T01:46:32","guid":{"rendered":"https:\/\/myhappyhome.site\/?post_type=product&#038;p=2251"},"modified":"2025-09-07T13:29:18","modified_gmt":"2025-09-07T13:29:18","slug":"set-casseroles-et-poeles-10-pieces-royal-swiss-en-fonte-daluminium-conforme-aux-normes-europeennes","status":"publish","type":"product","link":"https:\/\/myhappyhome.site\/en\/boutique\/cuisine-et-art-de-table\/marmite-casserole\/set-casseroles-et-poeles-10-pieces-royal-swiss-en-fonte-daluminium-conforme-aux-normes-europeennes\/","title":{"rendered":"Set casseroles et po\u00eales 10 pi\u00e8ces ROYAL SWISS &#8211; en fonte d&#8217;aluminium &#8211; conforme aux normes europ\u00e9ennes"},"content":{"rendered":"<h3 style=\"font-size: 125%; text-align: center;\">Caract\u00e9ristiques des casseroles en fonte d&#8217;aluminium Royal Swiss<\/h3>\n<p style=\"text-align: justify; text-indent: 50px;\">Mat\u00e9riau de haute qualit\u00e9 : Aluminium forg\u00e9 avec rev\u00eatement antiadh\u00e9sif en marbre, r\u00e9sistant aux rayures et sans PFAS.<br \/>\nCompatible avec toutes les sources de chaleur : Y compris induction, gaz, \u00e9lectrique et vitroc\u00e9ramique.<br \/>\nPoign\u00e9es soft-touch : Restent froides pour une utilisation s\u00fbre et confortable.Utilisez des ustensiles en bois ou en plastique pour \u00e9viter les rayures.<br \/>\nFacilit\u00e9 d\u2019entretien : Compatible avec le lave-vaisselle, bien qu\u2019un lavage \u00e0 la main soit recommand\u00e9 pour prolonger sa dur\u00e9e de vie.Ne coupez jamais les aliments directement dans la casserole.<br \/>\nSet complet : Comprend des casseroles avec couvercles, une po\u00eale et des gants de cuisine. Lavez les casseroles \u00e0 la main apr\u00e8s refroidissement et \u00e9vitez les \u00e9ponges abrasives.<br \/>\nPrivil\u00e9giez une cuisson \u00e0 feu moyen pour prot\u00e9ger le rev\u00eatement antiadh\u00e9sif. Assurez-vous que les casseroles ne chauffent pas \u00e0 sec ou restent vides sur le feu.<br \/>\nUtilisez une plaque de cuisson adapt\u00e9e et r\u00e9glez la flamme pour qu\u2019elle ne d\u00e9passe pas la base de la casserole. .<\/p>","protected":false},"excerpt":{"rendered":"<ul style=\"font-size: 135%;\">\n<li>Brand: <strong>Royal Swiss<\/strong><\/li>\n<li>Composition:\n<ul style=\"font-size: 90%;\">\n<li>03 casseroles: <strong>\u00d828\u00d712 <\/strong>cm, <strong>7.4<\/strong> L; <strong>\u00d824\u00d710 <\/strong>cm,<strong> 4.5 <\/strong>L; <strong>\u00d820\u00d79 <\/strong>cm,<strong> 2.8 <\/strong>L<\/li>\n<li>01 po\u00eale \u00e0 soupe: <strong>\u00d818\u00d78.5<\/strong> cm, <strong>2<\/strong> L<\/li>\n<li>01 po\u00eale \u00e0 grill: <strong>\u00d828\u00d74.5<\/strong> cm,<\/li>\n<li>01 po\u00eale \u00e0 frite: <strong>\u00d824\u00d75<\/strong>\u00a0cm,<\/li>\n<li>4 couvercles<\/li>\n<\/ul>\n<\/li>\n<li>Material: <strong>fonte d&#8217;aluminium<\/strong><\/li>\n<li>Rev\u00eatement antiadh\u00e9rent: oui<\/li>\n<li>Compatibilit\u00e9 feu: <strong>gaz<\/strong>, <strong>induction<\/strong>, <strong>\u00e9lectrique<\/strong>, <strong>vitroc\u00e9ramique<\/strong><\/li>\n<\/ul>","protected":false},"featured_media":2271,"comment_status":"open","ping_status":"closed","template":"","meta":[],"product_brand":[],"product_cat":[43,27],"product_tag":[],"class_list":{"0":"post-2251","1":"product","2":"type-product","3":"status-publish","4":"has-post-thumbnail","6":"product_cat-marmite-casserole","7":"product_cat-cuisine-et-art-de-table","9":"first","10":"instock","11":"shipping-taxable","12":"purchasable","13":"product-type-simple"},"jetpack_sharing_enabled":true,"_links":{"self":[{"href":"https:\/\/myhappyhome.site\/en\/wp-json\/wp\/v2\/product\/2251","targetHints":{"allow":["GET"]}}],"collection":[{"href":"https:\/\/myhappyhome.site\/en\/wp-json\/wp\/v2\/product"}],"about":[{"href":"https:\/\/myhappyhome.site\/en\/wp-json\/wp\/v2\/types\/product"}],"replies":[{"embeddable":true,"href":"https:\/\/myhappyhome.site\/en\/wp-json\/wp\/v2\/comments?post=2251"}],"wp:featuredmedia":[{"embeddable":true,"href":"https:\/\/myhappyhome.site\/en\/wp-json\/wp\/v2\/media\/2271"}],"wp:attachment":[{"href":"https:\/\/myhappyhome.site\/en\/wp-json\/wp\/v2\/media?parent=2251"}],"wp:term":[{"taxonomy":"product_brand","embeddable":true,"href":"https:\/\/myhappyhome.site\/en\/wp-json\/wp\/v2\/product_brand?post=2251"},{"taxonomy":"product_cat","embeddable":true,"href":"https:\/\/myhappyhome.site\/en\/wp-json\/wp\/v2\/product_cat?post=2251"},{"taxonomy":"product_tag","embeddable":true,"href":"https:\/\/myhappyhome.site\/en\/wp-json\/wp\/v2\/product_tag?post=2251"}],"curies":[{"name":"wp","href":"https:\/\/api.w.org\/{rel}","templated":true}]}}