{"id":2303,"date":"2025-06-09T14:32:53","date_gmt":"2025-06-09T14:32:53","guid":{"rendered":"https:\/\/myhappyhome.site\/?post_type=product&#038;p=2303"},"modified":"2025-10-07T07:38:58","modified_gmt":"2025-10-07T07:38:58","slug":"royalty-line-rl-fdn28","status":"publish","type":"product","link":"https:\/\/myhappyhome.site\/en\/boutique\/cuisine-et-art-de-table\/poele-sauteuse\/royalty-line-rl-fdn28\/","title":{"rendered":"Po\u00eale sauteuse ROYALTY LINE RL-FDN28 &#8211; \u00d828 cm &#8211; conforme aux normes europ\u00e9ennes"},"content":{"rendered":"<h3 style=\"font-size: 125%; text-align: center;\">Description et Caract\u00e9ristiques de la po\u00eale Royalty Line<\/h3>\n<p style=\"text-indent: 50px; text-align: justify;\">Cuisinez comme un pro avec une po\u00eale en aluminium plus \u00e9paisse qui chauffe plus rapidement et fournit une chaleur fiable et uniforme \u00e0 chaque fois.<br \/>\nLe pot \u00e0 bouillon antiadh\u00e9sif Royalty Line\u00ae est fabriqu\u00e9 avec un rev\u00eatement en titane de la plus haute qualit\u00e9 en provenance d&#8217;Angleterre et utilise les derni\u00e8res technologies.<br \/>\nLe couvercle en verre tremp\u00e9 sans cadre est plus durable que les couvercles en verre ordinaires et vous permet d&#8217;observer vos aliments pendant la cuisson et passe au lave-vaisselle.<br \/>\nProfitez des avantages r\u00e9volutionnaires de chauffage uniforme et antiadh\u00e9sif du QuanTanium qui chauffe plus rapidement et est durable, sans PFOA, plomb ou cadmium.<br \/>\nMieux encore, la po\u00eale antiadh\u00e9sive Royalty Line\u00ae est non seulement efficace, mais aussi saine pour votre famille.<br \/>\nChoisissez parmi 3 tailles de bocaux de conservation antiadh\u00e9sifs (20\/24\/28 cm) et d\u00e9couvrez \u00e0 quel point il est facile de pr\u00e9parer de d\u00e9licieux repas sains \u00e0 la maison sans huiles ni beurres ajout\u00e9s.<\/p>\n<p style=\"text-align: justify;\"><strong>Sain et non toxique<\/strong>: la po\u00eale de 28 cm avec couvercle est dot\u00e9e d&#8217;un rev\u00eatement en marbre sain, exempt de PFOS, PFOA, etc., afin que vous puissiez d\u00e9guster des repas d\u00e9licieux et nutritifs en toute tranquillit\u00e9.<\/p>\n<p style=\"text-align: justify;\"><strong>Facile \u00e0 nettoyer<\/strong>: le rev\u00eatement antiadh\u00e9sif en granit rugueux emp\u00eache les aliments et les sauces collantes de coller \u00e0 la po\u00eale et de br\u00fbler, ce qui facilite le nettoyage.<\/p>\n<p style=\"text-align: justify;\"><strong>Chauffage efficace<\/strong>: la structure en aluminium de cette po\u00eale assure une r\u00e9partition efficace de la chaleur, de sorte que la marmite cuit rapidement et uniform\u00e9ment et vous fait gagner du temps en cuisine.<\/p>\n<p style=\"text-align: justify;\"><strong>Compatible avec tous types de po\u00eales<\/strong>: comprenant des plaques de cuisson \u00e0 gaz, \u00e9lectriques, halog\u00e8nes, vitroc\u00e9ramiques et \u00e0 induction, cette marmite \u00e0 induction offre une flexibilit\u00e9 pour tout environnement de cuisine.<\/p>\n<p style=\"text-align: justify;\"><strong>Couvercle en verre incassable<\/strong>: la conception perfor\u00e9e permet \u00e0 l&#8217;exc\u00e8s de vapeur d&#8217;eau de s&#8217;\u00e9chapper, pr\u00e9servant le go\u00fbt original des aliments et vous permettant de v\u00e9rifier l&#8217;\u00e9tat de cuisson \u00e0 tout moment.<\/p>\n<p style=\"text-align: justify;\"><strong>Plusieurs modes de cuisson<\/strong>: la cocotte antiadh\u00e9sive avec couvercle Royalty Line est un ustensile de cuisine essentiel dans la cuisine, vous permettant de pr\u00e9parer facilement une vari\u00e9t\u00e9 de plats \u00e0 la maison, comme du curry, des p\u00e2tes, des l\u00e9gumes, etc.<\/p>\n<p><strong>Caract\u00e9ristiques<\/strong>:<\/p>\n<ul>\n<li>Rev\u00eatement antiadh\u00e9sif<\/li>\n<li>Poign\u00e9e ergonomique<\/li>\n<li>Convient \u00e0 toutes les sources de chaleur<\/li>\n<\/ul>\n<p style=\"text-align: center;\"><strong>\u00c0 propos de Royalty Line<\/strong><\/p>\n<p style=\"text-align: justify;\">Depuis sa fondation, Royalty Line a introduit sur le march\u00e9 mondial des concepts et des designs appliqu\u00e9s aux articles de cuisine et de m\u00e9nage. Royalty Line vise \u00e0 proposer les produits les plus simples en termes d&#8217;utilisation, de durabilit\u00e9 et d&#8217;innovation. Cela fait de Royalty Line une marque forte sur le march\u00e9 concurrentiel.<\/p>","protected":false},"excerpt":{"rendered":"<ul style=\"font-size: 135%;\">\n<li>Brand: <strong>Royalty Line\u00a0<\/strong><\/li>\n<li>Model: <strong>FDN28<\/strong><\/li>\n<li>Material: <strong>fonte d&#8217;aluminium<\/strong><\/li>\n<li>Couvercle en verre: <strong>oui<\/strong><\/li>\n<li>Rev\u00eatement antiadh\u00e9rent: <strong>oui<\/strong><\/li>\n<li>Dimensions: <strong>Diam\u00e8tre 28<\/strong>\u00a0cm &#8211; <strong>Hauteur: 9<\/strong> cm<\/li>\n<li>Capacity: <strong>3.5<\/strong> litres<\/li>\n<li>Compatibilit\u00e9 feu: <strong>gaz<\/strong>, <strong>induction<\/strong>, <strong>\u00e9lectrique<\/strong>, <strong>vitroc\u00e9ramique, Halog\u00e8ne<\/strong><\/li>\n<\/ul>","protected":false},"featured_media":2244,"comment_status":"open","ping_status":"closed","template":"","meta":[],"product_brand":[],"product_cat":[27,46],"product_tag":[],"class_list":{"0":"post-2303","1":"product","2":"type-product","3":"status-publish","4":"has-post-thumbnail","6":"product_cat-cuisine-et-art-de-table","7":"product_cat-poele-sauteuse","9":"first","10":"instock","11":"shipping-taxable","12":"purchasable","13":"product-type-simple"},"jetpack_sharing_enabled":true,"_links":{"self":[{"href":"https:\/\/myhappyhome.site\/en\/wp-json\/wp\/v2\/product\/2303","targetHints":{"allow":["GET"]}}],"collection":[{"href":"https:\/\/myhappyhome.site\/en\/wp-json\/wp\/v2\/product"}],"about":[{"href":"https:\/\/myhappyhome.site\/en\/wp-json\/wp\/v2\/types\/product"}],"replies":[{"embeddable":true,"href":"https:\/\/myhappyhome.site\/en\/wp-json\/wp\/v2\/comments?post=2303"}],"wp:featuredmedia":[{"embeddable":true,"href":"https:\/\/myhappyhome.site\/en\/wp-json\/wp\/v2\/media\/2244"}],"wp:attachment":[{"href":"https:\/\/myhappyhome.site\/en\/wp-json\/wp\/v2\/media?parent=2303"}],"wp:term":[{"taxonomy":"product_brand","embeddable":true,"href":"https:\/\/myhappyhome.site\/en\/wp-json\/wp\/v2\/product_brand?post=2303"},{"taxonomy":"product_cat","embeddable":true,"href":"https:\/\/myhappyhome.site\/en\/wp-json\/wp\/v2\/product_cat?post=2303"},{"taxonomy":"product_tag","embeddable":true,"href":"https:\/\/myhappyhome.site\/en\/wp-json\/wp\/v2\/product_tag?post=2303"}],"curies":[{"name":"wp","href":"https:\/\/api.w.org\/{rel}","templated":true}]}}