{"id":2313,"date":"2025-06-11T07:26:53","date_gmt":"2025-06-11T07:26:53","guid":{"rendered":"https:\/\/myhappyhome.site\/?post_type=product&#038;p=2313"},"modified":"2025-09-07T14:47:06","modified_gmt":"2025-09-07T14:47:06","slug":"ustensiles-de-cuisine-en-silicone-royal-swiss-7-pieces","status":"publish","type":"product","link":"https:\/\/myhappyhome.site\/en\/boutique\/cuisine-et-art-de-table\/ustensiles\/ustensiles-de-cuisine-en-silicone-royal-swiss-7-pieces\/","title":{"rendered":"ustensiles de cuisine en silicone ROYAL SWISS &#8211; 7 pieces &#8211; conforme aux normes europ\u00e9ennes"},"content":{"rendered":"<h3 style=\"text-align: center; font-size: 135%;\">SP\u00c9CIFICATIONS DES USTENSILES ROYAL SWISS<\/h3>\n<p style=\"text-align: justify; text-indent: 50px;\">Avec l&#8217;ensemble d&#8217;ustensiles de cuisine de Royal Swiss , vous avez tous vos ustensiles de cuisine pr\u00e9f\u00e9r\u00e9s ensemble. Cet ensemble de 7 pi\u00e8ces est sp\u00e9cialement con\u00e7u pour les casseroles avec un rev\u00eatement antiadh\u00e9sif. Gr\u00e2ce aux mat\u00e9riaux tr\u00e8s solides et durables, la spatule est sans danger pour toutes les casseroles antiadh\u00e9sives et aucun dommage ne se produit. La batterie de cuisine est r\u00e9sistante \u00e0 la chaleur jusqu&#8217;\u00e0 210 degr\u00e9s Celsius et dispose d&#8217;une fonction anti-adh\u00e9sive, de sorte que vos aliments ne collent pas \u00e0 la batterie de cuisine. Cela facilite grandement le ramassage de la nourriture<\/p>","protected":false},"excerpt":{"rendered":"<ul style=\"font-size: 135%;\">\n<li>Brand: <strong>Royal Swiss<\/strong><\/li>\n<li>Usage: recommand\u00e9 pour <strong>pr\u00e9server<\/strong> les rev\u00eatement antiadh\u00e9sif<\/li>\n<li>Composition: Louche, \u00e9cumoire, cuill\u00e8re \u00e0 p\u00e2tes, cuill\u00e8re \u00e0 soupe, spatule, support<\/li>\n<li>Material: <strong>silicone<\/strong> et <strong>bois<\/strong><\/li>\n<li>R\u00e9sistance \u00e0 chaleur: jusqu&#8217;\u00e0 <strong>210<\/strong> degr\u00e9s<\/li>\n<\/ul>","protected":false},"featured_media":2311,"comment_status":"open","ping_status":"closed","template":"","meta":[],"product_brand":[],"product_cat":[27,45],"product_tag":[],"class_list":{"0":"post-2313","1":"product","2":"type-product","3":"status-publish","4":"has-post-thumbnail","6":"product_cat-cuisine-et-art-de-table","7":"product_cat-ustensiles","9":"first","10":"instock","11":"shipping-taxable","12":"purchasable","13":"product-type-simple"},"jetpack_sharing_enabled":true,"_links":{"self":[{"href":"https:\/\/myhappyhome.site\/en\/wp-json\/wp\/v2\/product\/2313","targetHints":{"allow":["GET"]}}],"collection":[{"href":"https:\/\/myhappyhome.site\/en\/wp-json\/wp\/v2\/product"}],"about":[{"href":"https:\/\/myhappyhome.site\/en\/wp-json\/wp\/v2\/types\/product"}],"replies":[{"embeddable":true,"href":"https:\/\/myhappyhome.site\/en\/wp-json\/wp\/v2\/comments?post=2313"}],"wp:featuredmedia":[{"embeddable":true,"href":"https:\/\/myhappyhome.site\/en\/wp-json\/wp\/v2\/media\/2311"}],"wp:attachment":[{"href":"https:\/\/myhappyhome.site\/en\/wp-json\/wp\/v2\/media?parent=2313"}],"wp:term":[{"taxonomy":"product_brand","embeddable":true,"href":"https:\/\/myhappyhome.site\/en\/wp-json\/wp\/v2\/product_brand?post=2313"},{"taxonomy":"product_cat","embeddable":true,"href":"https:\/\/myhappyhome.site\/en\/wp-json\/wp\/v2\/product_cat?post=2313"},{"taxonomy":"product_tag","embeddable":true,"href":"https:\/\/myhappyhome.site\/en\/wp-json\/wp\/v2\/product_tag?post=2313"}],"curies":[{"name":"wp","href":"https:\/\/api.w.org\/{rel}","templated":true}]}}