{"id":2681,"date":"2025-06-18T15:38:34","date_gmt":"2025-06-18T15:38:34","guid":{"rendered":"https:\/\/myhappyhome.site\/?post_type=product&#038;p=2681"},"modified":"2026-01-26T12:27:56","modified_gmt":"2026-01-26T12:27:56","slug":"lg-sn11rg","status":"publish","type":"product","link":"https:\/\/myhappyhome.site\/en\/boutique\/images-et-sons\/audio\/lg-sn11rg\/","title":{"rendered":"LG SN11RG Wireless Audio System \u2013 770W \u2013 Compliant with European Standards"},"content":{"rendered":"<p>Description<\/p>\n<p>La technologie Meridian pour un son exceptionnel<\/p>\n<p>D\u00e9sormais \u00e9quip\u00e9e de la technologie avanc\u00e9e de traitement num\u00e9rique des signaux de Meridian. D\u00e9couvrez la qualit\u00e9 du son et une sc\u00e8ne sonore \u00e9tendue.<\/p>\n<p>&nbsp;<\/p>\n<p>Entendez la diff\u00e9rence avec le son immersif 3D<\/p>\n<p>Dolby Atmos et le DTS:X transforme votre maison en cin\u00e9ma pour le visionnage le plus immersif de tous vos films pr\u00e9f\u00e9r\u00e9s.<\/p>\n<p>&nbsp;<\/p>\n<p>Remplissez la salle avec un son surround 7.1.4 ch<\/p>\n<p>La LG SN11RG supporte le 7.1.4 ch avec ses haut-parleurs arri\u00e8re sans fil. Regardez toujours la t\u00e9l\u00e9vision avec le son le plus immersif possible.<\/p>\n<p>&nbsp;<\/p>\n<p>Bien plus encore gr\u00e2ce \u00e0 la commande vocale<\/p>\n<p>Avec l\u2019Assistant Google, vous pouvez \u00e9couter de la musique, trouver des r\u00e9ponses sur Google, g\u00e9rer vos t\u00e2ches quotidiennes et contr\u00f4ler facilement les appareils intelligents de votre maison simplement \u00e0 la voix.<\/p>\n<p>&nbsp;<\/p>\n<p>AI Room Calibration &#8211; Un son adapt\u00e9 \u00e0 votre Espace<\/p>\n<p>D\u00e9terminez la meilleure configuration de la barre de son pour votre espace. AI Room Calibration corrige la fine distorsion sonore des objets pr\u00e9sents dans votre pi\u00e8ce en seulement 15 secondes.<\/p>\n<p>&nbsp;<\/p>\n<p>AI Sound Pro &#8211; Un son adapt\u00e9 \u00e0 ce que vous regardez<\/p>\n<p>AI Sound Pro analyse automatiquement le contenu pour optimiser les param\u00e8tres audio en fonction de ce qui est jou\u00e9. Selon le genre, profitez de dialogues clairs ou \u00e0 d\u2019une action plus percutante et puissante.<\/p>","protected":false},"excerpt":{"rendered":"<ul style=\"font-size: 135%;\">\n<li>Brand: <strong>LG<\/strong><\/li>\n<li>Model: <strong>SN11RG<\/strong><\/li>\n<li>Composition: <strong>Barre principale<\/strong>, <strong>caisson de basse<\/strong>, 02 <strong>enceinte<\/strong> arri\u00e8re.<\/li>\n<li>Accessoires:<strong> t\u00e9l\u00e9commande, c\u00e2ble optique, support mural.<\/strong><\/li>\n<li>Puissance Audio: <strong>770<\/strong> watts<\/li>\n<li>Connectivit\u00e9: <strong>USB<\/strong>, <strong>optique<\/strong>, <strong>bluetooth<\/strong>, <strong>wifi<\/strong>, <strong>Chromecast, Google assistant.<\/strong><\/li>\n<li>Poids brut: <strong>25,3<\/strong> kg<\/li>\n<\/ul>","protected":false},"featured_media":2810,"comment_status":"open","ping_status":"closed","template":"","meta":[],"product_brand":[],"product_cat":[49,16],"product_tag":[],"class_list":{"0":"post-2681","1":"product","2":"type-product","3":"status-publish","4":"has-post-thumbnail","6":"product_cat-audio","7":"product_cat-images-et-sons","9":"first","10":"instock","11":"shipping-taxable","12":"purchasable","13":"product-type-simple"},"jetpack_sharing_enabled":true,"_links":{"self":[{"href":"https:\/\/myhappyhome.site\/en\/wp-json\/wp\/v2\/product\/2681","targetHints":{"allow":["GET"]}}],"collection":[{"href":"https:\/\/myhappyhome.site\/en\/wp-json\/wp\/v2\/product"}],"about":[{"href":"https:\/\/myhappyhome.site\/en\/wp-json\/wp\/v2\/types\/product"}],"replies":[{"embeddable":true,"href":"https:\/\/myhappyhome.site\/en\/wp-json\/wp\/v2\/comments?post=2681"}],"wp:featuredmedia":[{"embeddable":true,"href":"https:\/\/myhappyhome.site\/en\/wp-json\/wp\/v2\/media\/2810"}],"wp:attachment":[{"href":"https:\/\/myhappyhome.site\/en\/wp-json\/wp\/v2\/media?parent=2681"}],"wp:term":[{"taxonomy":"product_brand","embeddable":true,"href":"https:\/\/myhappyhome.site\/en\/wp-json\/wp\/v2\/product_brand?post=2681"},{"taxonomy":"product_cat","embeddable":true,"href":"https:\/\/myhappyhome.site\/en\/wp-json\/wp\/v2\/product_cat?post=2681"},{"taxonomy":"product_tag","embeddable":true,"href":"https:\/\/myhappyhome.site\/en\/wp-json\/wp\/v2\/product_tag?post=2681"}],"curies":[{"name":"wp","href":"https:\/\/api.w.org\/{rel}","templated":true}]}}