{"id":2776,"date":"2025-06-20T17:27:07","date_gmt":"2025-06-20T17:27:07","guid":{"rendered":"https:\/\/myhappyhome.site\/?post_type=product&#038;p=2776"},"modified":"2025-09-07T14:47:06","modified_gmt":"2025-09-07T14:47:06","slug":"set-ustensiles-royalty-line-rl-kss700-08-pieces","status":"publish","type":"product","link":"https:\/\/myhappyhome.site\/en\/boutique\/cuisine-et-art-de-table\/ustensiles\/set-ustensiles-royalty-line-rl-kss700-08-pieces\/","title":{"rendered":"Set ustensiles ROYALTY LINE RL-KSS700 &#8211; 08 pieces &#8211; conforme aux normes europ\u00e9ennes"},"content":{"rendered":"<h3 style=\"text-align: center; font-size: 135%;\">DESCRIPTION DES USTENSILES ROYALTY LINE<\/h3>\n<p style=\"text-align: justify; text-indent: 50px;\">Cet ensemble de 8 ustensiles compl\u00e9tera votre cuisine. Fabriqu\u00e9s en acier inoxydable de haute qualit\u00e9, ils sont tr\u00e8s complets et comprennent, entre autres, un couteau de chef traditionnel, un couteau \u00e0 pain, un aiguiseur et bien d&#8217;autres couteaux.<\/p>\n<ul>\n<li>1 Couteau couperet de 17 cm<\/li>\n<li>1 Couteau de chef de 20 cm<\/li>\n<li>1 Couteau \u00e0 pain de\u00a0 20 cm<\/li>\n<li>1 Couteau utilitaire de 13 cm<\/li>\n<li>1 Couteau d&#8217;office de 9 cm<\/li>\n<li>Une paire de Ciseaux<\/li>\n<li>1 Aiguiseur<\/li>\n<li>1 Standard<\/li>\n<\/ul>","protected":false},"excerpt":{"rendered":"<ul style=\"font-size: 135%;\">\n<li>Brand: <strong>Royalty Line<\/strong><\/li>\n<li>Model: <strong>RL-KSS700<\/strong><\/li>\n<li>Composition:\u00a005 couteaux, 01 paire de ciseaux, 01 fusil \u00e0 aiguiser<\/li>\n<li>Material: <strong>acier inoxydable<\/strong><\/li>\n<li>Dimensions: <strong>17\u00d738<\/strong> cm<\/li>\n<li>Poids: <strong>1.9<\/strong> kg<\/li>\n<\/ul>","protected":false},"featured_media":2786,"comment_status":"open","ping_status":"closed","template":"","meta":[],"product_brand":[],"product_cat":[27,45],"product_tag":[],"class_list":{"0":"post-2776","1":"product","2":"type-product","3":"status-publish","4":"has-post-thumbnail","6":"product_cat-cuisine-et-art-de-table","7":"product_cat-ustensiles","9":"first","10":"instock","11":"shipping-taxable","12":"purchasable","13":"product-type-simple"},"jetpack_sharing_enabled":true,"_links":{"self":[{"href":"https:\/\/myhappyhome.site\/en\/wp-json\/wp\/v2\/product\/2776","targetHints":{"allow":["GET"]}}],"collection":[{"href":"https:\/\/myhappyhome.site\/en\/wp-json\/wp\/v2\/product"}],"about":[{"href":"https:\/\/myhappyhome.site\/en\/wp-json\/wp\/v2\/types\/product"}],"replies":[{"embeddable":true,"href":"https:\/\/myhappyhome.site\/en\/wp-json\/wp\/v2\/comments?post=2776"}],"wp:featuredmedia":[{"embeddable":true,"href":"https:\/\/myhappyhome.site\/en\/wp-json\/wp\/v2\/media\/2786"}],"wp:attachment":[{"href":"https:\/\/myhappyhome.site\/en\/wp-json\/wp\/v2\/media?parent=2776"}],"wp:term":[{"taxonomy":"product_brand","embeddable":true,"href":"https:\/\/myhappyhome.site\/en\/wp-json\/wp\/v2\/product_brand?post=2776"},{"taxonomy":"product_cat","embeddable":true,"href":"https:\/\/myhappyhome.site\/en\/wp-json\/wp\/v2\/product_cat?post=2776"},{"taxonomy":"product_tag","embeddable":true,"href":"https:\/\/myhappyhome.site\/en\/wp-json\/wp\/v2\/product_tag?post=2776"}],"curies":[{"name":"wp","href":"https:\/\/api.w.org\/{rel}","templated":true}]}}