{"id":2799,"date":"2025-06-22T04:46:37","date_gmt":"2025-06-22T04:46:37","guid":{"rendered":"https:\/\/myhappyhome.site\/?post_type=product&#038;p=2799"},"modified":"2025-09-07T11:14:39","modified_gmt":"2025-09-07T11:14:39","slug":"defroisseur-tefal-ixeo-qt1020","status":"publish","type":"product","link":"https:\/\/myhappyhome.site\/en\/boutique\/electromenager\/repassage\/defroisseur-tefal-ixeo-qt1020\/","title":{"rendered":"TEFAL IXEO QT1020 steamer \u2013 1600 watts \u2013 complies with European standards"},"content":{"rendered":"<h3 style=\"font-size: 120%; text-align: center;\">PRODUCT DESCRIPTION<\/h3>\n<ul style=\"text-align: justify;\">\n<li>La premi\u00e8re solution intelligente tout-en-un pour l&#8217;entretien des v\u00eatements: repassage et d\u00e9froissage avec une planche verticale int\u00e9gr\u00e9e \u00e0 3 positions.<\/li>\n<li>La planche intelligente brevet\u00e9e int\u00e9gr\u00e9e offre trois positions verticales et inclin\u00e9es pour un repassage et un d\u00e9froissage de haute qualit\u00e9, sans planche \u00e0 repasser.<\/li>\n<li>D\u00e9froissage haute efficacit\u00e9, puissance de 1600 Watts, technologie Turbo Steam, pression de pompe de 5 bars.<\/li>\n<li>T\u00eate de repassage facile: deux fois plus l\u00e9g\u00e8re qu&#8217;un fer \u00e0 vapeur traditionnel pour un repassage et un d\u00e9froissage ultra-pratiques.<\/li>\n<li>Temps de chauffe rapide de 45 secondes, id\u00e9al pour les retouches de derni\u00e8re minute.<\/li>\n<li>La premi\u00e8re solution intelligente tout-en-un pour l&#8217;entretien des v\u00eatements: repassage et d\u00e9froissage avec une planche verticale int\u00e9gr\u00e9e \u00e0 3 positions.<\/li>\n<li>D\u00e9froissage haute efficacit\u00e9, puissance de 1600 Watts, technologie Turbo Steam, pression de pompe de 5 bars.<\/li>\n<li>T\u00eate de repassage facile: deux fois plus l\u00e9g\u00e8re qu&#8217;un fer \u00e0 vapeur traditionnel pour un repassage et un d\u00e9froissage ultra-pratiques.<\/li>\n<li>Temps de chauffe rapide de 45 secondes, id\u00e9al pour les retouches de derni\u00e8re minute<\/li>\n<\/ul>","protected":false},"excerpt":{"rendered":"<ul style=\"font-size: 135%;\">\n<li>Brand: <strong>TEFAL<\/strong><\/li>\n<li>Model: <strong>IXEO QT1020<\/strong><\/li>\n<li>Power: <strong>1600<\/strong> watts<\/li>\n<li><span class=\"a-list-item\">Capacit\u00e9 du r\u00e9servoir : <strong>1<\/strong> litre<\/span><\/li>\n<li><span class=\"a-list-item\">Semelle: Xpress Glide avec rev\u00eatement <strong>c\u00e9ramique<\/strong><\/span><\/li>\n<li>Autonomie: <strong>40<\/strong> minutes<\/li>\n<li>Dimensions: <strong>40L\u00d740l\u00d716.8H<\/strong>\u00a0cm<\/li>\n<li><span class=\"a-list-item\">Couleur : <strong>noir<\/strong><\/span><\/li>\n<\/ul>\n<p>&nbsp;<\/p>","protected":false},"featured_media":3811,"comment_status":"open","ping_status":"closed","template":"","meta":[],"product_brand":[],"product_cat":[21,38],"product_tag":[],"class_list":{"0":"post-2799","1":"product","2":"type-product","3":"status-publish","4":"has-post-thumbnail","6":"product_cat-electromenager","7":"product_cat-repassage","9":"first","10":"instock","11":"shipping-taxable","12":"purchasable","13":"product-type-simple"},"jetpack_sharing_enabled":true,"_links":{"self":[{"href":"https:\/\/myhappyhome.site\/en\/wp-json\/wp\/v2\/product\/2799","targetHints":{"allow":["GET"]}}],"collection":[{"href":"https:\/\/myhappyhome.site\/en\/wp-json\/wp\/v2\/product"}],"about":[{"href":"https:\/\/myhappyhome.site\/en\/wp-json\/wp\/v2\/types\/product"}],"replies":[{"embeddable":true,"href":"https:\/\/myhappyhome.site\/en\/wp-json\/wp\/v2\/comments?post=2799"}],"wp:featuredmedia":[{"embeddable":true,"href":"https:\/\/myhappyhome.site\/en\/wp-json\/wp\/v2\/media\/3811"}],"wp:attachment":[{"href":"https:\/\/myhappyhome.site\/en\/wp-json\/wp\/v2\/media?parent=2799"}],"wp:term":[{"taxonomy":"product_brand","embeddable":true,"href":"https:\/\/myhappyhome.site\/en\/wp-json\/wp\/v2\/product_brand?post=2799"},{"taxonomy":"product_cat","embeddable":true,"href":"https:\/\/myhappyhome.site\/en\/wp-json\/wp\/v2\/product_cat?post=2799"},{"taxonomy":"product_tag","embeddable":true,"href":"https:\/\/myhappyhome.site\/en\/wp-json\/wp\/v2\/product_tag?post=2799"}],"curies":[{"name":"wp","href":"https:\/\/api.w.org\/{rel}","templated":true}]}}