{"id":2837,"date":"2025-06-24T22:09:58","date_gmt":"2025-06-24T22:09:58","guid":{"rendered":"https:\/\/myhappyhome.site\/?post_type=product&#038;p=2837"},"modified":"2026-01-26T12:18:42","modified_gmt":"2026-01-26T12:18:42","slug":"philips-ambilight-75pus8079-12","status":"publish","type":"product","link":"https:\/\/myhappyhome.site\/en\/boutique\/images-et-sons\/tv-et-moniteur\/philips-ambilight-75pus8079-12\/","title":{"rendered":"Smart Tv PHILIPS Ambilight 75PUS8079\/12 &#8211; 75 pouces &#8211; 4K UHD &#8211; conforme aux normes europ\u00e9ennes"},"content":{"rendered":"<h2 style=\"font-size: 110%; text-align: center;\"><strong>Sp\u00e9cification compl\u00e8te du Philips ambilight <\/strong><strong>75PUS8079\/12\u00a0<\/strong><\/h2>\n<p style=\"font-size: 85%;\"><b style=\"font-size: 85%;\">\u00a0<\/b><\/p>\n<div id=\"see-all-benefits\" class=\"p-s01__pdp-overview-wraper\">\n<div class=\"s01highlight s01-highlights-banner component-base\">\n<section class=\"p-s01-highlights\">\n<div class=\"p-row-gutter p-comp-spacing-bottom\">\n<h2 class=\"p-heading-02 p-heading-medium p-s01__highlights-title\">T\u00e9l\u00e9viseur\u00a04K Ambilight<\/h2>\n<ul class=\"p-bullets p-large p-s01__bullets p-heading-medium\">\n<li class=\"p-s01__bullet\">T\u00e9l\u00e9viseur AMBILIGHT 189 cm (75&#8243;)<\/li>\n<li class=\"p-s01__bullet\">Pixel\u00a0Precise\u00a0Ultra\u00a0HD<\/li>\n<li class=\"p-s01__bullet\">Plateforme intelligente avec syst\u00e8me d&#8217;exploitation Titan<\/li>\n<li class=\"p-s01__bullet\">Son Dolby\u00a0Atmos<\/li>\n<\/ul>\n<\/div>\n<\/section>\n<\/div>\n<\/div>\n<div class=\"productFeatures s12-product-features component-base\">\n<section class=\"p-complete p-s12-product-features\" data-close-popup-label=\"Retour\">\n<div class=\"p-row-gutter p-comp-spacing-bottom\">\n<div class=\"p-s12__feature-list\">\n<div class=\"p-s12__row\">\n<div class=\"p-s12__feature-item p-spacing-bottom-c\">\n<div class=\"p-s12__feature-image p-spacing-bottom-a\"><picture class=\"p-picture\"><source srcset=\"https:\/\/images.philips.com\/is\/image\/philipsconsumer\/84c4175461a245639534b107002cd5f0?wid=305&amp;hei=173&amp;$jpglarge$, https:\/\/images.philips.com\/is\/image\/philipsconsumer\/84c4175461a245639534b107002cd5f0?wid=610&amp;hei=346&amp;$jpglarge$ 2x\" media=\"(min-width: 961px)\" \/><source srcset=\"https:\/\/images.philips.com\/is\/image\/philipsconsumer\/84c4175461a245639534b107002cd5f0?wid=305&amp;hei=173&amp;$jpglarge$, https:\/\/images.philips.com\/is\/image\/philipsconsumer\/84c4175461a245639534b107002cd5f0?wid=610&amp;hei=346&amp;$jpglarge$ 2x\" media=\"(min-width: 701px)\" \/><source srcset=\"https:\/\/images.philips.com\/is\/image\/philipsconsumer\/84c4175461a245639534b107002cd5f0?wid=218&amp;hei=122&amp;$jpglarge$, https:\/\/images.philips.com\/is\/image\/philipsconsumer\/84c4175461a245639534b107002cd5f0?wid=436&amp;hei=244&amp;$jpglarge$ 2x\" media=\"(min-width: 451px)\" \/><source srcset=\"https:\/\/images.philips.com\/is\/image\/philipsconsumer\/84c4175461a245639534b107002cd5f0?wid=438&amp;hei=245&amp;$jpglarge$, https:\/\/images.philips.com\/is\/image\/philipsconsumer\/84c4175461a245639534b107002cd5f0?wid=876&amp;hei=490&amp;$jpglarge$ 2x\" media=\"\" \/><img decoding=\"async\" class=\"\" src=\"https:\/\/images.philips.com\/is\/image\/philipsconsumer\/84c4175461a245639534b107002cd5f0?wid=305&amp;hei=173&amp;$jpglarge$\" alt=\"L'immersion dans les contenus que vous aimez. T\u00e9l\u00e9viseur Ambilight.\" \/><\/picture><\/div>\n<div class=\"p-s12__feature-description p-spacing-bottom-a\">\n<h3 class=\"p-heading-04-large p-heading-bold p-feature-title\">L&#8217;immersion dans les contenus que vous aimez. T\u00e9l\u00e9viseur Ambilight.<\/h3>\n<p class=\"p-body-copy-02\">Les t\u00e9l\u00e9viseurs\u00a0Ambilight sont \u00e9quip\u00e9s de LED int\u00e9gr\u00e9es plac\u00e9es derri\u00e8re l&#8217;\u00e9cran qui r\u00e9agissent \u00e0 l&#8217;image affich\u00e9e pour vous plonger au c\u0153ur d&#8217;un halo de lumi\u00e8re color\u00e9e. Tout est transform\u00e9\u00a0: votre t\u00e9l\u00e9viseur semble plus grand et l&#8217;immersion dans vos sports, films, musiques et jeux pr\u00e9f\u00e9r\u00e9s est totale.<\/p>\n<\/div>\n<\/div>\n<div class=\"p-s12__feature-item p-spacing-bottom-c\">\n<div class=\"p-s12__feature-image p-spacing-bottom-a\"><picture class=\"p-picture\"><source srcset=\"https:\/\/images.philips.com\/is\/image\/philipsconsumer\/de26193c1f6740eea900b107002cdcf9?wid=305&amp;hei=173&amp;$jpglarge$, https:\/\/images.philips.com\/is\/image\/philipsconsumer\/de26193c1f6740eea900b107002cdcf9?wid=610&amp;hei=346&amp;$jpglarge$ 2x\" media=\"(min-width: 961px)\" \/><source srcset=\"https:\/\/images.philips.com\/is\/image\/philipsconsumer\/de26193c1f6740eea900b107002cdcf9?wid=305&amp;hei=173&amp;$jpglarge$, https:\/\/images.philips.com\/is\/image\/philipsconsumer\/de26193c1f6740eea900b107002cdcf9?wid=610&amp;hei=346&amp;$jpglarge$ 2x\" media=\"(min-width: 701px)\" \/><source srcset=\"https:\/\/images.philips.com\/is\/image\/philipsconsumer\/de26193c1f6740eea900b107002cdcf9?wid=218&amp;hei=122&amp;$jpglarge$, https:\/\/images.philips.com\/is\/image\/philipsconsumer\/de26193c1f6740eea900b107002cdcf9?wid=436&amp;hei=244&amp;$jpglarge$ 2x\" media=\"(min-width: 451px)\" \/><source srcset=\"https:\/\/images.philips.com\/is\/image\/philipsconsumer\/de26193c1f6740eea900b107002cdcf9?wid=438&amp;hei=245&amp;$jpglarge$, https:\/\/images.philips.com\/is\/image\/philipsconsumer\/de26193c1f6740eea900b107002cdcf9?wid=876&amp;hei=490&amp;$jpglarge$ 2x\" media=\"\" \/><img decoding=\"async\" class=\"\" src=\"https:\/\/images.philips.com\/is\/image\/philipsconsumer\/de26193c1f6740eea900b107002cdcf9?wid=305&amp;hei=173&amp;$jpglarge$\" alt=\"Une image pleine de vie, lumineuse et ultra-nette.\" \/><\/picture><\/div>\n<div class=\"p-s12__feature-description p-spacing-bottom-a\">\n<h3 class=\"p-heading-04-large p-heading-bold p-feature-title\">Une image pleine de vie, lumineuse et ultra-nette.<\/h3>\n<p class=\"p-body-copy-02\">Appr\u00e9ciez tout ce que vous regardez avec ce t\u00e9l\u00e9viseur Ambilight\u00a0LED 4K (UHD). Le moteur Philips Pixel\u00a0Precise\u00a0Ultra\u00a0HD optimise la qualit\u00e9 de l&#8217;image pour offrir des images ultra-nettes, des couleurs riches et des mouvements fluides. Vous b\u00e9n\u00e9ficierez toujours d&#8217;une exp\u00e9rience visuelle optimale.<\/p>\n<\/div>\n<\/div>\n<div class=\"p-s12__feature-item p-spacing-bottom-c\">\n<div class=\"p-s12__feature-image p-spacing-bottom-a\"><picture class=\"p-picture\"><source srcset=\"https:\/\/images.philips.com\/is\/image\/philipsconsumer\/991c6a1ec8fe4f5f9afab101005b544c?wid=305&amp;hei=173&amp;$jpglarge$, https:\/\/images.philips.com\/is\/image\/philipsconsumer\/991c6a1ec8fe4f5f9afab101005b544c?wid=610&amp;hei=346&amp;$jpglarge$ 2x\" media=\"(min-width: 961px)\" \/><source srcset=\"https:\/\/images.philips.com\/is\/image\/philipsconsumer\/991c6a1ec8fe4f5f9afab101005b544c?wid=305&amp;hei=173&amp;$jpglarge$, https:\/\/images.philips.com\/is\/image\/philipsconsumer\/991c6a1ec8fe4f5f9afab101005b544c?wid=610&amp;hei=346&amp;$jpglarge$ 2x\" media=\"(min-width: 701px)\" \/><source srcset=\"https:\/\/images.philips.com\/is\/image\/philipsconsumer\/991c6a1ec8fe4f5f9afab101005b544c?wid=218&amp;hei=122&amp;$jpglarge$, https:\/\/images.philips.com\/is\/image\/philipsconsumer\/991c6a1ec8fe4f5f9afab101005b544c?wid=436&amp;hei=244&amp;$jpglarge$ 2x\" media=\"(min-width: 451px)\" \/><source srcset=\"https:\/\/images.philips.com\/is\/image\/philipsconsumer\/991c6a1ec8fe4f5f9afab101005b544c?wid=438&amp;hei=245&amp;$jpglarge$, https:\/\/images.philips.com\/is\/image\/philipsconsumer\/991c6a1ec8fe4f5f9afab101005b544c?wid=876&amp;hei=490&amp;$jpglarge$ 2x\" media=\"\" \/><img decoding=\"async\" class=\"\" src=\"https:\/\/images.philips.com\/is\/image\/philipsconsumer\/991c6a1ec8fe4f5f9afab101005b544c?wid=305&amp;hei=173&amp;$jpglarge$\" alt=\"Un jeu d\u2019enfant. Syst\u00e8me d\u2019exploitation TITAN.\" \/><\/picture><\/div>\n<div class=\"p-s12__feature-description p-spacing-bottom-a\">\n<h3 class=\"p-heading-04-large p-heading-bold p-feature-title\">Un jeu d\u2019enfant. Syst\u00e8me d\u2019exploitation TITAN.<\/h3>\n<p class=\"p-body-copy-02\">Trouvez rapidement et facilement ce que vous aimez gr\u00e2ce \u00e0 notre plateforme Smart\u00a0TV avec syst\u00e8me d\u2019exploitation TITAN. Vous pouvez continuer \u00e0 regarder votre s\u00e9rie en cours directement depuis la page d\u2019accueil. Si vous avez envie de nouveaut\u00e9s, parcourez les cat\u00e9gories \u2013 action ou drame par exemple \u2013 pour consulter les suggestions des principaux services de streaming, toutes r\u00e9unies au m\u00eame endroit.<\/p>\n<\/div>\n<\/div>\n<\/div>\n<div class=\"p-s12__more-features p-s12__toggle-item\">\n<div class=\"p-s12__more-features--inner\">\n<div class=\"p-s12__row\">\n<div class=\"p-s12__feature-item p-spacing-bottom-c\">\n<div class=\"p-s12__feature-image p-spacing-bottom-a\"><picture class=\"p-picture\"><source srcset=\"https:\/\/images.philips.com\/is\/image\/philipsconsumer\/e0f32503aa004aca8e69b101005b5052?wid=305&amp;hei=173&amp;$jpglarge$, https:\/\/images.philips.com\/is\/image\/philipsconsumer\/e0f32503aa004aca8e69b101005b5052?wid=610&amp;hei=346&amp;$jpglarge$ 2x\" media=\"(min-width: 961px)\" \/><source srcset=\"https:\/\/images.philips.com\/is\/image\/philipsconsumer\/e0f32503aa004aca8e69b101005b5052?wid=305&amp;hei=173&amp;$jpglarge$, https:\/\/images.philips.com\/is\/image\/philipsconsumer\/e0f32503aa004aca8e69b101005b5052?wid=610&amp;hei=346&amp;$jpglarge$ 2x\" media=\"(min-width: 701px)\" \/><source srcset=\"https:\/\/images.philips.com\/is\/image\/philipsconsumer\/e0f32503aa004aca8e69b101005b5052?wid=218&amp;hei=122&amp;$jpglarge$, https:\/\/images.philips.com\/is\/image\/philipsconsumer\/e0f32503aa004aca8e69b101005b5052?wid=436&amp;hei=244&amp;$jpglarge$ 2x\" media=\"(min-width: 451px)\" \/><source srcset=\"https:\/\/images.philips.com\/is\/image\/philipsconsumer\/e0f32503aa004aca8e69b101005b5052?wid=438&amp;hei=245&amp;$jpglarge$, https:\/\/images.philips.com\/is\/image\/philipsconsumer\/e0f32503aa004aca8e69b101005b5052?wid=876&amp;hei=490&amp;$jpglarge$ 2x\" media=\"\" \/><img decoding=\"async\" class=\"\" src=\"https:\/\/images.philips.com\/is\/image\/philipsconsumer\/e0f32503aa004aca8e69b101005b5052?wid=305&amp;hei=173&amp;$jpglarge$\" alt=\"Dolby\u00a0Atmos pour un son digne du cin\u00e9ma.\" \/><\/picture><\/div>\n<div class=\"p-s12__feature-description p-spacing-bottom-a\">\n<h3 class=\"p-heading-04-large p-heading-bold p-feature-title\">Dolby\u00a0Atmos pour un son digne du cin\u00e9ma.<\/h3>\n<p class=\"p-body-copy-02\">Dolby\u00a0Atmos vous offre une immersion compl\u00e8te en pla\u00e7ant des effets sonores autour et au-dessus de vous. En passant des vaisseaux spatiaux qui volent au-dessus de votre t\u00eate aux pas silencieux qui se faufilent derri\u00e8re vous, vous aurez l&#8217;impression de vous retrouver au c\u0153ur de l&#8217;action.<\/p>\n<\/div>\n<\/div>\n<div class=\"p-s12__feature-item p-spacing-bottom-c\">\n<div class=\"p-s12__feature-image p-spacing-bottom-a\"><picture class=\"p-picture\"><source srcset=\"https:\/\/images.philips.com\/is\/image\/philipsconsumer\/f4cff975fb204637b387afc0007256fc?wid=305&amp;hei=173&amp;$jpglarge$, https:\/\/images.philips.com\/is\/image\/philipsconsumer\/f4cff975fb204637b387afc0007256fc?wid=610&amp;hei=346&amp;$jpglarge$ 2x\" media=\"(min-width: 961px)\" \/><source srcset=\"https:\/\/images.philips.com\/is\/image\/philipsconsumer\/f4cff975fb204637b387afc0007256fc?wid=305&amp;hei=173&amp;$jpglarge$, https:\/\/images.philips.com\/is\/image\/philipsconsumer\/f4cff975fb204637b387afc0007256fc?wid=610&amp;hei=346&amp;$jpglarge$ 2x\" media=\"(min-width: 701px)\" \/><source srcset=\"https:\/\/images.philips.com\/is\/image\/philipsconsumer\/f4cff975fb204637b387afc0007256fc?wid=218&amp;hei=122&amp;$jpglarge$, https:\/\/images.philips.com\/is\/image\/philipsconsumer\/f4cff975fb204637b387afc0007256fc?wid=436&amp;hei=244&amp;$jpglarge$ 2x\" media=\"(min-width: 451px)\" \/><source srcset=\"https:\/\/images.philips.com\/is\/image\/philipsconsumer\/f4cff975fb204637b387afc0007256fc?wid=438&amp;hei=245&amp;$jpglarge$, https:\/\/images.philips.com\/is\/image\/philipsconsumer\/f4cff975fb204637b387afc0007256fc?wid=876&amp;hei=490&amp;$jpglarge$ 2x\" media=\"\" \/><img decoding=\"async\" class=\"\" src=\"https:\/\/images.philips.com\/is\/image\/philipsconsumer\/f4cff975fb204637b387afc0007256fc?wid=305&amp;hei=173&amp;$jpglarge$\" alt=\"Par\u00e9 pour le gaming. VRR et faible latence sur n'importe quelle console\" \/><\/picture><\/div>\n<div class=\"p-s12__feature-description p-spacing-bottom-a\">\n<h3 class=\"p-heading-04-large p-heading-bold p-feature-title\">Par\u00e9 pour le gaming. VRR et faible latence sur n&#8217;importe quelle console<\/h3>\n<p class=\"p-body-copy-02\">Profitez pleinement de votre console avec la technologie HDMI\u00a0VRR, pour un gameplay rapide et des graphismes fluides. Le param\u00e8tre de faible latence s&#8217;active automatiquement lorsque vous allumez votre console. Le mode jeu d&#8217;Ambilight vous fait vivre des sensations fortes.<\/p>\n<\/div>\n<\/div>\n<div class=\"p-s12__feature-item p-spacing-bottom-c\">\n<div class=\"p-s12__feature-image p-spacing-bottom-a\"><picture class=\"p-picture\"><source srcset=\"https:\/\/images.philips.com\/is\/image\/philipsconsumer\/ae68e700531d47cc81afb195008dfc8c?wid=305&amp;hei=173&amp;$jpglarge$, https:\/\/images.philips.com\/is\/image\/philipsconsumer\/ae68e700531d47cc81afb195008dfc8c?wid=610&amp;hei=346&amp;$jpglarge$ 2x\" media=\"(min-width: 961px)\" \/><source srcset=\"https:\/\/images.philips.com\/is\/image\/philipsconsumer\/ae68e700531d47cc81afb195008dfc8c?wid=305&amp;hei=173&amp;$jpglarge$, https:\/\/images.philips.com\/is\/image\/philipsconsumer\/ae68e700531d47cc81afb195008dfc8c?wid=610&amp;hei=346&amp;$jpglarge$ 2x\" media=\"(min-width: 701px)\" \/><source srcset=\"https:\/\/images.philips.com\/is\/image\/philipsconsumer\/ae68e700531d47cc81afb195008dfc8c?wid=218&amp;hei=122&amp;$jpglarge$, https:\/\/images.philips.com\/is\/image\/philipsconsumer\/ae68e700531d47cc81afb195008dfc8c?wid=436&amp;hei=244&amp;$jpglarge$ 2x\" media=\"(min-width: 451px)\" \/><source srcset=\"https:\/\/images.philips.com\/is\/image\/philipsconsumer\/ae68e700531d47cc81afb195008dfc8c?wid=438&amp;hei=245&amp;$jpglarge$, https:\/\/images.philips.com\/is\/image\/philipsconsumer\/ae68e700531d47cc81afb195008dfc8c?wid=876&amp;hei=490&amp;$jpglarge$ 2x\" media=\"\" \/><img decoding=\"async\" class=\"\" src=\"https:\/\/images.philips.com\/is\/image\/philipsconsumer\/ae68e700531d47cc81afb195008dfc8c?wid=305&amp;hei=173&amp;$jpglarge$\" alt=\"Connexion en toute simplicit\u00e9 aux r\u00e9seaux domotiques.\" \/><\/picture><\/div>\n<div class=\"p-s12__feature-description p-spacing-bottom-a\">\n<h3 class=\"p-heading-04-large p-heading-bold p-feature-title\">Connexion en toute simplicit\u00e9 aux r\u00e9seaux domotiques.<\/h3>\n<p class=\"p-body-copy-02\">Son enti\u00e8re compatibilit\u00e9 avec Matter et Control4 vous permet d&#8217;int\u00e9grer facilement ce t\u00e9l\u00e9viseur\u00a04K Ambilight \u00e0 votre r\u00e9seau domotique existant.<\/p>\n<\/div>\n<\/div>\n<\/div>\n<div class=\"p-s12__row\">\n<div class=\"p-s12__feature-item p-spacing-bottom-c\">\n<div class=\"p-s12__feature-description p-spacing-bottom-a\">\n<h3 class=\"p-heading-04-large p-heading-bold p-feature-title\">T\u00e9l\u00e9commande contenant du plastique recycl\u00e9. Emballage responsable.<\/h3>\n<p class=\"p-body-copy-02\">Ce t\u00e9l\u00e9viseur Ambilight est \u00e9pur\u00e9 et discret. Vous pouvez utiliser l&#8217;Ambilight comme \u00e9clairage d&#8217;ambiance instantan\u00e9 lorsque l&#8217;\u00e9cran est \u00e9teint. La t\u00e9l\u00e9commande comporte du plastique recycl\u00e9, notre emballage contient du carton recycl\u00e9 certifi\u00e9\u00a0FSC et les inserts sont imprim\u00e9s sur du papier recycl\u00e9.<\/p>\n<\/div>\n<\/div>\n<\/div>\n<\/div>\n<\/div>\n<\/div>\n<\/div>\n<\/section>\n<\/div>\n<p>&nbsp;<\/p>\n<p style=\"font-size: 85%;\">","protected":false},"excerpt":{"rendered":"<ul style=\"font-size: 135%;\">\n<li>Brand: <strong>Philips<\/strong><\/li>\n<li>Model:<strong> 75PUS8079\/12<\/strong><\/li>\n<li>Taille d&#8217;\u00e9cran: 7<strong>5 <\/strong>pouces<\/li>\n<li>R\u00e9solution: <strong>3840\u00d72160 <\/strong>pixels<\/li>\n<li>Affichage: <strong>4K UHD<\/strong><\/li>\n<li>Audio: <strong>20 <\/strong>watts<\/li>\n<li>Connectivit\u00e9: <strong>Bluetooth, wifi, Ethernet, USB, HDMI, Optique\u00a0<\/strong><\/li>\n<li>Dimensions: <strong>&#8230;\u00d7&#8230;\u00d7&#8230;<\/strong>\u00a0cm<\/li>\n<li>Poids: <strong>29.1<\/strong> kg<\/li>\n<\/ul>","protected":false},"featured_media":2851,"comment_status":"open","ping_status":"closed","template":"","meta":[],"product_brand":[],"product_cat":[16,48],"product_tag":[],"class_list":{"0":"post-2837","1":"product","2":"type-product","3":"status-publish","4":"has-post-thumbnail","6":"product_cat-images-et-sons","7":"product_cat-tv-et-moniteur","9":"first","10":"instock","11":"shipping-taxable","12":"purchasable","13":"product-type-simple"},"jetpack_sharing_enabled":true,"_links":{"self":[{"href":"https:\/\/myhappyhome.site\/en\/wp-json\/wp\/v2\/product\/2837","targetHints":{"allow":["GET"]}}],"collection":[{"href":"https:\/\/myhappyhome.site\/en\/wp-json\/wp\/v2\/product"}],"about":[{"href":"https:\/\/myhappyhome.site\/en\/wp-json\/wp\/v2\/types\/product"}],"replies":[{"embeddable":true,"href":"https:\/\/myhappyhome.site\/en\/wp-json\/wp\/v2\/comments?post=2837"}],"wp:featuredmedia":[{"embeddable":true,"href":"https:\/\/myhappyhome.site\/en\/wp-json\/wp\/v2\/media\/2851"}],"wp:attachment":[{"href":"https:\/\/myhappyhome.site\/en\/wp-json\/wp\/v2\/media?parent=2837"}],"wp:term":[{"taxonomy":"product_brand","embeddable":true,"href":"https:\/\/myhappyhome.site\/en\/wp-json\/wp\/v2\/product_brand?post=2837"},{"taxonomy":"product_cat","embeddable":true,"href":"https:\/\/myhappyhome.site\/en\/wp-json\/wp\/v2\/product_cat?post=2837"},{"taxonomy":"product_tag","embeddable":true,"href":"https:\/\/myhappyhome.site\/en\/wp-json\/wp\/v2\/product_tag?post=2837"}],"curies":[{"name":"wp","href":"https:\/\/api.w.org\/{rel}","templated":true}]}}