{"id":2939,"date":"2025-06-29T16:21:10","date_gmt":"2025-06-29T16:21:10","guid":{"rendered":"https:\/\/myhappyhome.site\/?post_type=product&#038;p=2939"},"modified":"2025-09-07T13:29:17","modified_gmt":"2025-09-07T13:29:17","slug":"set-casseroles-et-poeles-10-pieces-royal-swiss-nid-dabeille","status":"publish","type":"product","link":"https:\/\/myhappyhome.site\/en\/boutique\/cuisine-et-art-de-table\/marmite-casserole\/set-casseroles-et-poeles-10-pieces-royal-swiss-nid-dabeille\/","title":{"rendered":"Set casseroles et po\u00eales 10 pi\u00e8ces ROYAL SWISS &#8211; en nid d&#8217;abeille &#8211; conforme aux normes europ\u00e9ennes"},"content":{"rendered":"<h3 style=\"font-size: 125%; text-align: center;\">Caract\u00e9ristiques des casseroles Royal Swiss\u00a0 avec antiadh\u00e9sif en nid d&#8217;abeille<\/h3>\n<p style=\"text-align: justify; text-indent: 50px;\">D\u00e9couvrez la batterie de cuisine parfaite avec Royal Swiss\u00ae , la marque d\u00e9pos\u00e9e qui ensemble de 10 pi\u00e8ces de casseroles en acier inoxydable de haute qualit\u00e9. L&#8217;ensemble comprend technologie de gravure en nid Honeycomb , qui assure une cuisson facile et saine sans les tracas du nettoyage, ce qui en fait le choix id\u00e9al pour les amateurs de cuisine.<\/p>\n<p><strong>Le kit contient<\/strong> :<\/p>\n<ul style=\"text-align: justify;\">\n<li>3 cocottes de tailles diff\u00e9rentes (20 cm, 24 cm, 28 cm) pour tous vos besoins de cuisson.<\/li>\n<li>2 Po\u00eales \u00e0 frire (24 cm et 28 cm) pour d&#8217;excellents r\u00e9sultats de cuisson avec une r\u00e9partition uniforme de la chaleur.<\/li>\n<li>1 Casserole (16 cm) pour pr\u00e9parer des sauces et des soupes.<\/li>\n<\/ul>\n<p style=\"text-align: center;\"><strong>CARACT\u00c9RISTIQUES DU PRODUIT :<\/strong><\/p>\n<ul style=\"text-align: justify;\">\n<li>Fabriqu\u00e9 en acier inoxydable de haute qualit\u00e9 pour plus de durabilit\u00e9 et de r\u00e9sistance \u00e0 la rouille.<\/li>\n<li>Conception antiadh\u00e9sive avec <strong>technologie Honeycomb<\/strong> pour une cuisson et un nettoyage faciles.<\/li>\n<li>Convient \u00e0 toutes les sources de cuisson , y compris le gaz, l&#8217;\u00e9lectricit\u00e9, la c\u00e9ramique et l&#8217;induction.<\/li>\n<\/ul>\n<p style=\"text-align: center;\"><strong>AVANTAGES:<\/strong><\/p>\n<ul style=\"text-align: justify;\">\n<li>Nettoyage facile et cuisson saine gr\u00e2ce \u00e0 la technologie antiadh\u00e9sive.<\/li>\n<li>Parfait pour la cuisine de tous les jours ainsi que pour les plats de luxe. Compatible tous feux.<\/li>\n<\/ul>","protected":false},"excerpt":{"rendered":"<ul style=\"font-size: 135%;\">\n<li>Brand: <strong>Royal Swiss<\/strong><\/li>\n<li>Composition:\n<ul style=\"font-size: 90%;\">\n<li>03 casseroles: <strong>\u00d828\u00d714 <\/strong>cm, <strong>7.4<\/strong> L; <strong>\u00d824\u00d712 <\/strong>cm,<strong> 4.5 <\/strong>L; <strong>\u00d820\u00d710 <\/strong>cm,<strong> 2.8 <\/strong>L<\/li>\n<li>01 po\u00eale \u00e0 soupe: <strong>\u00d816\u00d78<\/strong>\u00a0cm, <strong>2<\/strong> L<\/li>\n<li>02 po\u00eale \u00e0 frite: <strong>\u00d828\u00d75.5<\/strong> cm, <strong>\u00d824\u00d75<\/strong> cm<\/li>\n<li>4 couvercles<\/li>\n<\/ul>\n<\/li>\n<li>Material: <strong>inox<\/strong><\/li>\n<li>Rev\u00eatement antiadh\u00e9rent: <strong>nid d&#8217;abeille\u00a0<\/strong><\/li>\n<li>Compatibilit\u00e9 feu: <strong>gaz<\/strong>, <strong>induction<\/strong>, <strong>\u00e9lectrique<\/strong>, <strong>vitroc\u00e9ramique<\/strong><\/li>\n<\/ul>","protected":false},"featured_media":3169,"comment_status":"open","ping_status":"closed","template":"","meta":[],"product_brand":[],"product_cat":[27,43],"product_tag":[],"class_list":{"0":"post-2939","1":"product","2":"type-product","3":"status-publish","4":"has-post-thumbnail","6":"product_cat-cuisine-et-art-de-table","7":"product_cat-marmite-casserole","9":"first","10":"instock","11":"shipping-taxable","12":"purchasable","13":"product-type-simple"},"jetpack_sharing_enabled":true,"_links":{"self":[{"href":"https:\/\/myhappyhome.site\/en\/wp-json\/wp\/v2\/product\/2939","targetHints":{"allow":["GET"]}}],"collection":[{"href":"https:\/\/myhappyhome.site\/en\/wp-json\/wp\/v2\/product"}],"about":[{"href":"https:\/\/myhappyhome.site\/en\/wp-json\/wp\/v2\/types\/product"}],"replies":[{"embeddable":true,"href":"https:\/\/myhappyhome.site\/en\/wp-json\/wp\/v2\/comments?post=2939"}],"wp:featuredmedia":[{"embeddable":true,"href":"https:\/\/myhappyhome.site\/en\/wp-json\/wp\/v2\/media\/3169"}],"wp:attachment":[{"href":"https:\/\/myhappyhome.site\/en\/wp-json\/wp\/v2\/media?parent=2939"}],"wp:term":[{"taxonomy":"product_brand","embeddable":true,"href":"https:\/\/myhappyhome.site\/en\/wp-json\/wp\/v2\/product_brand?post=2939"},{"taxonomy":"product_cat","embeddable":true,"href":"https:\/\/myhappyhome.site\/en\/wp-json\/wp\/v2\/product_cat?post=2939"},{"taxonomy":"product_tag","embeddable":true,"href":"https:\/\/myhappyhome.site\/en\/wp-json\/wp\/v2\/product_tag?post=2939"}],"curies":[{"name":"wp","href":"https:\/\/api.w.org\/{rel}","templated":true}]}}