{"id":3180,"date":"2025-07-13T15:00:35","date_gmt":"2025-07-13T15:00:35","guid":{"rendered":"https:\/\/myhappyhome.site\/?post_type=product&#038;p=3180"},"modified":"2025-10-02T09:54:37","modified_gmt":"2025-10-02T09:54:37","slug":"tefal-travel-mug-0-36-litre","status":"publish","type":"product","link":"https:\/\/myhappyhome.site\/en\/boutique\/cuisine-et-art-de-table\/ustensiles\/tefal-travel-mug-0-36-litre\/","title":{"rendered":"Tasse isothermique TEFAL Travel Mug &#8211; 0.36 Litre &#8211; conforme aux normes europ\u00e9ennes"},"content":{"rendered":"<h3 style=\"text-align: center;\">Description du Tefal Travel Mug<\/h3>\n<p style=\"text-indent: 50px; text-align: justify; font-size: 85%;\">Emportez votre boisson chaude ou froide partout o\u00f9 vous allez!<\/p>\n<p style=\"text-indent: 50px; text-align: justify; font-size: 90%;\">\u00c9quip\u00e9 d&#8217;un couvercle \u00e0 vis confortable qui facilite le remplissage, d\u00e9couvrez le mug de voyage id\u00e9al pour un usage quotidien pour savourer toutes vos boissons pr\u00e9f\u00e9r\u00e9es o\u00f9 que vous alliez.<\/p>\n<p style=\"text-indent: 50px; text-align: justify; font-size: 90%;\">Une boisson au bout des doigts : le couvercle Quick Press avec valve de pression ne pourrait pas \u00eatre plus facile \u00e0 ouvrir pour boire rapidement quand vous en avez besoin<\/p>\n<p style=\"text-indent: 50px; text-align: justify; font-size: 90%;\">Le manchon doux au toucher, offre une prise en main parfaite sans glisser, et pr\u00e9sente un design tendance disponible dans une vari\u00e9t\u00e9 de couleurs, et en deux tailles diff\u00e9rentes pour s&#8217;adapter \u00e0 tous les styles<\/p>\n<p style=\"text-indent: 50px; text-align: justify; font-size: 90%;\">Fabriqu\u00e9 en acier inoxydable durable, notre mug de voyage est con\u00e7u pour durer longtemps ce qui contribue \u00e0 r\u00e9duire les d\u00e9chets<\/p>\n<p style=\"text-indent: 50px; text-align: justify; font-size: 90%;\">100% \u00e9tanche pour une totale tranquillit\u00e9 d&#8217;esprit en d\u00e9placement\u00a0 con\u00e7u pour s&#8217;ins\u00e9rer facilement dans les sacs et les porte-gobelets des voitures<\/p>\n<p style=\"text-indent: 50px; text-align: justify; font-size: 90%;\">Le corps en acier inoxydable est parfait pour toutes sortes de boissons, gardant les boissons chaudes jusqu&#8217;\u00e0 4 heures et les boissons froides jusqu&#8217;\u00e0 8 heures<\/p>\n<p style=\"text-indent: 50px; text-align: justify; font-size: 90%;\">Le couvercle \u00e0 360\u00b0 permet d&#8217;utiliser le mug facilement et de boire sous n&#8217;importe quel angle.<\/p>\n<p style=\"text-indent: 50px; text-align: justify; font-size: 90%;\">Con\u00e7u pour \u00eatre lav\u00e9 au lave-vaisselle, le couvercle se d\u00e9monte facilement en deux parties pour une hygi\u00e8ne parfaite et un nettoyage sans effort<\/p>","protected":false},"excerpt":{"rendered":"<ul style=\"font-size: 135%;\">\n<li>Brand: <strong>TEFAL<\/strong><\/li>\n<li>Model: <strong>Travel Mug<\/strong><\/li>\n<li>Material: <strong>inox+plastique+silicone<\/strong><\/li>\n<li>Capacit\u00e9 : <strong>0.36 Litre<\/strong><\/li>\n<li>Couleur: <strong>bleu, noir, rouge&#8230;<\/strong><\/li>\n<li>Dimensions: Diam\u00e8tre: <strong>8 cm<\/strong>; Hauteur: <strong>20 cm;<\/strong><\/li>\n<\/ul>","protected":false},"featured_media":4000,"comment_status":"open","ping_status":"closed","template":"","meta":[],"product_brand":[],"product_cat":[27,45],"product_tag":[],"class_list":{"0":"post-3180","1":"product","2":"type-product","3":"status-publish","4":"has-post-thumbnail","6":"product_cat-cuisine-et-art-de-table","7":"product_cat-ustensiles","9":"first","10":"instock","11":"shipping-taxable","12":"purchasable","13":"product-type-simple"},"jetpack_sharing_enabled":true,"_links":{"self":[{"href":"https:\/\/myhappyhome.site\/en\/wp-json\/wp\/v2\/product\/3180","targetHints":{"allow":["GET"]}}],"collection":[{"href":"https:\/\/myhappyhome.site\/en\/wp-json\/wp\/v2\/product"}],"about":[{"href":"https:\/\/myhappyhome.site\/en\/wp-json\/wp\/v2\/types\/product"}],"replies":[{"embeddable":true,"href":"https:\/\/myhappyhome.site\/en\/wp-json\/wp\/v2\/comments?post=3180"}],"wp:featuredmedia":[{"embeddable":true,"href":"https:\/\/myhappyhome.site\/en\/wp-json\/wp\/v2\/media\/4000"}],"wp:attachment":[{"href":"https:\/\/myhappyhome.site\/en\/wp-json\/wp\/v2\/media?parent=3180"}],"wp:term":[{"taxonomy":"product_brand","embeddable":true,"href":"https:\/\/myhappyhome.site\/en\/wp-json\/wp\/v2\/product_brand?post=3180"},{"taxonomy":"product_cat","embeddable":true,"href":"https:\/\/myhappyhome.site\/en\/wp-json\/wp\/v2\/product_cat?post=3180"},{"taxonomy":"product_tag","embeddable":true,"href":"https:\/\/myhappyhome.site\/en\/wp-json\/wp\/v2\/product_tag?post=3180"}],"curies":[{"name":"wp","href":"https:\/\/api.w.org\/{rel}","templated":true}]}}