{"id":3580,"date":"2025-08-18T08:11:51","date_gmt":"2025-08-18T08:11:51","guid":{"rendered":"https:\/\/myhappyhome.site\/?post_type=product&#038;p=3580"},"modified":"2025-09-22T09:36:26","modified_gmt":"2025-09-22T09:36:26","slug":"moulinex-morning-fg2m1310","status":"publish","type":"product","link":"https:\/\/myhappyhome.site\/en\/boutique\/electromenager\/petit-dejeuner\/moulinex-morning-fg2m1310\/","title":{"rendered":"MOULINEX Morning FG2M1310 Coffee Maker \u2013 1.25 liters \u2013 green \u2013 complies with European standards"},"content":{"rendered":"<h3 style=\"font-size: 120%; text-align: center;\">PRODUCT DESCRIPTION<\/h3>\n<p>Mettez du style dans vos petits-d\u00e9jeuners !<\/p>\n<ul style=\"text-align: justify;\">\n<li>Un design et un toucher uniques qui apportent de l&#8217;\u00e9l\u00e9gance \u00e0 votre cuisine<\/li>\n<li>Grand r\u00e9servoir d&#8217;eau \u00e0 l&#8217;avant de la machine pratique pour un remplissage facile, avec indications du niveau d&#8217;eau sur le devant pour une meilleure visibilit\u00e9<\/li>\n<li>Porte-filtre pivotant avec une poign\u00e9e large et pratique qui garantit un acc\u00e8s facile pour mettre le caf\u00e9 moulu et un nettoyage pratique apr\u00e8s utilisation<\/li>\n<li>Syst\u00e8me anti-gouttes pour un caf\u00e9 fra\u00eechement pr\u00e9par\u00e9, pouvant \u00eatre servi proprement d\u00e8s que vous en avez envie, m\u00eame pendant le cycle de percolation<\/li>\n<li>Produit r\u00e9parable pendant 15 ans pour contribuer \u00e0 la protection de l&#8217;environnement et \u00e0 la r\u00e9duction des d\u00e9chets<\/li>\n<li>Fonction de maintien au chaud pour garder votre caf\u00e9 \u00e0 temp\u00e9rature pendant 30 min apr\u00e8s la percolation<\/li>\n<li>Verseuse avec une grande capacit\u00e9 de 1.25 L, soit la taille id\u00e9ale pour toute la famille ou un groupe d&#8217;amis<\/li>\n<li>Bouton marche\/arr\u00eat lumineux pour plus de simplicit\u00e9<\/li>\n<\/ul>","protected":false},"excerpt":{"rendered":"<ul style=\"font-size: 135%;\">\n<li>Brand: <strong>Moulinex<\/strong><\/li>\n<li>Model: <strong>Morning FG2M1310<\/strong><\/li>\n<li>Appropri\u00e9 pour: <strong>pr\u00e9paration<\/strong> et maintient au <strong>chaud<\/strong> de caf\u00e9 pour 10 \u00e0 15 tasses<\/li>\n<li>Capacity: <strong>1.25<\/strong> Liters<\/li>\n<li>Power: <strong>1000<\/strong> watts<\/li>\n<li>Material: <strong>plastic<\/strong> et <strong>glass<\/strong><\/li>\n<li>Couleur: <strong>vert eucalyptus<\/strong><\/li>\n<\/ul>","protected":false},"featured_media":3585,"comment_status":"open","ping_status":"closed","template":"","meta":[],"product_brand":[],"product_cat":[21,37,30],"product_tag":[],"class_list":{"0":"post-3580","1":"product","2":"type-product","3":"status-publish","4":"has-post-thumbnail","6":"product_cat-electromenager","7":"product_cat-petit-dejeuner","8":"product_cat-promotions","10":"first","11":"instock","12":"sale","13":"shipping-taxable","14":"purchasable","15":"product-type-simple"},"jetpack_sharing_enabled":true,"_links":{"self":[{"href":"https:\/\/myhappyhome.site\/en\/wp-json\/wp\/v2\/product\/3580","targetHints":{"allow":["GET"]}}],"collection":[{"href":"https:\/\/myhappyhome.site\/en\/wp-json\/wp\/v2\/product"}],"about":[{"href":"https:\/\/myhappyhome.site\/en\/wp-json\/wp\/v2\/types\/product"}],"replies":[{"embeddable":true,"href":"https:\/\/myhappyhome.site\/en\/wp-json\/wp\/v2\/comments?post=3580"}],"wp:featuredmedia":[{"embeddable":true,"href":"https:\/\/myhappyhome.site\/en\/wp-json\/wp\/v2\/media\/3585"}],"wp:attachment":[{"href":"https:\/\/myhappyhome.site\/en\/wp-json\/wp\/v2\/media?parent=3580"}],"wp:term":[{"taxonomy":"product_brand","embeddable":true,"href":"https:\/\/myhappyhome.site\/en\/wp-json\/wp\/v2\/product_brand?post=3580"},{"taxonomy":"product_cat","embeddable":true,"href":"https:\/\/myhappyhome.site\/en\/wp-json\/wp\/v2\/product_cat?post=3580"},{"taxonomy":"product_tag","embeddable":true,"href":"https:\/\/myhappyhome.site\/en\/wp-json\/wp\/v2\/product_tag?post=3580"}],"curies":[{"name":"wp","href":"https:\/\/api.w.org\/{rel}","templated":true}]}}