{"id":3603,"date":"2025-08-23T12:13:39","date_gmt":"2025-08-23T12:13:39","guid":{"rendered":"https:\/\/myhappyhome.site\/?post_type=product&#038;p=3603"},"modified":"2025-09-03T15:45:41","modified_gmt":"2025-09-03T15:45:41","slug":"friteuse-electrique-royal-swiss-wj-800-3-litres","status":"publish","type":"product","link":"https:\/\/myhappyhome.site\/en\/boutique\/electromenager\/cuissons\/friteuse-electrique-royal-swiss-wj-800-3-litres\/","title":{"rendered":"Royal Swiss WJ-800 Electric Deep Fryer \u2013 3 Liters \u2013 Complies with European Standards"},"content":{"rendered":"<h3 style=\"font-size: 120%; text-align: center;\">PRODUCT DESCRIPTION<\/h3>\n<p style=\"text-align: justify; text-indent: 30px;\">Une friteuse facile \u00e0 utiliser de Royal Swiss. Vous pouvez r\u00e9gler la friteuse \u00e0 190 degr\u00e9s et vous pouvez tout y faire frire. L&#8217;appareil est \u00e9quip\u00e9 d&#8217;un voyant lumineux et dispose d&#8217;une protection contre les courts-circuits et la surchauffe. La friteuse est \u00e9quip\u00e9e d&#8217;un bo\u00eetier en acier inoxydable. La friteuse convient \u00e0 tous les snacks et frites que vous souhaitez faire frire. Une double friteuse pour un double plaisir.<\/p>\n<ul>\n<li>Friteuse avec bo\u00eetier en acier inoxydable<\/li>\n<li>Thermostat r\u00e9glable jusqu&#8217;\u00e0 190 degr\u00e9s<\/li>\n<li>Le couvercle est amovible<\/li>\n<li>Protection contre les courts-circuits et la surchauffe<\/li>\n<\/ul>\n<p style=\"text-align: justify; text-indent: 30px;\"><em><strong>Protection contre les courts-circuits et la surchauffe<\/strong><\/em>. Cela garantit que la friteuse ne peut jamais devenir trop chaude. Une fois que vous avez r\u00e9gl\u00e9 la temp\u00e9rature, l&#8217;int\u00e9rieur de la friteuse chauffe rapidement gr\u00e2ce \u00e0 la puissance de 2000 Watt. Gr\u00e2ce \u00e0 la protection contre la surchauffe, la po\u00eale ne devient jamais trop chaude pour que vous puissiez utiliser la friteuse en toute s\u00e9curit\u00e9.<\/p>\n<p style=\"text-align: justify; text-indent: 30px;\"><em><strong>Le thermostat est r\u00e9glable jusqu&#8217;\u00e0 190 degr\u00e9s<\/strong><\/em>. Le thermostat de la friteuse est r\u00e9glable. Vous pouvez r\u00e9gler le thermostat d&#8217;un minimum de 90 degr\u00e9s \u00e0 190 degr\u00e9s. De cette fa\u00e7on, vous pouvez faire frire votre friteuse pr\u00e9f\u00e9r\u00e9e \u00e0 la bonne temp\u00e9rature. Toujours vos frites \u00e0 leur meilleur.<\/p>\n<p>Vous recevez<br \/>\nFriteuse Royal Swiss WJ-800<br \/>\nGuide de l&#8217;utilisateur<\/p>","protected":false},"excerpt":{"rendered":"<ul style=\"font-size: 135%;\">\n<li>Brand: <strong>Royal Swiss<\/strong><\/li>\n<li>Model: <strong>WJ-800<\/strong><\/li>\n<li>Capacity: <strong>3<\/strong> Liters<\/li>\n<li>Power: <strong>2000<\/strong> watts<\/li>\n<li>R\u00e9glage temp\u00e9rature: entre <strong>90\u00b0C<\/strong> et <strong>190\u00b0C<\/strong><\/li>\n<li>Bol amovible<\/li>\n<li>Material: <strong>inox<\/strong><\/li>\n<li>Couleur: <strong>argent<\/strong><\/li>\n<\/ul>","protected":false},"featured_media":3600,"comment_status":"open","ping_status":"closed","template":"","meta":[],"product_brand":[],"product_cat":[40,21],"product_tag":[],"class_list":{"0":"post-3603","1":"product","2":"type-product","3":"status-publish","4":"has-post-thumbnail","6":"product_cat-cuissons","7":"product_cat-electromenager","9":"first","10":"instock","11":"shipping-taxable","12":"purchasable","13":"product-type-simple"},"jetpack_sharing_enabled":true,"_links":{"self":[{"href":"https:\/\/myhappyhome.site\/en\/wp-json\/wp\/v2\/product\/3603","targetHints":{"allow":["GET"]}}],"collection":[{"href":"https:\/\/myhappyhome.site\/en\/wp-json\/wp\/v2\/product"}],"about":[{"href":"https:\/\/myhappyhome.site\/en\/wp-json\/wp\/v2\/types\/product"}],"replies":[{"embeddable":true,"href":"https:\/\/myhappyhome.site\/en\/wp-json\/wp\/v2\/comments?post=3603"}],"wp:featuredmedia":[{"embeddable":true,"href":"https:\/\/myhappyhome.site\/en\/wp-json\/wp\/v2\/media\/3600"}],"wp:attachment":[{"href":"https:\/\/myhappyhome.site\/en\/wp-json\/wp\/v2\/media?parent=3603"}],"wp:term":[{"taxonomy":"product_brand","embeddable":true,"href":"https:\/\/myhappyhome.site\/en\/wp-json\/wp\/v2\/product_brand?post=3603"},{"taxonomy":"product_cat","embeddable":true,"href":"https:\/\/myhappyhome.site\/en\/wp-json\/wp\/v2\/product_cat?post=3603"},{"taxonomy":"product_tag","embeddable":true,"href":"https:\/\/myhappyhome.site\/en\/wp-json\/wp\/v2\/product_tag?post=3603"}],"curies":[{"name":"wp","href":"https:\/\/api.w.org\/{rel}","templated":true}]}}