{"id":3782,"date":"2025-08-30T17:40:18","date_gmt":"2025-08-30T17:40:18","guid":{"rendered":"https:\/\/myhappyhome.site\/?post_type=product&#038;p=3782"},"modified":"2025-09-22T09:42:46","modified_gmt":"2025-09-22T09:42:46","slug":"moulinex-morning-by2m0810","status":"publish","type":"product","link":"https:\/\/myhappyhome.site\/en\/boutique\/electromenager\/petit-dejeuner\/moulinex-morning-by2m0810\/","title":{"rendered":"MOULINEX Morning BY2M0810 Electric Kettle \u2013 1.7 Liters \u2013 Complies with European Standards"},"content":{"rendered":"<h3 style=\"font-size: 120%; text-align: center;\">DESCRIPTION DU PRODUITT<\/h3>\n<ul style=\"text-align: justify;\">\n<li><strong>Bouilloire \u00e9lectrique grande capacit\u00e9 \u00e0 \u00e9bullition rapide<\/strong> : 2400 W pour faire bouillir 1,7 L d\u2019eau en 4 minutes, id\u00e9al pour toutes vos boissons chaudes en famille ou entre amis.<\/li>\n<li><strong>Fen\u00eatre transparente &amp; indicateur 1 tasse<\/strong> : chauffez juste ce qu&#8217;il vous faut pour votre th\u00e9 et autres boissons chaudes.<\/li>\n<li><strong>Pratique au quotidien<\/strong> : Couvercle \u00e0 ouverture automatique par bouton et base pivotante 360\u00b0 pour maintenir la bouilloire sans fil en place, pratique \u00e0 manipuler et \u00e0 nettoyer.<\/li>\n<li><strong>Filtre anticalcaire amovible<\/strong> : Garantit la puret\u00e9 de l\u2019eau et pr\u00e9serve le go\u00fbt de vos boissons , simple \u00e0 retirer et \u00e0 nettoyer.<\/li>\n<li><strong>Design textur\u00e9 \u00e9l\u00e9gant<\/strong> : Finition alv\u00e9ol\u00e9e et coloris eucalyptus tendance, pour une bouilloire aussi belle que pratique.<\/li>\n<li><strong>R\u00c9PARABILIT\u00c9 15 ANS AU JUSTE PRIX<\/strong> : Produit r\u00e9parable dans notre r\u00e9seau de 6200 r\u00e9parateurs dans le monde pour prolonger sa dur\u00e9e de vie.<\/li>\n<\/ul>","protected":false},"excerpt":{"rendered":"<ul style=\"font-size: 135%;\">\n<li>Brand: <strong>MOULINEX<\/strong><\/li>\n<li>Model: <strong>Morning BY2M0810<\/strong><\/li>\n<li>Appropri\u00e9 pour: bouillir de l&#8217;eau et th\u00e9&#8230;<\/li>\n<li>Mat\u00e9riau: plastique<\/li>\n<li>Power: <strong>2400<\/strong> watts<\/li>\n<li>Capacity: <strong>1.7<\/strong> Liters<\/li>\n<li>Interrupteur marche-arr\u00eat avec \u00e9clairage LED<\/li>\n<li>Protection against <strong>overheated<\/strong><\/li>\n<li>Automatic shutdown<\/li>\n<li>Socle d&#8217;alimentation tournant \u00e0 360\u00b0<\/li>\n<li>Couleur: <strong>bleu sombre<\/strong><\/li>\n<li>Dimensions: \u200e<strong>24,3\u00d716\u00d724,6<\/strong> cm<\/li>\n<li>Poids: <strong>1,04<\/strong> kg<\/li>\n<\/ul>","protected":false},"featured_media":3787,"comment_status":"open","ping_status":"closed","template":"","meta":[],"product_brand":[],"product_cat":[21,37],"product_tag":[],"class_list":{"0":"post-3782","1":"product","2":"type-product","3":"status-publish","4":"has-post-thumbnail","6":"product_cat-electromenager","7":"product_cat-petit-dejeuner","9":"first","10":"instock","11":"shipping-taxable","12":"purchasable","13":"product-type-simple"},"jetpack_sharing_enabled":true,"_links":{"self":[{"href":"https:\/\/myhappyhome.site\/en\/wp-json\/wp\/v2\/product\/3782","targetHints":{"allow":["GET"]}}],"collection":[{"href":"https:\/\/myhappyhome.site\/en\/wp-json\/wp\/v2\/product"}],"about":[{"href":"https:\/\/myhappyhome.site\/en\/wp-json\/wp\/v2\/types\/product"}],"replies":[{"embeddable":true,"href":"https:\/\/myhappyhome.site\/en\/wp-json\/wp\/v2\/comments?post=3782"}],"wp:featuredmedia":[{"embeddable":true,"href":"https:\/\/myhappyhome.site\/en\/wp-json\/wp\/v2\/media\/3787"}],"wp:attachment":[{"href":"https:\/\/myhappyhome.site\/en\/wp-json\/wp\/v2\/media?parent=3782"}],"wp:term":[{"taxonomy":"product_brand","embeddable":true,"href":"https:\/\/myhappyhome.site\/en\/wp-json\/wp\/v2\/product_brand?post=3782"},{"taxonomy":"product_cat","embeddable":true,"href":"https:\/\/myhappyhome.site\/en\/wp-json\/wp\/v2\/product_cat?post=3782"},{"taxonomy":"product_tag","embeddable":true,"href":"https:\/\/myhappyhome.site\/en\/wp-json\/wp\/v2\/product_tag?post=3782"}],"curies":[{"name":"wp","href":"https:\/\/api.w.org\/{rel}","templated":true}]}}