{"id":3850,"date":"2025-09-07T19:09:22","date_gmt":"2025-09-07T19:09:22","guid":{"rendered":"https:\/\/myhappyhome.site\/?post_type=product&#038;p=3850"},"modified":"2025-10-13T10:16:15","modified_gmt":"2025-10-13T10:16:15","slug":"moulinex-blendforce-lm423125","status":"publish","type":"product","link":"https:\/\/myhappyhome.site\/en\/boutique\/electromenager\/mixeurs-robots\/moulinex-blendforce-lm423125\/","title":{"rendered":"Moulinex Blendforce LM423125 blender \u2013 600 watts \u2013 3 bowls \u2013 complies with European standards"},"content":{"rendered":"<h3 style=\"font-size: 120%; text-align: center;\">PRODUCT DESCRIPTION<\/h3>\n<p style=\"text-align: justify; text-indent: 30px;\">Allie performance et praticit\u00e9 pour r\u00e9pondre \u00e0 vos besoins en cuisine.<\/p>\n<p style=\"text-align: justify; text-indent: 30px;\">Avec une <strong>puissance de 600 Watts,<\/strong> il assure des r\u00e9sultats rapides et efficaces. Sa capacit\u00e9 totale de bol est de 2 Litres, avec une capacit\u00e9 utile de 1,25 Litres, offrant amplement d\u2019espace pour pr\u00e9parer diverses recettes.<\/p>\n<p style=\"text-align: justify; text-indent: 30px;\">Le <strong>syst\u00e8me Smart Lock<\/strong> garantit une utilisation s\u00fbre et facile, assurant la stabilit\u00e9 du bol pendant le fonctionnement.<\/p>\n<p style=\"text-align: justify; text-indent: 30px;\">Le <strong>blender est dot\u00e9 de 2 vitesses<\/strong> ainsi que d\u2019une fonction Pulse pour un contr\u00f4le pr\u00e9cis selon vos besoins.<\/p>\n<p style=\"text-align: justify; text-indent: 30px;\">Sa capacit\u00e9 \u00e0 <strong>broyer de la glace pil\u00e9e<\/strong> en fait un outil polyvalent pour la pr\u00e9paration de boissons fra\u00eeches.<\/p>\n<p style=\"text-align: justify; text-indent: 30px;\">Le <strong>syst\u00e8me Air Cooling<\/strong> contribue \u00e0 maintenir la temp\u00e9rature optimale pendant le fonctionnement, assurant la performance du blender.<\/p>\n<p style=\"text-align: justify; text-indent: 30px;\">Avec ces caract\u00e9ristiques et ses accessoires inclus, le Blender Moulinex est un choix id\u00e9al pour ceux qui recherchent un appareil performant et facile \u00e0 utiliser dans leur cuisine.<\/p>","protected":false},"excerpt":{"rendered":"<ul style=\"font-size: 135%;\">\n<li>Brand: <b>MOULINEX<\/b><\/li>\n<li>Model: <strong>Blendforce<\/strong> <strong>LM423125<\/strong><\/li>\n<li>Bol mixeur: <strong>03<\/strong><\/li>\n<li>Capacity: <strong>2<\/strong> Liters<\/li>\n<li>Vitesse: <strong>02<\/strong><\/li>\n<li>Power: <strong>600<\/strong> watts<\/li>\n<li>Couleur: <strong>blanc<\/strong><\/li>\n<li>Dimensions: <strong>18P\u00d718,5l\u00d737H<\/strong> cm<\/li>\n<\/ul>","protected":false},"featured_media":3968,"comment_status":"open","ping_status":"closed","template":"","meta":[],"product_brand":[],"product_cat":[21,36],"product_tag":[],"class_list":{"0":"post-3850","1":"product","2":"type-product","3":"status-publish","4":"has-post-thumbnail","6":"product_cat-electromenager","7":"product_cat-mixeurs-robots","9":"first","10":"instock","11":"shipping-taxable","12":"purchasable","13":"product-type-simple"},"jetpack_sharing_enabled":true,"_links":{"self":[{"href":"https:\/\/myhappyhome.site\/en\/wp-json\/wp\/v2\/product\/3850","targetHints":{"allow":["GET"]}}],"collection":[{"href":"https:\/\/myhappyhome.site\/en\/wp-json\/wp\/v2\/product"}],"about":[{"href":"https:\/\/myhappyhome.site\/en\/wp-json\/wp\/v2\/types\/product"}],"replies":[{"embeddable":true,"href":"https:\/\/myhappyhome.site\/en\/wp-json\/wp\/v2\/comments?post=3850"}],"wp:featuredmedia":[{"embeddable":true,"href":"https:\/\/myhappyhome.site\/en\/wp-json\/wp\/v2\/media\/3968"}],"wp:attachment":[{"href":"https:\/\/myhappyhome.site\/en\/wp-json\/wp\/v2\/media?parent=3850"}],"wp:term":[{"taxonomy":"product_brand","embeddable":true,"href":"https:\/\/myhappyhome.site\/en\/wp-json\/wp\/v2\/product_brand?post=3850"},{"taxonomy":"product_cat","embeddable":true,"href":"https:\/\/myhappyhome.site\/en\/wp-json\/wp\/v2\/product_cat?post=3850"},{"taxonomy":"product_tag","embeddable":true,"href":"https:\/\/myhappyhome.site\/en\/wp-json\/wp\/v2\/product_tag?post=3850"}],"curies":[{"name":"wp","href":"https:\/\/api.w.org\/{rel}","templated":true}]}}