{"id":3851,"date":"2025-09-07T19:24:27","date_gmt":"2025-09-07T19:24:27","guid":{"rendered":"https:\/\/myhappyhome.site\/?post_type=product&#038;p=3851"},"modified":"2025-10-13T07:19:21","modified_gmt":"2025-10-13T07:19:21","slug":"moulinex-blendforce-glass-lm437825","status":"publish","type":"product","link":"https:\/\/myhappyhome.site\/en\/boutique\/electromenager\/mixeurs-robots\/moulinex-blendforce-glass-lm437825\/","title":{"rendered":"Moulinex Blendforce GLass LM437825 blender \u2013 800 watts \u2013 2 bowls \u2013 complies with European standards"},"content":{"rendered":"<h3 style=\"font-size: 120%; text-align: center;\">PRODUCT DESCRIPTION<\/h3>\n<p style=\"text-indent: 30px; text-align: justify;\"><b>Performance<\/b>: ce puissant blender de 800 Watts est \u00e9quip\u00e9 de 6 lames POWELIX amovibles pour un m\u00e9lange parfait et rapide sans aucun morceau.<\/p>\n<p style=\"text-indent: 30px; text-align: justify;\">Son bol en verre thermor\u00e9sistant d&#8217;une capacit\u00e9 de 1,75 litre brut (1,25 utile) permet de r\u00e9aliser toutes sortes de pr\u00e9parations (chaudes ou glac\u00e9es) pour satisfaire toute la famille.<\/p>\n<p style=\"text-indent: 30px; text-align: justify;\">Dot\u00e9 de <b>2 vitesses<\/b> et d&#8217;une <b>fonction pulse<\/b>, vous r\u00e9ussissez toutes vos pr\u00e9parations liquides classiques telles que milkshakes, smoothies, cocktails, gaspachos, p\u00e2te \u00e0 cr\u00eapes&#8230; mais aussi des granit\u00e9s gr\u00e2ce \u00e0 sa fonction glace pil\u00e9e !<\/p>\n<p style=\"text-indent: 30px; text-align: justify;\"><b>Technologie Air Cooling <\/b>:<br \/>\nPour une utilisation en toute s\u00e9curit\u00e9, le syst\u00e8me de refroidissement par air permet de ventiler le moteur pour emp\u00eacher la surchauffe et assurer une meilleure durabilit\u00e9 du moteur (jusqu&#8217;\u00e0 3 minutes de mixage continu quelle que soit la vitesse).<\/p>\n<p style=\"text-indent: 30px; text-align: justify;\"><b>Technologie Powelix :<\/b><br \/>\nDe plus gr\u00e2ce \u00e0 la Technologie Powelix vous b\u00e9n\u00e9ficiez d&#8217;un mixage rapide.<\/p>\n<p style=\"text-indent: 5px; text-align: justify;\"><b>SP\u00c9CIFICATIONS TECHNIQUES<\/b> :<\/p>\n<ul>\n<li>800W<\/li>\n<li>Bol en verre 1,75L (avec lames amovibles)<\/li>\n<li>Moulin a caf\u00e9<\/li>\n<li>2 Vitesses + Pulse<\/li>\n<li>Air Cooling Syst\u00e8me<\/li>\n<li>Syst\u00e8me de s\u00e9curit\u00e9<\/li>\n<\/ul>","protected":false},"excerpt":{"rendered":"<ul style=\"font-size: 135%;\">\n<li>Brand: <b>MOULINEX<\/b><\/li>\n<li>Model: <strong>Blendforce<\/strong> <strong>LM437825<\/strong><\/li>\n<li>Bol mixeur: <strong>02<\/strong><\/li>\n<li>Capacity: <strong>1.75<\/strong> Liters<\/li>\n<li>Vitesse: <strong>02<\/strong><\/li>\n<li>Power: <strong>800<\/strong> watts<\/li>\n<li>Couleur: <strong>noir<\/strong><\/li>\n<li>Dimensions: <strong>17.3P\u00d720l\u00d740.4H<\/strong>\u00a0cm<\/li>\n<\/ul>","protected":false},"featured_media":3895,"comment_status":"open","ping_status":"closed","template":"","meta":[],"product_brand":[],"product_cat":[21,36],"product_tag":[],"class_list":{"0":"post-3851","1":"product","2":"type-product","3":"status-publish","4":"has-post-thumbnail","6":"product_cat-electromenager","7":"product_cat-mixeurs-robots","9":"first","10":"instock","11":"shipping-taxable","12":"purchasable","13":"product-type-simple"},"jetpack_sharing_enabled":true,"_links":{"self":[{"href":"https:\/\/myhappyhome.site\/en\/wp-json\/wp\/v2\/product\/3851","targetHints":{"allow":["GET"]}}],"collection":[{"href":"https:\/\/myhappyhome.site\/en\/wp-json\/wp\/v2\/product"}],"about":[{"href":"https:\/\/myhappyhome.site\/en\/wp-json\/wp\/v2\/types\/product"}],"replies":[{"embeddable":true,"href":"https:\/\/myhappyhome.site\/en\/wp-json\/wp\/v2\/comments?post=3851"}],"wp:featuredmedia":[{"embeddable":true,"href":"https:\/\/myhappyhome.site\/en\/wp-json\/wp\/v2\/media\/3895"}],"wp:attachment":[{"href":"https:\/\/myhappyhome.site\/en\/wp-json\/wp\/v2\/media?parent=3851"}],"wp:term":[{"taxonomy":"product_brand","embeddable":true,"href":"https:\/\/myhappyhome.site\/en\/wp-json\/wp\/v2\/product_brand?post=3851"},{"taxonomy":"product_cat","embeddable":true,"href":"https:\/\/myhappyhome.site\/en\/wp-json\/wp\/v2\/product_cat?post=3851"},{"taxonomy":"product_tag","embeddable":true,"href":"https:\/\/myhappyhome.site\/en\/wp-json\/wp\/v2\/product_tag?post=3851"}],"curies":[{"name":"wp","href":"https:\/\/api.w.org\/{rel}","templated":true}]}}