{"id":3903,"date":"2025-09-15T18:47:21","date_gmt":"2025-09-15T18:47:21","guid":{"rendered":"https:\/\/myhappyhome.site\/?post_type=product&#038;p=3903"},"modified":"2025-09-19T08:23:05","modified_gmt":"2025-09-19T08:23:05","slug":"tefal-element-ki280d10","status":"publish","type":"product","link":"https:\/\/myhappyhome.site\/en\/boutique\/electromenager\/petit-dejeuner\/tefal-element-ki280d10\/","title":{"rendered":"TEFAL Element KI280D10 Electric Kettle \u2013 1.7 Liters \u2013 Complies with European Standards"},"content":{"rendered":"<h3 style=\"font-size: 120%; text-align: center;\">PRODUCT DESCRIPTION<\/h3>\n<p style=\"text-indent: 30px; text-align: justify;\">Robuste et performante, la bouilloire KI280D10 Element de Tefal vous permet de savourer une d\u00e9licieuse boisson chaude \u00e0 tout moment de la journ\u00e9e !<\/p>\n<p style=\"text-align: justify; text-indent: 30px;\"><b>Design: <\/b>son design en inox bross\u00e9 apportera une touche d&#8217;\u00e9l\u00e9gance et de modernit\u00e9 dans votre int\u00e9rieur.<\/p>\n<p style=\"text-align: justify; text-indent: 30px;\"><b>Capacity:<\/b> d&#8217;une capacit\u00e9 de 1,7 litre, elle est parfaite pour pr\u00e9parer une grande quantit\u00e9 d&#8217;eau chaude en une seule tourn\u00e9e.<\/p>\n<p style=\"text-align: justify; text-indent: 30px;\"><b> Power:<\/b> la puissance de 2400 Watts vous garantit une mont\u00e9e en temp\u00e9rature rapide.<\/p>\n<p style=\"text-align: justify; text-indent: 30px;\"><b> Entretien:<\/b> Cette bouilloire poss\u00e8de une r\u00e9sistance cach\u00e9e pour \u00e9liminer efficacement les probl\u00e8mes de calcaire. Une durabilit\u00e9 optimis\u00e9e et un nettoyage de l&#8217;int\u00e9rieur de la bouilloire facilit\u00e9. Ajoutez \u00e0 cela un filtre anti-tartre amovible vous permettant d&#8217;obtenir une eau limpide, sans petits d\u00e9p\u00f4ts de calcaire.<\/p>\n<p style=\"text-indent: 30px; text-align: justify;\"><b>Confort d&#8217;utilisation: <\/b>le couvercle est dot\u00e9 d&#8217;un syst\u00e8me d&#8217;ouverture assist\u00e9 vous offre un remplissage et un nettoyage facilit\u00e9s. Son socle 360\u00b0sans fil permet de repositionner la bouilloire dans n&#8217;importe quelle position. B\u00e9n\u00e9ficiez d&#8217;un indicateur de niveau d&#8217;eau en litre et en nombre de tasse pour chauffer la juste quantit\u00e9 d&#8217;eau n\u00e9cessaire. Disposez d&#8217;un interrupteur marche\/arr\u00eat et d&#8217;un range-cordon.<\/p>\n<p style=\"text-align: justify; text-indent: 30px;\"><b> Bec verseur:<\/b> le bec verseur ergonomique est con\u00e7u pour un \u00e9coulement parfait sans \u00e9claboussure jusqu&#8217;\u00e0 la derni\u00e8re goutte<\/p>\n<p style=\"text-align: justify; text-indent: 30px;\"><b> S\u00e9curit\u00e9:<\/b> Un syst\u00e8me de s\u00e9curit\u00e9 se d\u00e9clenche en cas de fonctionnement sans eau ainsi qu&#8217;un arr\u00eat automatique \u00e0 l&#8217;\u00e9bullition.<\/p>\n<p><b>PRINCIPALES CARACT\u00c9RISTIQUES<\/b>:<br \/>\nCapacit\u00e9 utile 1,7 l<br \/>\nMati\u00e8re principale Inox<br \/>\nPuissance 2400 W<br \/>\nMode de cuisson Bouillir<br \/>\nEnergie utilis\u00e9e Electrique<\/p>","protected":false},"excerpt":{"rendered":"<ul style=\"font-size: 135%;\">\n<li>Brand: <strong>TEFAL<\/strong><\/li>\n<li>Model: <strong>KI280D10<\/strong><\/li>\n<li>Appropri\u00e9 pour: bouillir de l&#8217;eau et th\u00e9&#8230;<\/li>\n<li>Material: <strong>inox+plastique<\/strong><\/li>\n<li>Power: <strong>2400<\/strong> watts<\/li>\n<li>Capacity: <strong>1.7<\/strong> Liters<\/li>\n<li>Interrupteur marche-arr\u00eat avec \u00e9clairage LED<\/li>\n<li>Protection against <strong>overheated<\/strong><\/li>\n<li>Automatic shutdown<\/li>\n<li>Socle d&#8217;alimentation tournant \u00e0 360\u00b0<\/li>\n<li>Couleur: <strong>argent<\/strong><\/li>\n<li>Dimensions: \u200e<strong>22\u00d714,6\u00d740<\/strong> cm;<\/li>\n<li>Poids: <strong>1.03<\/strong> kg<\/li>\n<\/ul>","protected":false},"featured_media":3875,"comment_status":"open","ping_status":"closed","template":"","meta":[],"product_brand":[],"product_cat":[21,37],"product_tag":[],"class_list":{"0":"post-3903","1":"product","2":"type-product","3":"status-publish","4":"has-post-thumbnail","6":"product_cat-electromenager","7":"product_cat-petit-dejeuner","9":"first","10":"instock","11":"shipping-taxable","12":"purchasable","13":"product-type-simple"},"jetpack_sharing_enabled":true,"_links":{"self":[{"href":"https:\/\/myhappyhome.site\/en\/wp-json\/wp\/v2\/product\/3903","targetHints":{"allow":["GET"]}}],"collection":[{"href":"https:\/\/myhappyhome.site\/en\/wp-json\/wp\/v2\/product"}],"about":[{"href":"https:\/\/myhappyhome.site\/en\/wp-json\/wp\/v2\/types\/product"}],"replies":[{"embeddable":true,"href":"https:\/\/myhappyhome.site\/en\/wp-json\/wp\/v2\/comments?post=3903"}],"wp:featuredmedia":[{"embeddable":true,"href":"https:\/\/myhappyhome.site\/en\/wp-json\/wp\/v2\/media\/3875"}],"wp:attachment":[{"href":"https:\/\/myhappyhome.site\/en\/wp-json\/wp\/v2\/media?parent=3903"}],"wp:term":[{"taxonomy":"product_brand","embeddable":true,"href":"https:\/\/myhappyhome.site\/en\/wp-json\/wp\/v2\/product_brand?post=3903"},{"taxonomy":"product_cat","embeddable":true,"href":"https:\/\/myhappyhome.site\/en\/wp-json\/wp\/v2\/product_cat?post=3903"},{"taxonomy":"product_tag","embeddable":true,"href":"https:\/\/myhappyhome.site\/en\/wp-json\/wp\/v2\/product_tag?post=3903"}],"curies":[{"name":"wp","href":"https:\/\/api.w.org\/{rel}","templated":true}]}}