{"id":3905,"date":"2025-09-15T18:57:39","date_gmt":"2025-09-15T18:57:39","guid":{"rendered":"https:\/\/myhappyhome.site\/?post_type=product&#038;p=3905"},"modified":"2025-10-17T10:10:58","modified_gmt":"2025-10-17T10:10:58","slug":"tefal-safe-tea-ko260810","status":"publish","type":"product","link":"https:\/\/myhappyhome.site\/en\/boutique\/electromenager\/petit-dejeuner\/tefal-safe-tea-ko260810\/","title":{"rendered":"TEFAL KO260810 Safe'tea electric kettle \u2013 1.7 litres \u2013 complies with European standards"},"content":{"rendered":"<h3 style=\"font-size: 120%; text-align: center;\">PRODUCT DESCRIPTION<\/h3>\n<p style=\"text-indent: 30px; text-align: justify;\">Pr\u00e9parez sereinement votre boisson chaude avec la bouilloire Safe&#8217;tea, qui gr\u00e2ce \u00e0 sa double paroi protectrice, prot\u00e8gera vos mains de la chaleur et maintiendra votre eau chaude pendant 30 minutes environ.<br \/>\nSa capacit\u00e9 de 1,7L et sa puissance de 1800W vous garantissent un instant th\u00e9 en toute tranquilit\u00e9.<\/p>\n<p><b>PRINCIPALES CARACTERISTIQUES<\/b>:<\/p>\n<ul style=\"text-align: justify;\">\n<li>Capacit\u00e9: 1,7L<\/li>\n<li>1800W<\/li>\n<li>Double paroi isolante<\/li>\n<li>Ouverture facile<\/li>\n<li>Base 360\u00b0<\/li>\n<li>Finition Brillante<\/li>\n<\/ul>","protected":false},"excerpt":{"rendered":"<ul style=\"font-size: 135%;\">\n<li>Brand: <strong>TEFAL<\/strong><\/li>\n<li>Model: <strong>Safe&#8217;tea<\/strong><\/li>\n<li>R\u00e9f\u00e9rence:<strong> KO260810<\/strong><\/li>\n<li>Appropri\u00e9 pour: bouillir de l&#8217;eau et th\u00e9&#8230;<\/li>\n<li>Material: <strong>inox<\/strong><\/li>\n<li>Power: <strong>1800<\/strong> watts<\/li>\n<li>Capacity: <strong>1.7<\/strong> Liters<\/li>\n<li>Interrupteur marche-arr\u00eat avec \u00e9clairage LED<\/li>\n<li>Protection against <strong>overheated<\/strong><\/li>\n<li>Automatic shutdown<\/li>\n<li>Socle d&#8217;alimentation tournant \u00e0 360\u00b0<\/li>\n<li>Couleur: noir<\/li>\n<\/ul>","protected":false},"featured_media":3885,"comment_status":"open","ping_status":"closed","template":"","meta":[],"product_brand":[],"product_cat":[21,37,30],"product_tag":[],"class_list":{"0":"post-3905","1":"product","2":"type-product","3":"status-publish","4":"has-post-thumbnail","6":"product_cat-electromenager","7":"product_cat-petit-dejeuner","8":"product_cat-promotions","10":"first","11":"instock","12":"sale","13":"shipping-taxable","14":"purchasable","15":"product-type-simple"},"jetpack_sharing_enabled":true,"_links":{"self":[{"href":"https:\/\/myhappyhome.site\/en\/wp-json\/wp\/v2\/product\/3905","targetHints":{"allow":["GET"]}}],"collection":[{"href":"https:\/\/myhappyhome.site\/en\/wp-json\/wp\/v2\/product"}],"about":[{"href":"https:\/\/myhappyhome.site\/en\/wp-json\/wp\/v2\/types\/product"}],"replies":[{"embeddable":true,"href":"https:\/\/myhappyhome.site\/en\/wp-json\/wp\/v2\/comments?post=3905"}],"wp:featuredmedia":[{"embeddable":true,"href":"https:\/\/myhappyhome.site\/en\/wp-json\/wp\/v2\/media\/3885"}],"wp:attachment":[{"href":"https:\/\/myhappyhome.site\/en\/wp-json\/wp\/v2\/media?parent=3905"}],"wp:term":[{"taxonomy":"product_brand","embeddable":true,"href":"https:\/\/myhappyhome.site\/en\/wp-json\/wp\/v2\/product_brand?post=3905"},{"taxonomy":"product_cat","embeddable":true,"href":"https:\/\/myhappyhome.site\/en\/wp-json\/wp\/v2\/product_cat?post=3905"},{"taxonomy":"product_tag","embeddable":true,"href":"https:\/\/myhappyhome.site\/en\/wp-json\/wp\/v2\/product_tag?post=3905"}],"curies":[{"name":"wp","href":"https:\/\/api.w.org\/{rel}","templated":true}]}}