{"id":3906,"date":"2025-09-15T19:02:41","date_gmt":"2025-09-15T19:02:41","guid":{"rendered":"https:\/\/myhappyhome.site\/?post_type=product&#038;p=3906"},"modified":"2025-10-10T19:38:43","modified_gmt":"2025-10-10T19:38:43","slug":"tefal-ki150d10","status":"publish","type":"product","link":"https:\/\/myhappyhome.site\/en\/boutique\/electromenager\/petit-dejeuner\/tefal-ki150d10\/","title":{"rendered":"TEFAL KI150D10 electric kettle \u2013 1.7 litres \u2013 complies with European standards"},"content":{"rendered":"<h3 style=\"font-size: 120%; text-align: center;\">PRODUCT DESCRIPTION<\/h3>\n<p style=\"text-indent: 30px; text-align: justify;\"><b>La bouilloire Tefal KI150D10 s&#8217;int\u00e8grera parfaitement dans toutes les cuisines modernes avec son design \u00e9l\u00e9gant en inox bross\u00e9.\u00a0<\/b><b>Facilit\u00e9 d&#8217;entretien, praticit\u00e9, \u00e9bullition rapide, s\u00e9curit\u00e9&#8230; tout est r\u00e9uni pour b\u00e9n\u00e9ficier de performances optimales.<\/b><br \/>\n<b>Capacity: <\/b>D&#8217;une capacit\u00e9 de\u00a0\u00a0<b>1,7 litre<\/b>, elle est parfaite pour les familles nombreuses et pour pr\u00e9parer une grande quantit\u00e9 d&#8217;eau chaude, id\u00e9al lorsque vous recevez des amis ou de la famille \u00e0 d\u00eener ou \u00e0 d\u00e9jeuner.<br \/>\n<b>Power: <\/b>La puissance de\u00a0\u00a0<b>2400 Watts\u00a0<\/b>vous garantit une mont\u00e9e en temp\u00e9rature rapide.<br \/>\n<b>Praticit\u00e9 et lutte anti-calcaire: <\/b>Elle est \u00e9quip\u00e9e d&#8217;une\u00a0<b>\u00a0r\u00e9sistance cach\u00e9e\u00a0<\/b>pour vous faciliter l&#8217;entretien et pour lutter contre l&#8217;ennemi num\u00e9ro 1, le calcaire ! Ajoutez \u00e0 cela un\u00a0\u00a0<b>filtre anti-tartre amovible\u00a0<\/b>vous permettant d&#8217;obtenir une eau limpide. Le <b>couvercle sans charni\u00e8re<\/b>\u00a0vous offre un remplissage et un nettoyage plus faciles.Le\u00a0<b>\u00a0socle 360\u00b0\u00a0<\/b>offre un grand\u00a0\u00a0<b>confort d&#8217;utilisation<\/b>: que vous soyez droitiers ou gauchers, vous repositionnez facilement et rapidement la bouilloire sur son socle. Disposez d&#8217;un\u00a0<b>\u00a0interrupteur marche\/arr\u00eat<\/b>.<br \/>\n<b>S\u00e9curit\u00e9: <\/b>La bouilloire s&#8217;arr\u00eate automatiquement \u00e0 \u00e9bullition ou en cas de fonctionnement sans eau.<\/p>","protected":false},"excerpt":{"rendered":"<ul style=\"font-size: 135%;\">\n<li>Brand: <strong>TEFAL<\/strong><\/li>\n<li>Model: <strong>KI150D10<\/strong><\/li>\n<li>Appropri\u00e9 pour: bouillir de l&#8217;eau et th\u00e9&#8230;<\/li>\n<li>Material: <strong>inox+plastique<\/strong><\/li>\n<li>Power: <strong>2400<\/strong> watts<\/li>\n<li>Capacity: <strong>1.7<\/strong> Liters<\/li>\n<li>Interrupteur marche-arr\u00eat avec \u00e9clairage LED<\/li>\n<li>Protection against <strong>overheated<\/strong><\/li>\n<li>Automatic shutdown<\/li>\n<li>Socle d&#8217;alimentation tournant \u00e0 360\u00b0<\/li>\n<li>Couleur: <strong>argent+noir<\/strong><\/li>\n<li>Dimensions: \u200e<strong>23<\/strong>H<strong>\u00d7<\/strong><strong>22<\/strong>l\u00a0cm<\/li>\n<li>Poids: <strong>0,9<\/strong> kg<\/li>\n<\/ul>","protected":false},"featured_media":3873,"comment_status":"open","ping_status":"closed","template":"","meta":[],"product_brand":[],"product_cat":[21,37],"product_tag":[],"class_list":{"0":"post-3906","1":"product","2":"type-product","3":"status-publish","4":"has-post-thumbnail","6":"product_cat-electromenager","7":"product_cat-petit-dejeuner","9":"first","10":"instock","11":"shipping-taxable","12":"purchasable","13":"product-type-simple"},"jetpack_sharing_enabled":true,"_links":{"self":[{"href":"https:\/\/myhappyhome.site\/en\/wp-json\/wp\/v2\/product\/3906","targetHints":{"allow":["GET"]}}],"collection":[{"href":"https:\/\/myhappyhome.site\/en\/wp-json\/wp\/v2\/product"}],"about":[{"href":"https:\/\/myhappyhome.site\/en\/wp-json\/wp\/v2\/types\/product"}],"replies":[{"embeddable":true,"href":"https:\/\/myhappyhome.site\/en\/wp-json\/wp\/v2\/comments?post=3906"}],"wp:featuredmedia":[{"embeddable":true,"href":"https:\/\/myhappyhome.site\/en\/wp-json\/wp\/v2\/media\/3873"}],"wp:attachment":[{"href":"https:\/\/myhappyhome.site\/en\/wp-json\/wp\/v2\/media?parent=3906"}],"wp:term":[{"taxonomy":"product_brand","embeddable":true,"href":"https:\/\/myhappyhome.site\/en\/wp-json\/wp\/v2\/product_brand?post=3906"},{"taxonomy":"product_cat","embeddable":true,"href":"https:\/\/myhappyhome.site\/en\/wp-json\/wp\/v2\/product_cat?post=3906"},{"taxonomy":"product_tag","embeddable":true,"href":"https:\/\/myhappyhome.site\/en\/wp-json\/wp\/v2\/product_tag?post=3906"}],"curies":[{"name":"wp","href":"https:\/\/api.w.org\/{rel}","templated":true}]}}