{"id":3909,"date":"2025-09-16T17:03:48","date_gmt":"2025-09-16T17:03:48","guid":{"rendered":"https:\/\/myhappyhome.site\/?post_type=product&#038;p=3909"},"modified":"2025-09-21T13:18:35","modified_gmt":"2025-09-21T13:18:35","slug":"moulinex-subito-by550d10","status":"publish","type":"product","link":"https:\/\/myhappyhome.site\/en\/boutique\/electromenager\/petit-dejeuner\/moulinex-subito-by550d10\/","title":{"rendered":"MOULINEX Subito BY550D10 Electric Kettle \u2013 1.7 Liters \u2013 Complies with European Standards"},"content":{"rendered":"<h3 style=\"font-size: 120%; text-align: center;\">PRODUCT DESCRIPTION<\/h3>\n<p style=\"text-indent: 30px; text-align: justify;\">Une bouilloire en inox robuste avec la capacit\u00e9 id\u00e9ale pour toutes les occasions.<br \/>\nRed\u00e9couvrez le plaisir du petit-d\u00e9jeuner et du go\u00fbter avec la bouilloire en inox Subito Select de Moulinex ! Id\u00e9ale au quotidien, cette bouilloire en inox premium assure des performances durables avec ses nombreuses fonctionnalit\u00e9s. Cette bouilloire \u00e9lectrique robuste pr\u00e9sente de nombreux atouts : capacit\u00e9 de 1,7 L pour toutes les occasions, puissance 2 400 W pour une \u00e9bullition rapide avec arr\u00eat automatique, couvercle et fen\u00eatre de niveau d\u2019eau facilitant le remplissage et le nettoyage.<\/p>\n<p style=\"text-indent: 30px; text-align: justify;\"><b>Grande capacit\u00e9 de 1,7 l<\/b> soit jusqu&#8217;\u00e0 7 tasses, pour toutes les occasions<\/p>\n<p style=\"text-indent: 30px; text-align: justify;\">Bouilloire \u00e9lectrique inox avec <b>2 400 W de puissance<\/b> pour une \u00e9bullition rapide<\/p>\n<p style=\"text-indent: 30px; text-align: justify;\">Bouton <b>marche\/arr\u00eat r\u00e9tro\u00e9clair\u00e9<\/b> et arr\u00eat automatique une fois que l\u2019eau bout<\/p>\n<p style=\"text-indent: 30px; text-align: justify;\"><b>Couvercle pratique et fen\u00eatre de<\/b> niveau d\u2019eau pour un remplissage facilit\u00e9<\/p>\n<p style=\"text-indent: 30px; text-align: justify;\"><b>Large bec verseur<\/b> pour remplir la bouilloire sans m\u00eame ouvrir le couvercle<\/p>\n<p style=\"text-indent: 30px; text-align: justify;\"><b>Design intelligent<\/b>: filtre anticalcaire amovible, base pivotante 360\u00b0.<\/p>","protected":false},"excerpt":{"rendered":"<ul style=\"font-size: 135%;\">\n<li>Brand: <strong>MOULINEX<\/strong><\/li>\n<li>Model: <strong>Subito BY550D10<\/strong><\/li>\n<li>Appropri\u00e9 pour: bouillir de l&#8217;eau et th\u00e9&#8230;<\/li>\n<li>Material: <strong>inox+plastique<\/strong><\/li>\n<li>Power: <strong>2400<\/strong> watts<\/li>\n<li>Capacity: <strong>1.7<\/strong> Liters<\/li>\n<li>Interrupteur marche-arr\u00eat avec \u00e9clairage LED<\/li>\n<li>Protection against <strong>overheated<\/strong><\/li>\n<li>Automatic shutdown<\/li>\n<li>Socle d&#8217;alimentation tournant \u00e0 360\u00b0<\/li>\n<li>Couleur: <strong>argent+noir<\/strong><\/li>\n<li>Dimensions: \u200e<strong>23,5<\/strong>H<strong>\u00d722,5<\/strong>l\u00a0cm<\/li>\n<li>Poids: <strong>1<\/strong> kg<\/li>\n<\/ul>","protected":false},"featured_media":3912,"comment_status":"open","ping_status":"closed","template":"","meta":[],"product_brand":[],"product_cat":[21,37],"product_tag":[],"class_list":{"0":"post-3909","1":"product","2":"type-product","3":"status-publish","4":"has-post-thumbnail","6":"product_cat-electromenager","7":"product_cat-petit-dejeuner","9":"first","10":"instock","11":"shipping-taxable","12":"purchasable","13":"product-type-simple"},"jetpack_sharing_enabled":true,"_links":{"self":[{"href":"https:\/\/myhappyhome.site\/en\/wp-json\/wp\/v2\/product\/3909","targetHints":{"allow":["GET"]}}],"collection":[{"href":"https:\/\/myhappyhome.site\/en\/wp-json\/wp\/v2\/product"}],"about":[{"href":"https:\/\/myhappyhome.site\/en\/wp-json\/wp\/v2\/types\/product"}],"replies":[{"embeddable":true,"href":"https:\/\/myhappyhome.site\/en\/wp-json\/wp\/v2\/comments?post=3909"}],"wp:featuredmedia":[{"embeddable":true,"href":"https:\/\/myhappyhome.site\/en\/wp-json\/wp\/v2\/media\/3912"}],"wp:attachment":[{"href":"https:\/\/myhappyhome.site\/en\/wp-json\/wp\/v2\/media?parent=3909"}],"wp:term":[{"taxonomy":"product_brand","embeddable":true,"href":"https:\/\/myhappyhome.site\/en\/wp-json\/wp\/v2\/product_brand?post=3909"},{"taxonomy":"product_cat","embeddable":true,"href":"https:\/\/myhappyhome.site\/en\/wp-json\/wp\/v2\/product_cat?post=3909"},{"taxonomy":"product_tag","embeddable":true,"href":"https:\/\/myhappyhome.site\/en\/wp-json\/wp\/v2\/product_tag?post=3909"}],"curies":[{"name":"wp","href":"https:\/\/api.w.org\/{rel}","templated":true}]}}