{"id":3922,"date":"2025-09-17T05:03:33","date_gmt":"2025-09-17T05:03:33","guid":{"rendered":"https:\/\/myhappyhome.site\/?post_type=product&#038;p=3922"},"modified":"2025-09-22T09:32:56","modified_gmt":"2025-09-22T09:32:56","slug":"tefal-ko330830","status":"publish","type":"product","link":"https:\/\/myhappyhome.site\/en\/boutique\/electromenager\/petit-dejeuner\/tefal-ko330830\/","title":{"rendered":"TEFAL KO330830 electric kettle \u2013 1.7 litres \u2013 complies with European standards"},"content":{"rendered":"<h3 style=\"font-size: 120%; text-align: center;\">PRODUCT DESCRIPTION<\/h3>\n<p style=\"text-indent: 30px; text-align: justify;\">Le Tefal KO330830 est une bouilloire \u00e9lectrique puissante d&#8217;une capacit\u00e9 de 1,7 litre, id\u00e9ale pour pr\u00e9parer des boissons chaudes ou pour faire bouillir de l&#8217;eau pour diverses applications. Avec une puissance de 2200 watts, elle permet un chauffage rapide de l&#8217;eau, ce qui fait gagner du temps et de l&#8217;\u00e9nergie. La bouilloire pr\u00e9sente un design moderne en noir et en acier inoxydable, s&#8217;int\u00e9grant parfaitement dans toute cuisine. Parmi les fonctionnalit\u00e9s pratiques, on trouve un socle rotatif \u00e0 360 degr\u00e9s pour une manipulation facile, ainsi qu&#8217;une protection contre la marche \u00e0 sec pour plus de s\u00e9curit\u00e9. La bouilloire est sans fil et offre une utilisation conviviale gr\u00e2ce \u00e0 un interrupteur marche\/arr\u00eat \u00e9clair\u00e9 et un indicateur de niveau d&#8217;eau. Ces caract\u00e9ristiques font du Tefal KO330830 un choix pratique et fiable pour un usage quotidien.<\/p>\n<ul style=\"text-align: justify;\">\n<li>Socle rotatif \u00e0 360 degr\u00e9s pour une manipulation facile<\/li>\n<li>Protection contre la marche \u00e0 sec pour plus de s\u00e9curit\u00e9<\/li>\n<li>\u00c9l\u00e9ment chauffant dissimul\u00e9 pour un nettoyage facile<\/li>\n<li>Interrupteur marche\/arr\u00eat \u00e9clair\u00e9 pour une meilleure visibilit\u00e9<\/li>\n<li>Pieds antid\u00e9rapants pour une stabilit\u00e9 accrue.<\/li>\n<\/ul>","protected":false},"excerpt":{"rendered":"<ul style=\"font-size: 135%;\">\n<li>Brand: <strong>TEFAL<\/strong><\/li>\n<li>Model: <strong>KO330<\/strong><\/li>\n<li>R\u00e9f\u00e9rence:<strong> KO330830<\/strong><\/li>\n<li>Appropri\u00e9 pour: bouillir de l&#8217;eau et th\u00e9&#8230;<\/li>\n<li>Material: <strong>inox+plastique<\/strong><\/li>\n<li>Power: <strong>2200<\/strong> watts<\/li>\n<li>Capacity: <strong>1.7<\/strong> Liters<\/li>\n<li>Interrupteur marche-arr\u00eat avec \u00e9clairage LED<\/li>\n<li>Protection against <strong>overheated<\/strong><\/li>\n<li>Automatic shutdown<\/li>\n<li>Socle d&#8217;alimentation tournant \u00e0 360\u00b0<\/li>\n<li>Couleur: <strong>noir<\/strong><\/li>\n<li>Dimensions: \u200e<strong>30\u00d720\u00d715<\/strong>\u00a0cm<\/li>\n<li>Poids: <strong>1,3<\/strong> kg<\/li>\n<\/ul>","protected":false},"featured_media":3882,"comment_status":"open","ping_status":"closed","template":"","meta":[],"product_brand":[],"product_cat":[21,37],"product_tag":[],"class_list":{"0":"post-3922","1":"product","2":"type-product","3":"status-publish","4":"has-post-thumbnail","6":"product_cat-electromenager","7":"product_cat-petit-dejeuner","9":"first","10":"onbackorder","11":"shipping-taxable","12":"purchasable","13":"product-type-simple"},"jetpack_sharing_enabled":true,"_links":{"self":[{"href":"https:\/\/myhappyhome.site\/en\/wp-json\/wp\/v2\/product\/3922","targetHints":{"allow":["GET"]}}],"collection":[{"href":"https:\/\/myhappyhome.site\/en\/wp-json\/wp\/v2\/product"}],"about":[{"href":"https:\/\/myhappyhome.site\/en\/wp-json\/wp\/v2\/types\/product"}],"replies":[{"embeddable":true,"href":"https:\/\/myhappyhome.site\/en\/wp-json\/wp\/v2\/comments?post=3922"}],"wp:featuredmedia":[{"embeddable":true,"href":"https:\/\/myhappyhome.site\/en\/wp-json\/wp\/v2\/media\/3882"}],"wp:attachment":[{"href":"https:\/\/myhappyhome.site\/en\/wp-json\/wp\/v2\/media?parent=3922"}],"wp:term":[{"taxonomy":"product_brand","embeddable":true,"href":"https:\/\/myhappyhome.site\/en\/wp-json\/wp\/v2\/product_brand?post=3922"},{"taxonomy":"product_cat","embeddable":true,"href":"https:\/\/myhappyhome.site\/en\/wp-json\/wp\/v2\/product_cat?post=3922"},{"taxonomy":"product_tag","embeddable":true,"href":"https:\/\/myhappyhome.site\/en\/wp-json\/wp\/v2\/product_tag?post=3922"}],"curies":[{"name":"wp","href":"https:\/\/api.w.org\/{rel}","templated":true}]}}