{"id":3923,"date":"2025-09-17T05:26:02","date_gmt":"2025-09-17T05:26:02","guid":{"rendered":"https:\/\/myhappyhome.site\/?post_type=product&#038;p=3923"},"modified":"2025-10-02T05:33:57","modified_gmt":"2025-10-02T05:33:57","slug":"tefal-express-steam-fv2839e0","status":"publish","type":"product","link":"https:\/\/myhappyhome.site\/en\/boutique\/electromenager\/repassage\/tefal-express-steam-fv2839e0\/","title":{"rendered":"TEFAL Express Steam FV2839E0 iron \u2013 2400 watts \u2013 complies with European standards"},"content":{"rendered":"<h3 style=\"font-size: 120%; text-align: center;\">PRODUCT DESCRIPTION<\/h3>\n<p style=\"text-indent: 30px; text-align: justify;\">Tefal Express Steam FV2839E0 est con\u00e7u pour offrir des performances rapides et durables, le\u00a0<strong>fer \u00e0 vapeur FV2839E0<\/strong>\u00a0Powergliss vous aidera \u00e0 effectuer vos t\u00e2ches de repassage en un rien de temps.\u00a0\u00c9quip\u00e9 d\u2019une\u00a0<strong>puissance de 2 400 W<\/strong>\u00a0et d\u2019un\u00a0<strong>d\u00e9bit vapeur jusqu\u2019\u00e0 185 g\/min<\/strong>\u00a0pour un repassage efficace, il est \u00e9galement livr\u00e9 avec une semelle en c\u00e9ramique durable et un grand r\u00e9servoir d\u2019eau pour des sessions de repassage sans stress.<\/p>\n<h4 style=\"text-align: center;\"><strong>Points fort du fer \u00e0 repasser Express Steam<\/strong><\/h4>\n<ul>\n<li>Sa\u00a0<strong>puissance de 2 400 W<\/strong>\u00a0offre un temps de\u00a0<strong>chauffe express<\/strong>, associ\u00e9 \u00e0 un d\u00e9bit de\u00a0<strong>vapeur continu de 40g\/min<\/strong>\u00a0pour des r\u00e9sultats rapides et \u00e0 une\u00a0<strong>fonction pressing<\/strong>\u00a0ultra-efficace\u00a0<strong>de 185 g\/min<\/strong>\u00a0pour venir \u00e0 bout des plis les plus tenaces.<\/li>\n<li>Il est \u00e9quipe d&#8217;un\u00a0<strong>syst\u00e8me anti-goutte<\/strong>\u00a0pour un maximum de confort et aucun incident.<\/li>\n<li>Un\u00a0<strong>syst\u00e8me anti-calcaire:\u00a0<\/strong>qui \u00e9vite \u00e0 votre fer de prendre du calcaire avec le temps du faite de l&#8217;utilisation des eaux non recommand\u00e9 pour votre appareil.<\/li>\n<li><strong>Syst\u00e8me Auto-nettoyage:\u00a0<\/strong>Ce syst\u00e8me vous facilite la vie et fait le travail \u00e0 votre place.<\/li>\n<\/ul>","protected":false},"excerpt":{"rendered":"<ul style=\"font-size: 135%;\">\n<li>Brand: <strong>TEFAL<\/strong><\/li>\n<li>Model: <strong>Express Steam FV2839E0<\/strong><\/li>\n<li>Power: <strong>2400<\/strong> watts<\/li>\n<li>Semelle: <strong>c\u00e9ramique<\/strong><\/li>\n<li>Capacit\u00e9 : &#8230; litres<\/li>\n<li>Dimensions:\u200e &#8230;<strong>\u00d7&#8230;\u00d7&#8230; <\/strong>cm<\/li>\n<li>Poids fer: &#8230; kg<\/li>\n<li>Couleur: <strong>blanc+violet<\/strong><\/li>\n<\/ul>","protected":false},"featured_media":3880,"comment_status":"open","ping_status":"closed","template":"","meta":[],"product_brand":[],"product_cat":[21,38],"product_tag":[],"class_list":{"0":"post-3923","1":"product","2":"type-product","3":"status-publish","4":"has-post-thumbnail","6":"product_cat-electromenager","7":"product_cat-repassage","9":"first","10":"instock","11":"shipping-taxable","12":"purchasable","13":"product-type-simple"},"jetpack_sharing_enabled":true,"_links":{"self":[{"href":"https:\/\/myhappyhome.site\/en\/wp-json\/wp\/v2\/product\/3923","targetHints":{"allow":["GET"]}}],"collection":[{"href":"https:\/\/myhappyhome.site\/en\/wp-json\/wp\/v2\/product"}],"about":[{"href":"https:\/\/myhappyhome.site\/en\/wp-json\/wp\/v2\/types\/product"}],"replies":[{"embeddable":true,"href":"https:\/\/myhappyhome.site\/en\/wp-json\/wp\/v2\/comments?post=3923"}],"wp:featuredmedia":[{"embeddable":true,"href":"https:\/\/myhappyhome.site\/en\/wp-json\/wp\/v2\/media\/3880"}],"wp:attachment":[{"href":"https:\/\/myhappyhome.site\/en\/wp-json\/wp\/v2\/media?parent=3923"}],"wp:term":[{"taxonomy":"product_brand","embeddable":true,"href":"https:\/\/myhappyhome.site\/en\/wp-json\/wp\/v2\/product_brand?post=3923"},{"taxonomy":"product_cat","embeddable":true,"href":"https:\/\/myhappyhome.site\/en\/wp-json\/wp\/v2\/product_cat?post=3923"},{"taxonomy":"product_tag","embeddable":true,"href":"https:\/\/myhappyhome.site\/en\/wp-json\/wp\/v2\/product_tag?post=3923"}],"curies":[{"name":"wp","href":"https:\/\/api.w.org\/{rel}","templated":true}]}}