{"id":3924,"date":"2025-09-17T06:29:21","date_gmt":"2025-09-17T06:29:21","guid":{"rendered":"https:\/\/myhappyhome.site\/?post_type=product&#038;p=3924"},"modified":"2025-10-13T07:33:20","modified_gmt":"2025-10-13T07:33:20","slug":"moulinex-the-genuine-lm241b25","status":"publish","type":"product","link":"https:\/\/myhappyhome.site\/en\/boutique\/electromenager\/mixeurs-robots\/moulinex-the-genuine-lm241b25\/","title":{"rendered":"Mixeur Moulinex The G\u00e9nuine LM241B25 &#8211; 500 watts &#8211; 2 bols &#8211; conforme aux normes europ\u00e9ennes"},"content":{"rendered":"<h3 style=\"font-size: 120%; text-align: center;\">PRODUCT DESCRIPTION<\/h3>\n<p style=\"text-align: justify; text-indent: 30px;\">Le mixeur MOULINEX THE GENUINE LM241B25 sera votre compagnon de tout les jours dans vos cuisines mes dames, c&#8217;est termin\u00e9 les tours chez la voisine pour emprunter son moulinex car nous vous offrons encore mieux. Ce mixeur vous donne un champs vari\u00e9 de ce que vous souhaitez mixer avec une efficacit\u00e9 im\u00e9ccable. Il est constitu\u00e9 de deux bols inter-changeable vous permettant de mixer arachides, djansang etc&#8230;<\/p>\n<p style=\"text-align: justify; text-indent: 30px;\">Il a une capacit\u00e9 de contenance de 1.75L assez pour y mettre tous vos ingr\u00e9dients. Vous pouvez donc concocter en toute aisance diff\u00e9rents types de boissons smoothies, jus detox, jus de fruits etc&#8230; tout cela fait maison donc fini les commandes \u00e0 l&#8217;ext\u00e9rieur \u00e0 des prix exorbitants.<\/p>\n<p style=\"text-align: justify; text-indent: 30px;\">Le mixeur MOULINEX THE GENUINE LM241B25 vous donne la possibilit\u00e9 gr\u00e2ce \u00e0 ses commandes de r\u00e9gler vous meme la vitesse de mixage que vous d\u00e9sirez, haute, basse ou pulse. Il a un moteur d&#8217;une puissance de 500W de quoi vous faire des mixages rapides en un laps de temps.<\/p>\n<p style=\"text-align: justify; text-indent: 30px;\">Fait \u00e0 base de plastique, le mixeur MOULINEX THE GENUINE LM241B25 \u00e0 deux bol est tres facile \u00e0 nettoyer. Ainsi il vous suffira en toute d\u00e9licatesse \u00e0 l&#8217;aide d&#8217;un syst\u00e8me de d\u00e9tachement de la lame nettoyer rien de plus facile.<\/p>","protected":false},"excerpt":{"rendered":"<ul style=\"font-size: 135%;\">\n<li>Brand: <b>MOULINEX<\/b><\/li>\n<li>Model: <strong>The<\/strong> <strong>Genuine <\/strong><\/li>\n<li>R\u00e9f\u00e9rence:<strong> LM241B25<\/strong><\/li>\n<li>Bol mixeur: <strong>02<\/strong><\/li>\n<li>Capacity: <strong>1.75<\/strong> Liters<\/li>\n<li>Vitesse: <strong>01<\/strong><\/li>\n<li>Power: <strong>500<\/strong> watts<\/li>\n<li>Couleur: <strong>blanc<\/strong><\/li>\n<li>Dimensions: <strong>20P\u00d720l\u00d736H<\/strong> cm<\/li>\n<\/ul>","protected":false},"featured_media":3891,"comment_status":"open","ping_status":"closed","template":"","meta":[],"product_brand":[],"product_cat":[21,36],"product_tag":[],"class_list":{"0":"post-3924","1":"product","2":"type-product","3":"status-publish","4":"has-post-thumbnail","6":"product_cat-electromenager","7":"product_cat-mixeurs-robots","9":"first","10":"instock","11":"sale","12":"shipping-taxable","13":"purchasable","14":"product-type-simple"},"jetpack_sharing_enabled":true,"_links":{"self":[{"href":"https:\/\/myhappyhome.site\/en\/wp-json\/wp\/v2\/product\/3924","targetHints":{"allow":["GET"]}}],"collection":[{"href":"https:\/\/myhappyhome.site\/en\/wp-json\/wp\/v2\/product"}],"about":[{"href":"https:\/\/myhappyhome.site\/en\/wp-json\/wp\/v2\/types\/product"}],"replies":[{"embeddable":true,"href":"https:\/\/myhappyhome.site\/en\/wp-json\/wp\/v2\/comments?post=3924"}],"wp:featuredmedia":[{"embeddable":true,"href":"https:\/\/myhappyhome.site\/en\/wp-json\/wp\/v2\/media\/3891"}],"wp:attachment":[{"href":"https:\/\/myhappyhome.site\/en\/wp-json\/wp\/v2\/media?parent=3924"}],"wp:term":[{"taxonomy":"product_brand","embeddable":true,"href":"https:\/\/myhappyhome.site\/en\/wp-json\/wp\/v2\/product_brand?post=3924"},{"taxonomy":"product_cat","embeddable":true,"href":"https:\/\/myhappyhome.site\/en\/wp-json\/wp\/v2\/product_cat?post=3924"},{"taxonomy":"product_tag","embeddable":true,"href":"https:\/\/myhappyhome.site\/en\/wp-json\/wp\/v2\/product_tag?post=3924"}],"curies":[{"name":"wp","href":"https:\/\/api.w.org\/{rel}","templated":true}]}}