{"id":3935,"date":"2025-09-19T01:58:48","date_gmt":"2025-09-19T01:58:48","guid":{"rendered":"https:\/\/myhappyhome.site\/?post_type=product&#038;p=3935"},"modified":"2025-09-22T08:59:30","modified_gmt":"2025-09-22T08:59:30","slug":"moulinex-masterchef-gourmet-qa512g10","status":"publish","type":"product","link":"https:\/\/myhappyhome.site\/en\/boutique\/electromenager\/mixeurs-robots\/moulinex-masterchef-gourmet-qa512g10\/","title":{"rendered":"MOULINEX QA512G10 Multifunction robot \u2013 4.6 L \u2013 1100 w \u2013 complies with European standards"},"content":{"rendered":"<h3 style=\"font-size: 120%; text-align: center;\">DESCRIPTION<\/h3>\n<p style=\"text-indent: 30px; text-align: justify;\">La p\u00e2tisserie du quotidien, sans effort ! Le robot p\u00e2tissier Masterchef Gourmet vous aide au quotidien pour pr\u00e9parer des p\u00e2tisseries maison en toute facilit\u00e9 et r\u00e9galer votre famille. Gr\u00e2ce \u00e0 son kit de p\u00e2tisserie compos\u00e9 du fouet Flex brevet\u00e9 exclusif, d&#8217;un batteur et d&#8217;un p\u00e9trin en fonte, vous \u00eates s\u00fbr(e) de r\u00e9ussir \u00e0 tous les coups ! Avec son moteur de 1100 W et son bol d&#8217;une capacit\u00e9 totale de 4,6L vous pouvez pr\u00e9parer jusqu&#8217;\u00e0 1,8 kg de p\u00e2te \u00e0 g\u00e2teau, 10 blancs en neige et 800 g de p\u00e2te \u00e9paisse. Partez \u00e0 la conqu\u00eate de la p\u00e2tisserie gr\u00e2ce aux accessoires fournis en option. <b>Technologie exclusive de fouet Flex pour des \u00e9mulsions parfaites, m\u00eame \u00e0 partir d&#8217;un seul blanc d&#8217;\u0153uf.<\/b>\u00a0Gr\u00e2ce \u00e0 sa conception exclusive, le fouet Flex atteint facilement le fond du bol pour un m\u00e9lange parfait des ingr\u00e9dients et des \u00e9mulsions l\u00e9g\u00e8res et a\u00e9r\u00e9es en un rien de temps !\u00a0<b>Mouvement plan\u00e9taire pour un m\u00e9lange optimal !<\/b>\u00a0Avec leur mouvement plan\u00e9taire, l\u2019accessoire de p\u00e2tisserie et la t\u00eate du robot peuvent atteindre toutes les zones du bol et fournir des r\u00e9sultats onctueux et homog\u00e8nes.\u00a0<b>Rapide et puissant<\/b> 1100 W et 8 vitesses avec fonction pulse pour un m\u00e9lange lisse et homog\u00e8ne.\u00a0<b>Kit p\u00e2tisserie en m\u00e9tal de qualit\u00e9 sup\u00e9rieure<\/b>\u00a0Un fouet Flex brevet\u00e9 pour des petites pr\u00e9parations, un batteur en fonte pour les p\u00e2tes \u00e0 p\u00e2tisserie, et un p\u00e9trin en fonte pour les p\u00e2tes \u00e9paisses. Le kit de p\u00e2tisserie Masterchef Gourmet est id\u00e9al pour un usage quotidien !\u00a0<b>Bol en inox de 4,6l avec poign\u00e9es<\/b>\u00a0R\u00e9alisez jusqu&#8217;\u00e0 10 blancs en neige, 40 cupcakes et 3 grandes p\u00e2tes \u00e0 pizza gr\u00e2ce au bol de 4,6 l.\u00a0<b>En manque d\u2019inspiration ? D\u00e9couvrez 25 id\u00e9es de recettes !<\/b>\u00a0Livre de recettes \u00e0 t\u00e9l\u00e9charger sur le site Web de Moulinex avec 25 recettes \u00e0 d\u00e9couvrir, dont des en-cas classiques et de d\u00e9licieux desserts.\u00a0<b>\u00c9largissez vos horizons culinaires !<\/b>\u00a0Compatible avec 7 accessoires fournis en option (blender en plastique ou en inox, mini-hachoir, hachoir \u00e0 viande, d\u00e9coupe-l\u00e9gumes\/trancheuse, kit pour p\u00e2tes, extracteur de jus) pour combler toute la famille et ravir toutes les papilles.<\/p>","protected":false},"excerpt":{"rendered":"<ul style=\"font-size: 135%;\">\n<li>Brand: <strong>MOULINEX<\/strong><\/li>\n<li>Model: <strong>Masterchef Gourmet<\/strong><\/li>\n<li>R\u00e9f\u00e9rence: <strong>QA512G10<\/strong><\/li>\n<li>Power: <strong>1100<\/strong> watts<\/li>\n<li>Material: <strong>inox + plastique<\/strong><\/li>\n<li>Capacit\u00e9 du bol: <strong>4,6<\/strong> litres<\/li>\n<li>Dimensions: \u200e<strong>25,7<\/strong>P<strong>\u00d742,4<\/strong>l<strong>\u00d732,4<\/strong>H\u00a0cm<\/li>\n<li>Poids: <strong>6,86<\/strong> kg<\/li>\n<li>Couleur: <strong>Rouge<\/strong><\/li>\n<\/ul>","protected":false},"featured_media":3957,"comment_status":"open","ping_status":"closed","template":"","meta":[],"product_brand":[],"product_cat":[21,36],"product_tag":[],"class_list":{"0":"post-3935","1":"product","2":"type-product","3":"status-publish","4":"has-post-thumbnail","6":"product_cat-electromenager","7":"product_cat-mixeurs-robots","9":"first","10":"instock","11":"shipping-taxable","12":"purchasable","13":"product-type-simple"},"jetpack_sharing_enabled":true,"_links":{"self":[{"href":"https:\/\/myhappyhome.site\/en\/wp-json\/wp\/v2\/product\/3935","targetHints":{"allow":["GET"]}}],"collection":[{"href":"https:\/\/myhappyhome.site\/en\/wp-json\/wp\/v2\/product"}],"about":[{"href":"https:\/\/myhappyhome.site\/en\/wp-json\/wp\/v2\/types\/product"}],"replies":[{"embeddable":true,"href":"https:\/\/myhappyhome.site\/en\/wp-json\/wp\/v2\/comments?post=3935"}],"wp:featuredmedia":[{"embeddable":true,"href":"https:\/\/myhappyhome.site\/en\/wp-json\/wp\/v2\/media\/3957"}],"wp:attachment":[{"href":"https:\/\/myhappyhome.site\/en\/wp-json\/wp\/v2\/media?parent=3935"}],"wp:term":[{"taxonomy":"product_brand","embeddable":true,"href":"https:\/\/myhappyhome.site\/en\/wp-json\/wp\/v2\/product_brand?post=3935"},{"taxonomy":"product_cat","embeddable":true,"href":"https:\/\/myhappyhome.site\/en\/wp-json\/wp\/v2\/product_cat?post=3935"},{"taxonomy":"product_tag","embeddable":true,"href":"https:\/\/myhappyhome.site\/en\/wp-json\/wp\/v2\/product_tag?post=3935"}],"curies":[{"name":"wp","href":"https:\/\/api.w.org\/{rel}","templated":true}]}}