{"id":3958,"date":"2025-09-20T17:39:44","date_gmt":"2025-09-20T17:39:44","guid":{"rendered":"https:\/\/myhappyhome.site\/?post_type=product&#038;p=3958"},"modified":"2025-09-21T09:37:34","modified_gmt":"2025-09-21T09:37:34","slug":"moulinex-juice-clean-zu420e10","status":"publish","type":"product","link":"https:\/\/myhappyhome.site\/en\/boutique\/electromenager\/mixeurs-robots\/moulinex-juice-clean-zu420e10\/","title":{"rendered":"MOULINEX Juice &amp; Clean ZU420E10 juice extractor \u2013 complies with European standards"},"content":{"rendered":"<h3 style=\"font-size: 120%; text-align: center;\">DESCRIPTION<\/h3>\n<p>Le kit d&#8217;extraction Juice &amp; Clean ZU420E10 est compos\u00e9 de:<\/p>\n<ul>\n<li>1 extracteur de jus<\/li>\n<li>1 pichet<\/li>\n<li>1 tasse<\/li>\n<li>1 brosse de nettoyage<\/li>\n<\/ul>\n<p style=\"text-align: justify; text-indent: 30px;\">Extracteur de jus dot\u00e9 de la <b>technologie EasyClean<\/b>: nettoie \u00e0 votre place pour vous faire gagner du temps sans effort. Des jus riches en saveur et en nutriments, sans aucun effort ! R\u00e9aliser des jus parfaits n&#8217;a jamais \u00e9t\u00e9 aussi simple avec l&#8217;extracteur de jus Juice and Clean de Moulinex ! Le syst\u00e8me EasyClean permet un nettoyage sans effort. La technologie de pressage \u00e0 froid garantit une extraction impeccable, avec deux filtres polyvalents pour confectionner de d\u00e9licieux sorbets, coulis de fruits et confitures. L&#8217;\u00e9cran tactile tr\u00e8s intuitif permet de r\u00e9aliser des jus en toute simplicit\u00e9, avec des fonctions ing\u00e9nieuses offrant un confort exceptionnel au quotidien.<\/p>\n<p style=\"text-align: justify text-indent: 30px;\"><b>Technologie de pressage \u00e0 froid<\/b>: extraction efficace de jus sans gaspillage tout en pr\u00e9servant les saveurs, les couleurs, vitamine c et les nutriments de vos fruits et l\u00e9gumes pr\u00e9f\u00e9r\u00e9<\/p>\n<p style=\"text-align: justify; text-indent: 30px;\"><b>Ecran tactile intuitif<\/b> avec 2 vitesses pour les ingr\u00e9dients durs et mous, ainsi qu&#8217;une fonction &#8220;reverse&#8221; pour d\u00e9bloquer les gros morceaux<\/p>\n<p style=\"text-align: justify; text-indent: 30px;\"><b>Contr\u00f4le r\u00e9glable<\/b> de la quantit\u00e9 de pulpe et deux filtres pour pr\u00e9parer jus, glaces, coulis et confitures<\/p>\n<p style=\"text-align: justify; text-indent: 30px;\">Pichet \u00e0 jus et collecteur de pulpe grande capacit\u00e9 (800 ml)<\/p>\n<p style=\"text-align: justify; text-indent: 30px;\"><b>Technologie silencieuse<\/b> pour extraire son jus \u00e0 tout moment de la journ\u00e9e sans perturbation<\/p>\n<p style=\"text-align: justify; text-indent: 30px;\">Diam\u00e8tre de la goulotte d&#8217;alimentation: 45 mm<\/p>","protected":false},"excerpt":{"rendered":"<ul style=\"font-size: 135%;\">\n<li>Brand: <strong>MOULINEX<\/strong><\/li>\n<li>Model: <strong>Juice &amp; Clean<\/strong><\/li>\n<li>R\u00e9f\u00e9rence:<strong> ZU420E10<\/strong><\/li>\n<li>Power: <strong>150<\/strong> watts<\/li>\n<li>Material: <strong>Acier alli\u00e9<\/strong><\/li>\n<li>Dimensions: <strong>18,5<\/strong>P\u00d7<strong>42,1<\/strong>l\u00d7<strong>25,6<\/strong>H cm<\/li>\n<li>Poids: <strong>3.9<\/strong> kg<\/li>\n<li>Couleur: <strong>noir<\/strong>+<strong>argent<\/strong><\/li>\n<\/ul>","protected":false},"featured_media":3950,"comment_status":"open","ping_status":"closed","template":"","meta":[],"product_brand":[],"product_cat":[21,36],"product_tag":[],"class_list":{"0":"post-3958","1":"product","2":"type-product","3":"status-publish","4":"has-post-thumbnail","6":"product_cat-electromenager","7":"product_cat-mixeurs-robots","9":"first","10":"instock","11":"shipping-taxable","12":"purchasable","13":"product-type-simple"},"jetpack_sharing_enabled":true,"_links":{"self":[{"href":"https:\/\/myhappyhome.site\/en\/wp-json\/wp\/v2\/product\/3958","targetHints":{"allow":["GET"]}}],"collection":[{"href":"https:\/\/myhappyhome.site\/en\/wp-json\/wp\/v2\/product"}],"about":[{"href":"https:\/\/myhappyhome.site\/en\/wp-json\/wp\/v2\/types\/product"}],"replies":[{"embeddable":true,"href":"https:\/\/myhappyhome.site\/en\/wp-json\/wp\/v2\/comments?post=3958"}],"wp:featuredmedia":[{"embeddable":true,"href":"https:\/\/myhappyhome.site\/en\/wp-json\/wp\/v2\/media\/3950"}],"wp:attachment":[{"href":"https:\/\/myhappyhome.site\/en\/wp-json\/wp\/v2\/media?parent=3958"}],"wp:term":[{"taxonomy":"product_brand","embeddable":true,"href":"https:\/\/myhappyhome.site\/en\/wp-json\/wp\/v2\/product_brand?post=3958"},{"taxonomy":"product_cat","embeddable":true,"href":"https:\/\/myhappyhome.site\/en\/wp-json\/wp\/v2\/product_cat?post=3958"},{"taxonomy":"product_tag","embeddable":true,"href":"https:\/\/myhappyhome.site\/en\/wp-json\/wp\/v2\/product_tag?post=3958"}],"curies":[{"name":"wp","href":"https:\/\/api.w.org\/{rel}","templated":true}]}}