{"id":3959,"date":"2025-09-20T17:39:45","date_gmt":"2025-09-20T17:39:45","guid":{"rendered":"https:\/\/myhappyhome.site\/?post_type=product&#038;p=3959"},"modified":"2026-02-14T14:52:10","modified_gmt":"2026-02-14T14:52:10","slug":"tefal-ti1200e1","status":"publish","type":"product","link":"https:\/\/myhappyhome.site\/en\/boutique\/electromenager\/repassage\/tefal-ti1200e1\/","title":{"rendered":"Planche de r\u00e9passage TEFAL TI1200E1 &#8211; conforme aux normes europ\u00e9ennes"},"content":{"rendered":"<h3 style=\"font-size: 120%; text-align: center;\">DESCRIPTION<\/h3>\n<p style=\"text-align: justify; text-indent: 30px;\">Surface de repassage rembourr\u00e9e en m\u00e9tal d\u00e9ploy\u00e9 perm\u00e9able \u00e0 la vapeur. Convient aux droitiers et aux gauchers. Plateau sp\u00e9cial pour g\u00e9n\u00e9rateurs de vapeur. Surface de repassage rembourr\u00e9e en m\u00e9tal d\u00e9ploy\u00e9 perm\u00e9able \u00e0 la vapeur. Housse en 100 % coton. Armature en tubes massifs r\u00e9glable en continu jusqu&#8217;\u00e0 93 cm. Convient aux droitiers et aux gauchers.<\/p>\n<ul style=\"text-align: justify;\">\n<li>Surface de repassage: 124\u00d740 cm.<\/li>\n<li>Poids: 6,3 kg<\/li>\n<li>Couleur: blanc.<\/li>\n<\/ul>","protected":false},"excerpt":{"rendered":"<ul style=\"font-size: 135%;\">\n<li>Brand: <strong>TEFAL<\/strong><\/li>\n<li>Model: <strong>TI1200E1<\/strong><\/li>\n<li>Material: <strong>Metal+Coton<\/strong><\/li>\n<li>Dimensions: \u200e<strong>124<\/strong>L\u00d7<strong>40<\/strong>l\u00d7<strong>93<\/strong>H\u00a0cm<\/li>\n<li>Poids: <strong>6.3<\/strong> kg<\/li>\n<li>Couleur: blanc-gris<\/li>\n<\/ul>","protected":false},"featured_media":3954,"comment_status":"open","ping_status":"closed","template":"","meta":[],"product_brand":[],"product_cat":[38],"product_tag":[],"class_list":{"0":"post-3959","1":"product","2":"type-product","3":"status-publish","4":"has-post-thumbnail","6":"product_cat-repassage","8":"first","9":"instock","10":"shipping-taxable","11":"purchasable","12":"product-type-simple"},"jetpack_sharing_enabled":true,"_links":{"self":[{"href":"https:\/\/myhappyhome.site\/en\/wp-json\/wp\/v2\/product\/3959","targetHints":{"allow":["GET"]}}],"collection":[{"href":"https:\/\/myhappyhome.site\/en\/wp-json\/wp\/v2\/product"}],"about":[{"href":"https:\/\/myhappyhome.site\/en\/wp-json\/wp\/v2\/types\/product"}],"replies":[{"embeddable":true,"href":"https:\/\/myhappyhome.site\/en\/wp-json\/wp\/v2\/comments?post=3959"}],"wp:featuredmedia":[{"embeddable":true,"href":"https:\/\/myhappyhome.site\/en\/wp-json\/wp\/v2\/media\/3954"}],"wp:attachment":[{"href":"https:\/\/myhappyhome.site\/en\/wp-json\/wp\/v2\/media?parent=3959"}],"wp:term":[{"taxonomy":"product_brand","embeddable":true,"href":"https:\/\/myhappyhome.site\/en\/wp-json\/wp\/v2\/product_brand?post=3959"},{"taxonomy":"product_cat","embeddable":true,"href":"https:\/\/myhappyhome.site\/en\/wp-json\/wp\/v2\/product_cat?post=3959"},{"taxonomy":"product_tag","embeddable":true,"href":"https:\/\/myhappyhome.site\/en\/wp-json\/wp\/v2\/product_tag?post=3959"}],"curies":[{"name":"wp","href":"https:\/\/api.w.org\/{rel}","templated":true}]}}