{"id":3962,"date":"2025-09-21T05:40:21","date_gmt":"2025-09-21T05:40:21","guid":{"rendered":"https:\/\/myhappyhome.site\/?post_type=product&#038;p=3962"},"modified":"2025-09-21T09:10:32","modified_gmt":"2025-09-21T09:10:32","slug":"moulinex-juiceo-zu150110","status":"publish","type":"product","link":"https:\/\/myhappyhome.site\/en\/boutique\/electromenager\/mixeurs-robots\/moulinex-juiceo-zu150110\/","title":{"rendered":"MOULINEX Juiceo ZU150110 juice extractor \u2013 complies with European standards"},"content":{"rendered":"<h3 style=\"font-size: 120%; text-align: center;\">DESCRIPTION<\/h3>\n<p>Le kit d&#8217;extraction Juiceo ZU150110 est compos\u00e9 de:<\/p>\n<ul>\n<li>1 extracteur de jus<\/li>\n<li>1 pichet<\/li>\n<li>1 tasse<\/li>\n<li>1 brosse de nettoyage<\/li>\n<\/ul>\n<p style=\"text-align: justify; text-indent: 30px;\">L\u2019extracteur de jus qui <b>conserve toutes les saveurs et tous les nutriments<\/b>, pour des jus de fruit toujours parfaits. De d\u00e9licieux jus de fruit en toute simplicit\u00e9 ! L\u2019extracteur de jus Juiceo de Moulinex pr\u00e9pare les meilleurs jus fra\u00eechement press\u00e9s, gr\u00e2ce \u00e0 sa technologie de pressage \u00e0 froid pour une extraction qui conserve toutes les saveurs et tous les nutriments. Cet extracteur de jus \u00e9lectrique est \u00e9quip\u00e9 de fonctions intelligentes pour une utilisation efficace et facile : une seule vitesse et une fonction \u00ab reverse \u00bb, un contr\u00f4le de la quantit\u00e9 de pulpe, des pi\u00e8ces amovibles compatibles au lave-vaisselle, un design anti-goutte pour une cuisine impeccable, et une technologie silencieuse pour une extraction discr\u00e8te jour apr\u00e8s jour.<\/p>\n<p style=\"text-align: justify; text-indent: 30px;\"><strong>Technologie de pressage \u00e0 froid<\/strong>: une extraction optimale qui conserve les saveurs et nutriments<\/p>\n<p style=\"text-align: justify; text-indent: 30px;\">Un extracteur de jus facile \u00e0 utiliser dot\u00e9 <strong>d\u2019une seule vitesse et d\u2019une fonction \u00ab reverse \u00bb<\/strong><\/p>\n<p style=\"text-align: justify; text-indent: 30px;\">Contr\u00f4le de la quantit\u00e9 de la pulpe, pour des jus aussi d\u00e9licieux que sains, comme vous les aimez<\/p>\n<p style=\"text-align: justify; text-indent: 30px;\">Des jus pr\u00e9par\u00e9s de fa\u00e7on efficace et silencieuse gr\u00e2ce \u00e0 la <strong>technologie d\u2019att\u00e9nuation du son<\/strong><\/p>\n<p style=\"text-align: justify; text-indent: 30px;\">Syst\u00e8me <strong>anti-goutte<\/strong> pour un nettoyage sans effort et une cuisine impeccable<\/p>","protected":false},"excerpt":{"rendered":"<ul style=\"font-size: 135%;\">\n<li>Brand: <strong>MOULINEX<\/strong><\/li>\n<li>Model: <strong>Juiceo<\/strong><\/li>\n<li>R\u00e9f\u00e9rence:<strong> ZU420E10<\/strong><\/li>\n<li>Power: <strong>150<\/strong> watts<\/li>\n<li>Material: <strong>plastique et acier inoxydable<\/strong><\/li>\n<li>Dimensions: \u200e<strong>40,4<\/strong>P<strong>\u00d728,8<\/strong>l<strong>\u00d732,8<\/strong>H\u00a0cm<\/li>\n<li>Poids: <strong>5,7<\/strong> kg<\/li>\n<li>Couleur: <strong>blanc neige et gris fonc\u00e9<\/strong><\/li>\n<\/ul>","protected":false},"featured_media":3951,"comment_status":"open","ping_status":"closed","template":"","meta":[],"product_brand":[],"product_cat":[21,36],"product_tag":[],"class_list":{"0":"post-3962","1":"product","2":"type-product","3":"status-publish","4":"has-post-thumbnail","6":"product_cat-electromenager","7":"product_cat-mixeurs-robots","9":"first","10":"instock","11":"shipping-taxable","12":"purchasable","13":"product-type-simple"},"jetpack_sharing_enabled":true,"_links":{"self":[{"href":"https:\/\/myhappyhome.site\/en\/wp-json\/wp\/v2\/product\/3962","targetHints":{"allow":["GET"]}}],"collection":[{"href":"https:\/\/myhappyhome.site\/en\/wp-json\/wp\/v2\/product"}],"about":[{"href":"https:\/\/myhappyhome.site\/en\/wp-json\/wp\/v2\/types\/product"}],"replies":[{"embeddable":true,"href":"https:\/\/myhappyhome.site\/en\/wp-json\/wp\/v2\/comments?post=3962"}],"wp:featuredmedia":[{"embeddable":true,"href":"https:\/\/myhappyhome.site\/en\/wp-json\/wp\/v2\/media\/3951"}],"wp:attachment":[{"href":"https:\/\/myhappyhome.site\/en\/wp-json\/wp\/v2\/media?parent=3962"}],"wp:term":[{"taxonomy":"product_brand","embeddable":true,"href":"https:\/\/myhappyhome.site\/en\/wp-json\/wp\/v2\/product_brand?post=3962"},{"taxonomy":"product_cat","embeddable":true,"href":"https:\/\/myhappyhome.site\/en\/wp-json\/wp\/v2\/product_cat?post=3962"},{"taxonomy":"product_tag","embeddable":true,"href":"https:\/\/myhappyhome.site\/en\/wp-json\/wp\/v2\/product_tag?post=3962"}],"curies":[{"name":"wp","href":"https:\/\/api.w.org\/{rel}","templated":true}]}}