{"id":3976,"date":"2025-09-24T12:07:33","date_gmt":"2025-09-24T12:07:33","guid":{"rendered":"https:\/\/myhappyhome.site\/?post_type=product&#038;p=3976"},"modified":"2025-09-29T10:00:32","modified_gmt":"2025-09-29T10:00:32","slug":"set-casseroles-et-poeles-06-pieces-royalty-line-rl-ftn24-rl-ftn28-rl-fdn28","status":"publish","type":"product","link":"https:\/\/myhappyhome.site\/en\/boutique\/cuisine-et-art-de-table\/marmite-casserole\/set-casseroles-et-poeles-06-pieces-royalty-line-rl-ftn24-rl-ftn28-rl-fdn28\/","title":{"rendered":"Set casseroles et sauteuse 06 pi\u00e8ces ROYALTY LINE &#8211; aluminium &#8211; antiadh\u00e9sif &#8211; conforme aux normes europ\u00e9ennes"},"content":{"rendered":"<h3 style=\"font-size: 125%; text-align: center;\">Caract\u00e9ristiques des casseroles Royalty Line avec antiadh\u00e9sif<\/h3>\n<p style=\"text-align: justify; text-indent: 50px;\">D\u00e9couvrez la batterie de cuisine parfaite avec Royalty Line\u00ae , la marque d\u00e9pos\u00e9e qui ensemble de 06 pi\u00e8ces de casseroles en acier inoxydable de haute qualit\u00e9 mble comprend te<\/p>\n<p><strong>Le kit contient<\/strong> :<\/p>\n<ul style=\"text-align: justify;\">\n<li>2 cocottes de capacit\u00e9 diff\u00e9rentes (6 litres, 4,5 litres) pour tous vos besoins de cuisson.<\/li>\n<li>1 Po\u00eale sauteuse (3,5 litres) pour d&#8217;excellents r\u00e9sultats de cuisson avec une r\u00e9partition uniforme de la chaleur.<\/li>\n<\/ul>\n<p style=\"text-align: center;\"><strong>CARACT\u00c9RISTIQUES DU PRODUIT :<\/strong><\/p>\n<ul style=\"text-align: justify;\">\n<li>Fabriqu\u00e9 en aluminium de haute qualit\u00e9 pour plus de durabilit\u00e9 .<\/li>\n<li>Conception antiadh\u00e9sive\u00a0 pour une cuisson et un nettoyage faciles.<\/li>\n<li>Convient \u00e0 toutes les sources de cuisson , y compris le gaz, l&#8217;\u00e9lectricit\u00e9, la c\u00e9ramique et l&#8217;induction.<\/li>\n<\/ul>","protected":false},"excerpt":{"rendered":"<ul style=\"font-size: 135%;\">\n<li>Brand: <strong>Royalty Line<\/strong><\/li>\n<li>Composition:\n<ul style=\"font-size: 90%;\">\n<li>02 casseroles: <strong>\u00d828\u00d715 <\/strong>cm, <strong>6<\/strong>\u00a0L; <strong>\u00d824\u00d712 <\/strong>cm,<strong> 4.5 <\/strong>L<\/li>\n<li>01 po\u00eale \u00e0 soupe: <strong>\u00d828\u00d79<\/strong> cm, <strong>3.5<\/strong> L<\/li>\n<li>03 couvercles<\/li>\n<\/ul>\n<\/li>\n<li>Material: <strong>aluminium<\/strong><\/li>\n<li>Rev\u00eatement antiadh\u00e9rent: <strong>oui\u00a0<\/strong><\/li>\n<li>Compatibilit\u00e9 feu: <strong>gaz<\/strong>, <strong>induction<\/strong>, <strong>\u00e9lectrique<\/strong>, <strong>vitroc\u00e9ramique<\/strong><\/li>\n<\/ul>","protected":false},"featured_media":3977,"comment_status":"open","ping_status":"closed","template":"","meta":[],"product_brand":[],"product_cat":[27,43],"product_tag":[],"class_list":{"0":"post-3976","1":"product","2":"type-product","3":"status-publish","4":"has-post-thumbnail","6":"product_cat-cuisine-et-art-de-table","7":"product_cat-marmite-casserole","9":"first","10":"instock","11":"shipping-taxable","12":"purchasable","13":"product-type-simple"},"jetpack_sharing_enabled":true,"_links":{"self":[{"href":"https:\/\/myhappyhome.site\/en\/wp-json\/wp\/v2\/product\/3976","targetHints":{"allow":["GET"]}}],"collection":[{"href":"https:\/\/myhappyhome.site\/en\/wp-json\/wp\/v2\/product"}],"about":[{"href":"https:\/\/myhappyhome.site\/en\/wp-json\/wp\/v2\/types\/product"}],"replies":[{"embeddable":true,"href":"https:\/\/myhappyhome.site\/en\/wp-json\/wp\/v2\/comments?post=3976"}],"wp:featuredmedia":[{"embeddable":true,"href":"https:\/\/myhappyhome.site\/en\/wp-json\/wp\/v2\/media\/3977"}],"wp:attachment":[{"href":"https:\/\/myhappyhome.site\/en\/wp-json\/wp\/v2\/media?parent=3976"}],"wp:term":[{"taxonomy":"product_brand","embeddable":true,"href":"https:\/\/myhappyhome.site\/en\/wp-json\/wp\/v2\/product_brand?post=3976"},{"taxonomy":"product_cat","embeddable":true,"href":"https:\/\/myhappyhome.site\/en\/wp-json\/wp\/v2\/product_cat?post=3976"},{"taxonomy":"product_tag","embeddable":true,"href":"https:\/\/myhappyhome.site\/en\/wp-json\/wp\/v2\/product_tag?post=3976"}],"curies":[{"name":"wp","href":"https:\/\/api.w.org\/{rel}","templated":true}]}}