{"id":3985,"date":"2025-09-25T04:49:34","date_gmt":"2025-09-25T04:49:34","guid":{"rendered":"https:\/\/myhappyhome.site\/?post_type=product&#038;p=3985"},"modified":"2025-09-29T09:23:31","modified_gmt":"2025-09-29T09:23:31","slug":"set-de-02-casseroles-basses-royal-swiss-aluminium-antiadhesif","status":"publish","type":"product","link":"https:\/\/myhappyhome.site\/en\/boutique\/cuisine-et-art-de-table\/marmite-casserole\/set-de-02-casseroles-basses-royal-swiss-aluminium-antiadhesif\/","title":{"rendered":"Set de 02 casseroles basses  ROYAL SWISS &#8211; aluminium &#8211; antiadh\u00e9sif &#8211; conforme aux normes europ\u00e9ennes"},"content":{"rendered":"<h3 style=\"font-size: 125%; text-align: center;\">Caract\u00e9ristiques des casseroles basses Royal Swiss avec antiadh\u00e9sif<\/h3>\n<p style=\"text-align: justify;\">&#8211; Ces produits en fonte d&#8217;aluminium sont \u00e9quip\u00e9s d&#8217;un rev\u00eatement antiadh\u00e9sif en marbre sans PFAS.<br \/>\n&#8211; La fonte d&#8217;aluminium est connue pour ses propri\u00e9t\u00e9s conductrices de chaleur, sa r\u00e9sistance et son ind\u00e9formabilit\u00e9<br \/>\n&#8211; Cet ustensile de cuisson est compatible tous feux y compris y compris l&#8217;induction<\/p>\n<h3 style=\"font-size: 125%; text-align: center;\">Conseil d&#8217;utilisation de la marmite Royalty Line<\/h3>\n<p style=\"text-align: justify;\">&#8211; Laver votre produit avant la premi\u00e8re utilisation avec du liquide vaisselle et une \u00e9ponge.<br \/>\n&#8211; Huilez l\u00e9g\u00e8rement l&#8217;int\u00e9rieur du produit \u00e0 l&#8217;aide d&#8217;un essuie tout imbib\u00e9 d&#8217;huile v\u00e9g\u00e9tale, lavez la et s\u00e9chez la. Cette op\u00e9ration prolongera la dur\u00e9e de vie du rev\u00eatement.<br \/>\n&#8211; N&#8217;utilisez jamais d&#8217;ustensiles en m\u00e9tal qui pourraient endommager le rev\u00eatement, pr\u00e9f\u00e9rez des ustensiles en bois ou en nylon.<\/p>","protected":false},"excerpt":{"rendered":"<ul style=\"font-size: 135%;\">\n<li>Brand: <strong>Royal Swiss<\/strong><\/li>\n<li>Composition:\n<ul style=\"font-size: 90%;\">\n<li>02 casseroles: <strong>\u00d840\u00d78.5 <\/strong>cm, <strong>9 <\/strong>L; <strong>\u00d832\u00d77.5 <\/strong>cm,<strong> 5 <\/strong>L;<\/li>\n<li>02 couvercles<\/li>\n<\/ul>\n<\/li>\n<li>Material: <strong>aluminium<\/strong><\/li>\n<li>Rev\u00eatement antiadh\u00e9rent: <strong>oui\u00a0<\/strong><\/li>\n<li>Compatibilit\u00e9 feu: <strong>gaz<\/strong>, <strong>induction<\/strong>, <strong>\u00e9lectrique<\/strong>, <strong>vitroc\u00e9ramique<\/strong><\/li>\n<\/ul>","protected":false},"featured_media":3979,"comment_status":"open","ping_status":"closed","template":"","meta":[],"product_brand":[],"product_cat":[27,43],"product_tag":[],"class_list":{"0":"post-3985","1":"product","2":"type-product","3":"status-publish","4":"has-post-thumbnail","6":"product_cat-cuisine-et-art-de-table","7":"product_cat-marmite-casserole","9":"first","10":"instock","11":"shipping-taxable","12":"purchasable","13":"product-type-simple"},"jetpack_sharing_enabled":true,"_links":{"self":[{"href":"https:\/\/myhappyhome.site\/en\/wp-json\/wp\/v2\/product\/3985","targetHints":{"allow":["GET"]}}],"collection":[{"href":"https:\/\/myhappyhome.site\/en\/wp-json\/wp\/v2\/product"}],"about":[{"href":"https:\/\/myhappyhome.site\/en\/wp-json\/wp\/v2\/types\/product"}],"replies":[{"embeddable":true,"href":"https:\/\/myhappyhome.site\/en\/wp-json\/wp\/v2\/comments?post=3985"}],"wp:featuredmedia":[{"embeddable":true,"href":"https:\/\/myhappyhome.site\/en\/wp-json\/wp\/v2\/media\/3979"}],"wp:attachment":[{"href":"https:\/\/myhappyhome.site\/en\/wp-json\/wp\/v2\/media?parent=3985"}],"wp:term":[{"taxonomy":"product_brand","embeddable":true,"href":"https:\/\/myhappyhome.site\/en\/wp-json\/wp\/v2\/product_brand?post=3985"},{"taxonomy":"product_cat","embeddable":true,"href":"https:\/\/myhappyhome.site\/en\/wp-json\/wp\/v2\/product_cat?post=3985"},{"taxonomy":"product_tag","embeddable":true,"href":"https:\/\/myhappyhome.site\/en\/wp-json\/wp\/v2\/product_tag?post=3985"}],"curies":[{"name":"wp","href":"https:\/\/api.w.org\/{rel}","templated":true}]}}