{"id":3994,"date":"2025-09-25T18:19:04","date_gmt":"2025-09-25T18:19:04","guid":{"rendered":"https:\/\/myhappyhome.site\/?post_type=product&#038;p=3994"},"modified":"2025-09-29T09:37:03","modified_gmt":"2025-09-29T09:37:03","slug":"royalty-line-rl-bs36m-rl-bs32m-rl-bs28m-bs40m-bs44m","status":"publish","type":"product","link":"https:\/\/myhappyhome.site\/en\/boutique\/cuisine-et-art-de-table\/marmite-casserole\/royalty-line-rl-bs36m-rl-bs32m-rl-bs28m-bs40m-bs44m\/","title":{"rendered":"Set de 05 casseroles ROYALTY LINE &#8211; RL-BS44M &#8211; RL-BS40M &#8211; RL-BS36M &#8211; RL-BS32M &#8211; RL-BS32M &#8211; conforme aux normes europ\u00e9ennes"},"content":{"rendered":"<h3 style=\"font-size: 125%; text-align: center;\">Caract\u00e9ristiques des casseroles Royalty Line avec antiadh\u00e9sif<\/h3>\n<p style=\"text-align: justify;\">&#8211; Ces produits en fonte d&#8217;aluminium sont \u00e9quip\u00e9s d&#8217;un rev\u00eatement antiadh\u00e9sif en marbre sans PFAS.<br \/>\n&#8211; La fonte d&#8217;aluminium est connue pour ses propri\u00e9t\u00e9s conductrices de chaleur, sa r\u00e9sistance et son ind\u00e9formabilit\u00e9<br \/>\n&#8211; Cet ustensile de cuisson est compatible tous feux y compris y compris l&#8217;induction<\/p>\n<h3 style=\"font-size: 125%; text-align: center;\">Conseil d&#8217;utilisation de la marmite Royalty Line<\/h3>\n<p style=\"text-align: justify;\">&#8211; Laver votre produit avant la premi\u00e8re utilisation avec du liquide vaisselle et une \u00e9ponge.<br \/>\n&#8211; Huilez l\u00e9g\u00e8rement l&#8217;int\u00e9rieur du produit \u00e0 l&#8217;aide d&#8217;un essuie tout imbib\u00e9 d&#8217;huile v\u00e9g\u00e9tale, lavez la et s\u00e9chez la. Cette op\u00e9ration prolongera la dur\u00e9e de vie du rev\u00eatement.<br \/>\n&#8211; N&#8217;utilisez jamais d&#8217;ustensiles en m\u00e9tal qui pourraient endommager le rev\u00eatement, pr\u00e9f\u00e9rez des ustensiles en bois ou en nylon.<\/p>","protected":false},"excerpt":{"rendered":"<ul style=\"font-size: 135%;\">\n<li>Brand: <strong>Royalty Line<\/strong><\/li>\n<li>Composition:\n<ul style=\"font-size: 90%;\">\n<li>05 casseroles:\u00a0 <strong>\u00d844\u00d718\u00a0<\/strong>cm, <strong>22\u00a0<\/strong>L <strong>\u00d840\u00d718<\/strong> cm, <strong>18.5<\/strong> L <strong>\u00d836\u00d716\u00a0<\/strong>cm, <strong>14\u00a0<\/strong>L <strong style=\"font-size: 90%;\">\u00d832\u00d713 <\/strong><span style=\"font-size: 90%;\">cm, <\/span><strong style=\"font-size: 90%;\">8.5\u00a0<\/strong><span style=\"font-size: 90%;\">L;<\/span> <strong style=\"font-size: 90%;\">\u00d828\u00d712 <\/strong><span style=\"font-size: 90%;\">cm,<\/span><strong style=\"font-size: 90%;\"> 5.5 <\/strong><span style=\"font-size: 90%;\">L;\u00a0<\/span><\/li>\n<li>05 couvercles<\/li>\n<\/ul>\n<\/li>\n<li>Material: <strong>aluminium<\/strong><\/li>\n<li>Rev\u00eatement antiadh\u00e9rent: <strong>oui\u00a0<\/strong><\/li>\n<li>Compatibilit\u00e9 feu: <strong>gaz<\/strong>, <strong>induction<\/strong>, <strong>\u00e9lectrique<\/strong>, <strong>vitroc\u00e9ramique<\/strong><\/li>\n<\/ul>","protected":false},"featured_media":4010,"comment_status":"open","ping_status":"closed","template":"","meta":[],"product_brand":[],"product_cat":[27,43],"product_tag":[],"class_list":{"0":"post-3994","1":"product","2":"type-product","3":"status-publish","4":"has-post-thumbnail","6":"product_cat-cuisine-et-art-de-table","7":"product_cat-marmite-casserole","9":"first","10":"instock","11":"shipping-taxable","12":"purchasable","13":"product-type-simple"},"jetpack_sharing_enabled":true,"_links":{"self":[{"href":"https:\/\/myhappyhome.site\/en\/wp-json\/wp\/v2\/product\/3994","targetHints":{"allow":["GET"]}}],"collection":[{"href":"https:\/\/myhappyhome.site\/en\/wp-json\/wp\/v2\/product"}],"about":[{"href":"https:\/\/myhappyhome.site\/en\/wp-json\/wp\/v2\/types\/product"}],"replies":[{"embeddable":true,"href":"https:\/\/myhappyhome.site\/en\/wp-json\/wp\/v2\/comments?post=3994"}],"wp:featuredmedia":[{"embeddable":true,"href":"https:\/\/myhappyhome.site\/en\/wp-json\/wp\/v2\/media\/4010"}],"wp:attachment":[{"href":"https:\/\/myhappyhome.site\/en\/wp-json\/wp\/v2\/media?parent=3994"}],"wp:term":[{"taxonomy":"product_brand","embeddable":true,"href":"https:\/\/myhappyhome.site\/en\/wp-json\/wp\/v2\/product_brand?post=3994"},{"taxonomy":"product_cat","embeddable":true,"href":"https:\/\/myhappyhome.site\/en\/wp-json\/wp\/v2\/product_cat?post=3994"},{"taxonomy":"product_tag","embeddable":true,"href":"https:\/\/myhappyhome.site\/en\/wp-json\/wp\/v2\/product_tag?post=3994"}],"curies":[{"name":"wp","href":"https:\/\/api.w.org\/{rel}","templated":true}]}}