{"id":4020,"date":"2025-10-07T08:33:18","date_gmt":"2025-10-07T08:33:18","guid":{"rendered":"https:\/\/myhappyhome.site\/?post_type=product&#038;p=4020"},"modified":"2026-02-02T01:12:55","modified_gmt":"2026-02-02T01:12:55","slug":"smart-tv-lg-43ur73006la","status":"publish","type":"product","link":"https:\/\/myhappyhome.site\/en\/boutique\/images-et-sons\/tv-et-moniteur\/smart-tv-lg-43ur73006la\/","title":{"rendered":"Smart Tv LG 43UR73006LA &#8211; 43 pouces &#8211; 4K UHD &#8211; conforme aux normes europ\u00e9ennes"},"content":{"rendered":"<h2 style=\"font-size: 110%; text-align: center;\"><strong>Sp\u00e9cification compl\u00e8te du LG 43UR73006LA<\/strong><\/h2>\n<p>Cin\u00e9ma : Profitez du maximum du streaming gr\u00e2ce aux nombreuses applications disponibles (Netflix, Canal+, Prime Video,\u2026)<\/p>\n<p>Gaming : Personnalisez vos r\u00e9glages en temps r\u00e9el gr\u00e2ce \u00e0 l&#8217;optimiseur de jeu et au tableau de bord<\/p>\n<p>Smart TV : Utilisez l&#8217;application LG ThinQ pour utiliser les commandes vocales LG ThinQ et Alexa.<\/p>\n<p>Smart TV : Ce t\u00e9l\u00e9viseur est compatible Google Home et Apple Home.<\/p>","protected":false},"excerpt":{"rendered":"<ul style=\"font-size: 135%;\">\n<li>Brand: <strong>LG<\/strong><\/li>\n<li>Model:<strong> 43UR73006LA<\/strong><\/li>\n<li>Taille d&#8217;\u00e9cran: <strong>\u00a043 <\/strong>pouces<\/li>\n<li>R\u00e9solution: <strong>3840\u00d72160 <\/strong>pixels<\/li>\n<li>Affichage: <strong>4k UHD<\/strong><\/li>\n<li>Audio: <strong>20 <\/strong>watts<\/li>\n<li>Connectivit\u00e9: <strong>Bluetooth, wifi, USB, HDMI, Optique, Ethernet\u00a0<\/strong><\/li>\n<li>Dimensions: <strong>97,5\u00d757,1\u00d724,9 <\/strong>cm<\/li>\n<li>Poids: <strong>9.1 <\/strong>kg<\/li>\n<\/ul>","protected":false},"featured_media":4023,"comment_status":"open","ping_status":"closed","template":"","meta":[],"product_brand":[],"product_cat":[16,48],"product_tag":[],"class_list":{"0":"post-4020","1":"product","2":"type-product","3":"status-publish","4":"has-post-thumbnail","6":"product_cat-images-et-sons","7":"product_cat-tv-et-moniteur","9":"first","10":"instock","11":"shipping-taxable","12":"purchasable","13":"product-type-simple"},"jetpack_sharing_enabled":true,"_links":{"self":[{"href":"https:\/\/myhappyhome.site\/en\/wp-json\/wp\/v2\/product\/4020","targetHints":{"allow":["GET"]}}],"collection":[{"href":"https:\/\/myhappyhome.site\/en\/wp-json\/wp\/v2\/product"}],"about":[{"href":"https:\/\/myhappyhome.site\/en\/wp-json\/wp\/v2\/types\/product"}],"replies":[{"embeddable":true,"href":"https:\/\/myhappyhome.site\/en\/wp-json\/wp\/v2\/comments?post=4020"}],"wp:featuredmedia":[{"embeddable":true,"href":"https:\/\/myhappyhome.site\/en\/wp-json\/wp\/v2\/media\/4023"}],"wp:attachment":[{"href":"https:\/\/myhappyhome.site\/en\/wp-json\/wp\/v2\/media?parent=4020"}],"wp:term":[{"taxonomy":"product_brand","embeddable":true,"href":"https:\/\/myhappyhome.site\/en\/wp-json\/wp\/v2\/product_brand?post=4020"},{"taxonomy":"product_cat","embeddable":true,"href":"https:\/\/myhappyhome.site\/en\/wp-json\/wp\/v2\/product_cat?post=4020"},{"taxonomy":"product_tag","embeddable":true,"href":"https:\/\/myhappyhome.site\/en\/wp-json\/wp\/v2\/product_tag?post=4020"}],"curies":[{"name":"wp","href":"https:\/\/api.w.org\/{rel}","templated":true}]}}