{"id":4030,"date":"2025-10-12T06:28:35","date_gmt":"2025-10-12T06:28:35","guid":{"rendered":"https:\/\/myhappyhome.site\/?post_type=product&#038;p=4030"},"modified":"2025-10-13T07:09:46","modified_gmt":"2025-10-13T07:09:46","slug":"mixeur-moulinex-superblender-lm207125","status":"publish","type":"product","link":"https:\/\/myhappyhome.site\/en\/boutique\/electromenager\/mixeurs-robots\/mixeur-moulinex-superblender-lm207125\/","title":{"rendered":"Mixeur Moulinex SuperBlender LM207125 &#8211; 700 watts &#8211; 3 bols &#8211; conforme aux normes europ\u00e9ennes"},"content":{"rendered":"<h3 style=\"font-size: 120%; text-align: center;\">PRODUCT DESCRIPTION<\/h3>\n<p style=\"text-align: justify; text-indent: 30px;\">Le mixeur Mixeur de cuisine SuperBlender avec broyeur et r\u00e2pe : Plus de 45 ans de savoir-faire fran\u00e7ais<\/p>\n<p style=\"text-align: justify; text-indent: 30px;\">Laissez le Moulinex SuperBlender et ses accessoires inclus s&#8217;occuper de toutes vos pr\u00e9parations et de tous vos ingr\u00e9dients: jus, smoothies, soupes, sauces et bien plus encore ! Dot\u00e9 de lames robustes en acier inoxydable et de notre mat\u00e9riau Zelkrom, ce blender de cuisine robuste est fabriqu\u00e9 en France et con\u00e7u pour durer. Son broyeur et sa r\u00e2pe en acier inoxydable sont robustes, faciles \u00e0 nettoyer et inodores : parfaits pour moudre noix, c\u00e9r\u00e9ales ou \u00e9pices, et r\u00e2per parmesan, chocolat ou noix de coco. Ses deux vitesses avec fonction pulse garantissent une texture parfaite \u00e0 chaque utilisation, tandis que ses quatre lames amovibles facilitent le nettoyage pour un gain de temps consid\u00e9rable. Pour couronner le tout, sa g\u00e9n\u00e9reuse capacit\u00e9 de 2 L, id\u00e9ale pour la famille et les amis, son puissant moteur de 700 W pour des r\u00e9sultats rapides et son gobelet doseur inclus pour doser facilement de petites quantit\u00e9s. R\u00e9parable pendant 10 ans, ce blender ne vous laissera pas tomber ! SuperBlender : votre expert en cuisine !<\/p>\n<p style=\"text-align: justify; text-indent: 30px;\">Plus de 45 ans d&#8217;expertise fran\u00e7aise<\/p>\n<p style=\"text-align: justify; text-indent: 30px;\">Grand pot en plastique (1,5L utile \/ 2L de capacit\u00e9 totale) et poign\u00e9e ergonomique.<\/p>","protected":false},"excerpt":{"rendered":"<ul style=\"font-size: 135%;\">\n<li>Brand: <b>MOULINEX<\/b><\/li>\n<li>Model: <strong>SuperBlender<\/strong><\/li>\n<li>R\u00e9f\u00e9rence:<strong> LM207125<\/strong><\/li>\n<li>Bol mixeur: <strong>03<\/strong><\/li>\n<li>Capacity: <strong>2<\/strong>\u00a0Liters<\/li>\n<li>Vitesse: <strong>01<\/strong><\/li>\n<li>Power: <strong>700<\/strong> watts<\/li>\n<li>Couleur: <strong>blanc<\/strong><\/li>\n<\/ul>","protected":false},"featured_media":4025,"comment_status":"open","ping_status":"closed","template":"","meta":[],"product_brand":[],"product_cat":[21,36],"product_tag":[],"class_list":{"0":"post-4030","1":"product","2":"type-product","3":"status-publish","4":"has-post-thumbnail","6":"product_cat-electromenager","7":"product_cat-mixeurs-robots","9":"first","10":"instock","11":"shipping-taxable","12":"purchasable","13":"product-type-simple"},"jetpack_sharing_enabled":true,"_links":{"self":[{"href":"https:\/\/myhappyhome.site\/en\/wp-json\/wp\/v2\/product\/4030","targetHints":{"allow":["GET"]}}],"collection":[{"href":"https:\/\/myhappyhome.site\/en\/wp-json\/wp\/v2\/product"}],"about":[{"href":"https:\/\/myhappyhome.site\/en\/wp-json\/wp\/v2\/types\/product"}],"replies":[{"embeddable":true,"href":"https:\/\/myhappyhome.site\/en\/wp-json\/wp\/v2\/comments?post=4030"}],"wp:featuredmedia":[{"embeddable":true,"href":"https:\/\/myhappyhome.site\/en\/wp-json\/wp\/v2\/media\/4025"}],"wp:attachment":[{"href":"https:\/\/myhappyhome.site\/en\/wp-json\/wp\/v2\/media?parent=4030"}],"wp:term":[{"taxonomy":"product_brand","embeddable":true,"href":"https:\/\/myhappyhome.site\/en\/wp-json\/wp\/v2\/product_brand?post=4030"},{"taxonomy":"product_cat","embeddable":true,"href":"https:\/\/myhappyhome.site\/en\/wp-json\/wp\/v2\/product_cat?post=4030"},{"taxonomy":"product_tag","embeddable":true,"href":"https:\/\/myhappyhome.site\/en\/wp-json\/wp\/v2\/product_tag?post=4030"}],"curies":[{"name":"wp","href":"https:\/\/api.w.org\/{rel}","templated":true}]}}