{"id":4361,"date":"2026-02-17T07:04:58","date_gmt":"2026-02-17T07:04:58","guid":{"rendered":"https:\/\/myhappyhome.site\/?post_type=product&#038;p=4361"},"modified":"2026-02-17T19:21:06","modified_gmt":"2026-02-17T19:21:06","slug":"cafetiere-a-capsules-nescafe-dolce-gusto-krups-piccolo-xs-yy5429fd","status":"publish","type":"product","link":"https:\/\/myhappyhome.site\/en\/boutique\/electromenager\/petit-dejeuner\/cafetiere-a-capsules-nescafe-dolce-gusto-krups-piccolo-xs-yy5429fd\/","title":{"rendered":"Cafeti\u00e8re \u00e0 Capsules Nescaf\u00e9 Dolce Gusto KRUPS Piccolo XS YY5429FD &#8211; 0.8 litre &#8211; conforme aux normes europ\u00e9ennes"},"content":{"rendered":"<h3 style=\"font-size: 120%; text-align: center;\">PRODUCT DESCRIPTION<\/h3>\n<p style=\"text-align: justify; font-size: 90%; text-indent: 50px;\">NESCAF\u00c9 Dolce Gusto pr\u00e9sente Genio S Touch, la machine la plus innovante de la gamme GENIO S dot\u00e9e de la technologie tactile et d&#8217;une taille ultra compacte.<\/p>\n<p style=\"text-align: justify; font-size: 90%; text-indent: 50px;\">Toutes les fonctionnalit\u00e9s d&#8217;une machine \u00e0 caf\u00e9 de qualit\u00e9, dans un design tout nouveau : avec une simple pression, vous pouvez pr\u00e9parer vos boissons pr\u00e9f\u00e9r\u00e9es et les adapter \u00e0 votre go\u00fbt.<\/p>\n<p style=\"text-align: justify; font-size: 90%; text-indent: 50px;\"><strong>Expresso Boost<\/strong>: avec le mode Expresso Boost une pr\u00e9-perfusion \u00e0 l&#8217;int\u00e9rieur de la capsule, vous obtiendrez un caf\u00e9 intense en tasse courte \u00e0 une extraction concentr\u00e9e.<\/p>\n<p style=\"text-align: justify; font-size: 90%; text-indent: 50px;\"><strong>Fonction \u00e9cran tactile<\/strong>: vous pouvez choisir de faire les choses en grand. Gr\u00e2ce \u00e0 la fonction XL, vous pouvez obtenir la version extra large de votre boisson pr\u00e9f\u00e9r\u00e9e.<\/p>\n<p style=\"text-align: justify; font-size: 90%; text-indent: 50px;\"><strong>Quatre niveaux de temp\u00e9rature<\/strong>: La nouvelle fonctionnalit\u00e9 rend la pr\u00e9paration de vos boissons encore plus facile, intuitive et agr\u00e9able.<\/p>\n<p style=\"text-align: justify; font-size: 90%; text-indent: 50px;\"><strong>Grains de haute qualit\u00e9<\/strong>: savourez plus de 30 cr\u00e9ations de caf\u00e9 de haute qualit\u00e9 : de la gamme de caf\u00e9 intenses express et volumineux Caff\u00e8 Lunghi, en passant par les chapercins.<\/p>\n<p style=\"text-align: justify; font-size: 90%; text-indent: 50px;\"><strong>Grand choix de boissons<\/strong>: Votre Genio S Plus est si polyvalent qu&#8217;il vous permet de pr\u00e9parer facilement une grande vari\u00e9t\u00e9 de boissons, aussi bien chaudes que froides.<\/p>\n<p style=\"text-align: justify; font-size: 90%; text-indent: 50px;\"><strong>Capsule Smart<\/strong>: avec nos capsules herm\u00e9tiquement scell\u00e9es qui conservent la fra\u00eecheur de votre caf\u00e9, vous pourrez d\u00e9guster chaque fois le riche ar\u00f4me d\u00e9gag\u00e9 dans votre tasse.<\/p>","protected":false},"excerpt":{"rendered":"<ul style=\"font-size: 135%;\">\n<li>Brand: <strong>KRUPS<\/strong><\/li>\n<li>Model: <strong>Genio\u00a0<\/strong><\/li>\n<li>Capacity: <strong>0.8<\/strong> litre<\/li>\n<li>Power: <strong>1500<\/strong> watts<\/li>\n<li>Repose tasse amovible<\/li>\n<li>Temps de pr\u00e9paration d&#8217;une tasse: \u00a0seconde<\/li>\n<li>Dimensions: <strong>50\u00d750\u00d728<\/strong>\u00a0cm<\/li>\n<li>Couleur: <strong>argent<\/strong><\/li>\n<\/ul>","protected":false},"featured_media":4372,"comment_status":"open","ping_status":"closed","template":"","meta":[],"product_brand":[],"product_cat":[21,37],"product_tag":[],"class_list":{"0":"post-4361","1":"product","2":"type-product","3":"status-publish","4":"has-post-thumbnail","6":"product_cat-electromenager","7":"product_cat-petit-dejeuner","9":"first","10":"instock","11":"shipping-taxable","12":"product-type-simple"},"jetpack_sharing_enabled":true,"_links":{"self":[{"href":"https:\/\/myhappyhome.site\/en\/wp-json\/wp\/v2\/product\/4361","targetHints":{"allow":["GET"]}}],"collection":[{"href":"https:\/\/myhappyhome.site\/en\/wp-json\/wp\/v2\/product"}],"about":[{"href":"https:\/\/myhappyhome.site\/en\/wp-json\/wp\/v2\/types\/product"}],"replies":[{"embeddable":true,"href":"https:\/\/myhappyhome.site\/en\/wp-json\/wp\/v2\/comments?post=4361"}],"wp:featuredmedia":[{"embeddable":true,"href":"https:\/\/myhappyhome.site\/en\/wp-json\/wp\/v2\/media\/4372"}],"wp:attachment":[{"href":"https:\/\/myhappyhome.site\/en\/wp-json\/wp\/v2\/media?parent=4361"}],"wp:term":[{"taxonomy":"product_brand","embeddable":true,"href":"https:\/\/myhappyhome.site\/en\/wp-json\/wp\/v2\/product_brand?post=4361"},{"taxonomy":"product_cat","embeddable":true,"href":"https:\/\/myhappyhome.site\/en\/wp-json\/wp\/v2\/product_cat?post=4361"},{"taxonomy":"product_tag","embeddable":true,"href":"https:\/\/myhappyhome.site\/en\/wp-json\/wp\/v2\/product_tag?post=4361"}],"curies":[{"name":"wp","href":"https:\/\/api.w.org\/{rel}","templated":true}]}}