{"id":659,"date":"2025-03-25T07:15:20","date_gmt":"2025-03-25T07:15:20","guid":{"rendered":"https:\/\/myhappyhome.site\/?post_type=product&#038;p=659"},"modified":"2025-09-10T05:32:58","modified_gmt":"2025-09-10T05:32:58","slug":"mixeur-royal-swiss-1000-watts-2","status":"publish","type":"product","link":"https:\/\/myhappyhome.site\/en\/boutique\/electromenager\/mixeurs-robots\/mixeur-royal-swiss-1000-watts-2\/","title":{"rendered":"Royal Swiss Blender \u2013 1000 watts \u2013 cool and dry \u2013 meets European standards."},"content":{"rendered":"<h3 style=\"font-size: 120%; text-align: center;\">PRODUCT DESCRIPTION<\/h3>\n<p style=\"text-align: justify; font-size: 90%; text-indent: 30px;\"><strong>Mixeur Royal Swiss <\/strong>1.5L &#8211; 1000w est d&#8217;un accessoire pr\u00e9cieuse pour la cuisine du quotidien ! En un rien de temps, vous pouvez mixer des pur\u00e9es, hacher des plantes aromatiques.<br \/>\nLes lames en acier inoxydable.<br \/>\nLe <strong>couvercle anti-\u00e9claboussures<\/strong> et la possibilit\u00e9 d&#8217;ajouter des ingr\u00e9dients lors du m\u00e9lange garantissent que la pr\u00e9paration est aussi parfaite que vous \u00eates.<br \/>\n<strong>Compact et pratique<\/strong>, ce mixeur peut \u00eatre branch\u00e9 partout o\u00f9 vous trouvez le confort. Ce mixeur vous garantie une satisfaction absolue du produit.<\/p>","protected":false},"excerpt":{"rendered":"<ul style=\"font-size: 135%;\">\n<li>Brand: <strong>ROYAL SWISS<\/strong><\/li>\n<li>Mod\u00e8le:&#8230;<\/li>\n<li>Bol mixeur: <strong>02 <\/strong>(frais+sec)<\/li>\n<li>Vitesse: <strong>04 + pulse<\/strong><\/li>\n<li>Appropri\u00e9 pour: <strong>hacher<\/strong>, <strong>battre<\/strong>, <strong>trembler<\/strong>, <strong>m\u00e9langer<\/strong>, <strong>purifier<\/strong><\/li>\n<li>Power: <strong>1000<\/strong> watts<\/li>\n<li>Alimentation: <strong>220-240<\/strong>v , <strong>50<\/strong>hz<\/li>\n<li>Couleur: <strong>blanc+bleu<\/strong><\/li>\n<\/ul>","protected":false},"featured_media":3592,"comment_status":"open","ping_status":"closed","template":"","meta":[],"product_brand":[],"product_cat":[36],"product_tag":[],"class_list":{"0":"post-659","1":"product","2":"type-product","3":"status-publish","4":"has-post-thumbnail","6":"product_cat-mixeurs-robots","8":"first","9":"instock","10":"shipping-taxable","11":"purchasable","12":"product-type-simple"},"jetpack_sharing_enabled":true,"_links":{"self":[{"href":"https:\/\/myhappyhome.site\/en\/wp-json\/wp\/v2\/product\/659","targetHints":{"allow":["GET"]}}],"collection":[{"href":"https:\/\/myhappyhome.site\/en\/wp-json\/wp\/v2\/product"}],"about":[{"href":"https:\/\/myhappyhome.site\/en\/wp-json\/wp\/v2\/types\/product"}],"replies":[{"embeddable":true,"href":"https:\/\/myhappyhome.site\/en\/wp-json\/wp\/v2\/comments?post=659"}],"wp:featuredmedia":[{"embeddable":true,"href":"https:\/\/myhappyhome.site\/en\/wp-json\/wp\/v2\/media\/3592"}],"wp:attachment":[{"href":"https:\/\/myhappyhome.site\/en\/wp-json\/wp\/v2\/media?parent=659"}],"wp:term":[{"taxonomy":"product_brand","embeddable":true,"href":"https:\/\/myhappyhome.site\/en\/wp-json\/wp\/v2\/product_brand?post=659"},{"taxonomy":"product_cat","embeddable":true,"href":"https:\/\/myhappyhome.site\/en\/wp-json\/wp\/v2\/product_cat?post=659"},{"taxonomy":"product_tag","embeddable":true,"href":"https:\/\/myhappyhome.site\/en\/wp-json\/wp\/v2\/product_tag?post=659"}],"curies":[{"name":"wp","href":"https:\/\/api.w.org\/{rel}","templated":true}]}}